{"id":110,"date":"2013-12-19T13:22:28","date_gmt":"2013-12-19T13:22:28","guid":{"rendered":"http:\/\/uenf.br\/cbb\/lbt\/?page_id=110"},"modified":"2020-03-10T17:28:32","modified_gmt":"2020-03-10T17:28:32","slug":"corpo-tecnico","status":"publish","type":"page","link":"https:\/\/uenf.br\/cbb\/lbt\/corpo-tecnico\/","title":{"rendered":"Corpo T\u00e9cnico"},"content":{"rendered":"<p><span style=\"color: #000000;font-size: small\"><span style=\"color: #cc0000;font-size: small\">\u00bb\u00a0<\/span><span style=\"color: #000099;font-size: small\"><b>Dr. Ad\u00e3o Valmir dos Santos\u00a0<\/b><\/span>&#8211; T\u00e9cnico de N\u00edvel Superior (Bi\u00f3logo). Doutorado em Produ\u00e7\u00e3o Vegetal, \u00c1rea de Fitossanidade, UENF(2003).\u00a0<a href=\"http:\/\/lattes.cnpq.br\/9219701695186978\" target=\"_blank\" rel=\"noopener noreferrer\"><b><span style=\"color: #00125c\">Curr\u00edculo Lattes<\/span><\/b><\/a>\u00a0&#8211;\u00a0<a href=\"mailto:avalsantos@gmail.com\"><span style=\"color: #000099;font-size: small\">avalsantos@gmail.com\u00a0<\/span><\/a><\/span><\/p>\n<p><span style=\"color: #000000;font-size: small\"><span style=\"color: #cc0000;font-size: small\">\u00bb <\/span><span style=\"color: #000099;font-size: small\"><b> Frederico de Carvalho <\/b><\/span>&#8211; T\u00e9cnico de N\u00edvel Superior (Bi\u00f3logo). <\/span> &#8211; <a href=\"mailto:Frederico_Carvalho@hotmail.com\"><span style=\"color: #000099;font-size: small\"> Frederico_Carvalho@hotmail.com<\/span><\/a><\/p>\n<p><span style=\"color: #000000;font-size: small\"><span style=\"color: #cc0000;font-size: small\">\u00bb\u00a0<\/span><span style=\"color: #000099;font-size: small\"><b>R\u00edvea Cristina Cust\u00f3dio Rodrigues\u00a0<\/b><\/span>&#8211; T\u00e9cnica de N\u00edvel M\u00e9dio (Biotecnologia). T\u00e9cnica em qu\u00edmica, ETFC. &#8211;<a href=\"mailto:rivea@uenf.br\"><span style=\"color: #000099;font-size: small\">rivea@uenf.br\u00a0<\/span><\/a><br \/>\n<\/span><br \/>\n<span style=\"color: #000000;font-size: small\"><span style=\"color: #cc0000;font-size: small\">\u00bb\u00a0<\/span><span style=\"color: #000099;font-size: small\"><b>Telma Ferreira Costa\u00a0<\/b><\/span>&#8211; T\u00e9cnica de N\u00edvel M\u00e9dio (Qu\u00edmica). T\u00e9cnica em Qu\u00edmica, CEFETEQ. &#8211;\u00a0<a href=\"mailto:telma@uenf.br\"><span style=\"color: #000099;font-size: small\">telma@uenf.br<br \/>\n<\/span><\/a><\/span><br \/>\n<span style=\"color: #000000;font-size: small\"><span style=\"color: #cc0000;font-size: small\">\u00bb\u00a0<\/span><span style=\"color: #000099;font-size: small\"><b>Zila Sousa de Macedo\u00a0<\/b><\/span>&#8211; T\u00e9cnica de N\u00edvel M\u00e9dio (Patologia Cl\u00ednica).<br \/>\n<span style=\"color: #000000;font-size: small\"><span style=\"color: #cc0000;font-size: small\"><br \/>\n\u00bb\u00a0<\/span><span style=\"color: #000099;font-size: small\"><b>Patr\u00edcia Santos Barreto Cez\u00e1rio\u00a0<\/b><\/span>&#8211; Auxiliar T\u00e9cnico Administrativo (Secretaria).<\/span><\/span><\/p>\n<p><span style=\"color: #000000;font-size: small\"><br \/>\n<span style=\"color: #000000;font-size: small\"><span style=\"color: #cc0000;font-size: small\">\u00bb\u00a0<\/span><span style=\"color: #000099;font-size: small\"><b>Carlos Eduardo Rosa dos Santos\u00a0<\/b><\/span>&#8211; Auxiliar de Servi\u00e7os Gerais.<\/span><\/span><\/p>\n<p><span style=\"color: #000000;font-size: small\"><span style=\"color: #cc0000;font-size: small\"><br \/>\n\u00bb\u00a0<\/span><span style=\"color: #000099;font-size: small\"><b>Paulo Roberto Siqueira Dias\u00a0<\/b><\/span>&#8211; Auxiliar de Servi\u00e7os Gerais.<\/span><\/p>\n","protected":false},"excerpt":{"rendered":"<p>\u00bb\u00a0Dr. Ad\u00e3o Valmir dos Santos\u00a0&#8211; T\u00e9cnico de N\u00edvel Superior (Bi\u00f3logo). Doutorado em Produ\u00e7\u00e3o Vegetal, \u00c1rea de Fitossanidade, UENF(2003).\u00a0Curr\u00edculo Lattes\u00a0&#8211;\u00a0avalsantos@gmail.com\u00a0 \u00bb&#8230;<\/p>\n","protected":false},"author":12,"featured_media":0,"parent":0,"menu_order":4,"comment_status":"open","ping_status":"open","template":"","meta":{"footnotes":""},"class_list":["post-110","page","type-page","status-publish","hentry"],"_links":{"self":[{"href":"https:\/\/uenf.br\/cbb\/lbt\/wp-json\/wp\/v2\/pages\/110","targetHints":{"allow":["GET"]}}],"collection":[{"href":"https:\/\/uenf.br\/cbb\/lbt\/wp-json\/wp\/v2\/pages"}],"about":[{"href":"https:\/\/uenf.br\/cbb\/lbt\/wp-json\/wp\/v2\/types\/page"}],"author":[{"embeddable":true,"href":"https:\/\/uenf.br\/cbb\/lbt\/wp-json\/wp\/v2\/users\/12"}],"replies":[{"embeddable":true,"href":"https:\/\/uenf.br\/cbb\/lbt\/wp-json\/wp\/v2\/comments?post=110"}],"version-history":[{"count":0,"href":"https:\/\/uenf.br\/cbb\/lbt\/wp-json\/wp\/v2\/pages\/110\/revisions"}],"wp:attachment":[{"href":"https:\/\/uenf.br\/cbb\/lbt\/wp-json\/wp\/v2\/media?parent=110"}],"curies":[{"name":"wp","href":"https:\/\/api.w.org\/{rel}","templated":true}]}}