{"id":34,"date":"2013-12-18T16:26:39","date_gmt":"2013-12-18T16:26:39","guid":{"rendered":"http:\/\/uenf.br\/cbb\/lbt\/?page_id=34"},"modified":"2025-05-13T21:20:08","modified_gmt":"2025-05-13T21:20:08","slug":"corpo-docente","status":"publish","type":"page","link":"https:\/\/uenf.br\/cbb\/lbt\/corpo-docente\/","title":{"rendered":"Corpo docente"},"content":{"rendered":"<p>\u00bb\u00a0<b><span style=\"color: #000080;font-family: Verdana, Arial;font-size: small\">Dr. \u00c1lvaro Fabr\u00edcio Lopes Rios\u00a0<\/span><\/b><span style=\"font-family: Verdana, Arial;font-size: small\">&#8211; Doutorado em Ci\u00eancias Biol\u00f3gicas (Gen\u00e9tica). Departamento de Gen\u00e9tica; FMRP-USP, 2007.\u00a0<\/span><a href=\"http:\/\/lattes.cnpq.br\/0271668375558319\" target=\"_blank\" rel=\"noopener\"><b><span style=\"font-family: Verdana, Arial;font-size: small\">Curr\u00edculo Lattes<\/span><\/b><\/a><span style=\"font-family: Verdana, Arial;font-size: small\">\u00a0&#8211;<\/span><a href=\"mailto:aflrios@uenf.br\"><span style=\"color: #000080;font-family: Verdana, Arial;font-size: small\">aflrios@uenf.br<\/span><\/a><\/p>\n<p>\u00bb\u00a0<b><span style=\"color: #000080;font-family: Verdana, Arial;font-size: small\">Dra. Ana Beatriz Garcia\u00a0<\/span><\/b><span style=\"font-family: Verdana, Arial;font-size: small\">&#8211; Doutorado em\u00a0Biologia Molecular e Engenharia Gen\u00e9tica de Plantas, Universidade GENT (B\u00e9lgica), 1993.\u00a0<\/span><a href=\"http:\/\/lattes.cnpq.br\/0643074522734254\" target=\"_blank\" rel=\"noopener\"><b><span style=\"font-family: Verdana, Arial;font-size: small\">Curr\u00edculo Lattes<\/span><\/b><\/a><span style=\"font-family: Verdana, Arial;font-size: small\">\u00a0&#8211;<\/span><a href=\"mailto:abgarcia@uenf.br\"><span style=\"color: #000080;font-family: Verdana, Arial;font-size: small\">abgarcia@uenf.br<\/span><\/a><\/p>\n<p><span style=\"color: #000000;font-size: small\"><span style=\"color: #cc0000;font-size: small\">\u00bb\u00a0<\/span><span style=\"color: #000099;font-size: small\"><b>Dr. Enrique Medina-Acosta\u00a0<\/b><\/span>\u00a0&#8211; Ph.D. em\u00a0Parasitologia M\u00e9dica e Molecular, Universidade de New York (USA), 1990.\u00a0<a href=\"http:\/\/lattes.cnpq.br\/0494533350878531\" target=\"_blank\" rel=\"noopener\"><b>Curr\u00edculo Lattes &#8211;<\/b><\/a>\u00a0<a href=\"http:\/\/www.medina-acosta.com\/\" target=\"_blank\" rel=\"noopener\"><b>My home page<\/b><\/a>\u00a0&#8211;\u00a0<a href=\"mailto:quique@uenf.br\"><span style=\"color: #000099;font-size: small\">quique@uenf.br<\/span><\/a><\/span><\/p>\n<p><span style=\"color: #000000;font-size: small\"><span style=\"color: #cc0000;font-size: small\">\u00bb\u00a0<\/span><span style=\"color: #000099;font-size: small\"><b>Dr. Francisco Jos\u00e9 Alves Lemos\u00a0<\/b><\/span>&#8211; Doutorado em\u00a0Bioqu\u00edmica, USP, 1992.\u00a0<a title=\"Lattes\" href=\"http:\/\/lattes.cnpq.br\/1269034029526621\" target=\"_blank\" rel=\"noopener\"><b>Curr\u00edculo Lattes<\/b><\/a>\u00a0&#8211;<span style=\"color: #000099;font-size: small\">franze@uenf.br<br \/>\n<a href=\"mailto:franze@uenf.br\"><br \/>\n<\/a><\/span><\/span><span style=\"color: #000000;font-size: small\"><span style=\"color: #cc0000;font-size: small\">\u00bb\u00a0<\/span><span style=\"color: #000099;font-size: small\"><b>Dr. Gon\u00e7alo Apolin\u00e1rio de Souza Filho\u00a0<\/b><\/span>&#8211; Doutorado em Bioci\u00eancias e Biotecnologia (Engenharia Gen\u00e9tica), UENF, 1998.\u00a0<a href=\"http:\/\/lattes.cnpq.br\/7935607913760531\" target=\"_blank\" rel=\"noopener\"><b>Curr\u00edculo Lattes<\/b><\/a>\u00a0&#8211;\u00a0<a href=\"mailto:goncalos@uenf.br\"><span style=\"color: #000099;font-size: small\">goncalos@uenf.br<\/span><\/a><\/span><\/p>\n<p><span style=\"color: #000000;font-size: small\"><span style=\"color: #cc0000;font-size: small\">\u00bb\u00a0<\/span><span style=\"color: #000099;font-size: small\"><b>Dra. Mar\u00edlia Amorim Berbert de Molina\u00a0<\/b><\/span>&#8211; Doutorado em\u00a0Tecnologia Bioqu\u00edmico-Farmac\u00eautica\/ Tecnologia de Fermenta\u00e7\u00f5es, USP, 1998.\u00a0<a href=\"http:\/\/lattes.cnpq.br\/5416779079510827\" target=\"_blank\" rel=\"noopener\"><b>Curr\u00edculo Lattes<\/b><\/a>\u00a0&#8211;\u00a0<a href=\"mailto:mberbert@uenf.br\"><span style=\"color: #000099;font-size: small\">mberbert@uenf.br<\/span><\/a><\/span><\/p>\n<p><span style=\"color: #000000;font-size: small\"><span style=\"color: #cc0000;font-size: small\">\u00bb\u00a0<\/span><span style=\"color: #000099;font-size: small\"><b>Dra. T\u00e2nia Jacinto Freitas da Silva\u00a0<\/b><\/span>&#8211; Doutorado em\u00a0Bioqu\u00edmica e Biologia Molecular Vegetal, UFRJ, 1995.\u00a0<a href=\"http:\/\/lattes.cnpq.br\/1925768768544149\" target=\"_blank\" rel=\"noopener\"><b>Curr\u00edculo Lattes<\/b><\/a>\u00a0&#8211;\u00a0<a href=\"mailto:tania@uenf.br\"><span style=\"color: #000099;font-size: small\">tania@uenf.br<\/span><\/a><\/span><\/p>\n<p>\u00bb\u00a0<b><span style=\"color: #000080;font-family: Verdana, Arial;font-size: small\">Dr. Vanildo Silveira\u00a0<\/span><\/b><span style=\"font-family: Verdana, Arial;font-size: small\">&#8211; Doutorado em Biotecnologia, Universidade de S\u00e3o Paulo, USP, 2004.\u00a0<\/span><a href=\"http:\/\/lattes.cnpq.br\/5487343211549907\" target=\"_blank\" rel=\"noopener\"><b><span style=\"font-family: Verdana, Arial;font-size: small\">Curr\u00edculo Lattes<\/span><\/b><\/a>\u00a0&#8211;\u00a0<a href=\"mailto:vanildo@uenf.br\"><span style=\"color: #000080;font-family: Verdana, Arial;font-size: small\">vanildo@uenf.br<\/span><\/a><\/p>\n<p><span style=\"color: #000000;font-size: small\"><span style=\"color: #cc0000;font-size: small\">\u00bb\u00a0<\/span><span style=\"color: #000099;font-size: small\"><b>Dr. Victor Martin Quintana Flores\u00a0<\/b><\/span>&#8211;\u00a0Doutorado em Bioci\u00eancias e Biotecnologia (Engenharia Gen\u00e9tica), UENF, 2001.\u00a0<a href=\"http:\/\/lattes.cnpq.br\/1465937663690531\" target=\"_blank\" rel=\"noopener\"><b>Curr\u00edculo Lattes<\/b><\/a>\u00a0&#8211;\u00a0<a href=\"mailto:martin@uenf.br\"><span style=\"color: #000099;font-size: small\">martin@uenf.br<\/span><\/a><\/span><\/p>\n","protected":false},"excerpt":{"rendered":"<p>\u00bb\u00a0Dr. \u00c1lvaro Fabr\u00edcio Lopes Rios\u00a0&#8211; Doutorado em Ci\u00eancias Biol\u00f3gicas (Gen\u00e9tica). Departamento de Gen\u00e9tica; FMRP-USP, 2007.\u00a0Curr\u00edculo Lattes\u00a0&#8211;aflrios@uenf.br \u00bb\u00a0Dra. Ana Beatriz Garcia\u00a0&#8211;&#8230;<\/p>\n","protected":false},"author":12,"featured_media":0,"parent":0,"menu_order":3,"comment_status":"open","ping_status":"open","template":"","meta":{"footnotes":""},"class_list":["post-34","page","type-page","status-publish","hentry"],"_links":{"self":[{"href":"https:\/\/uenf.br\/cbb\/lbt\/wp-json\/wp\/v2\/pages\/34","targetHints":{"allow":["GET"]}}],"collection":[{"href":"https:\/\/uenf.br\/cbb\/lbt\/wp-json\/wp\/v2\/pages"}],"about":[{"href":"https:\/\/uenf.br\/cbb\/lbt\/wp-json\/wp\/v2\/types\/page"}],"author":[{"embeddable":true,"href":"https:\/\/uenf.br\/cbb\/lbt\/wp-json\/wp\/v2\/users\/12"}],"replies":[{"embeddable":true,"href":"https:\/\/uenf.br\/cbb\/lbt\/wp-json\/wp\/v2\/comments?post=34"}],"version-history":[{"count":0,"href":"https:\/\/uenf.br\/cbb\/lbt\/wp-json\/wp\/v2\/pages\/34\/revisions"}],"wp:attachment":[{"href":"https:\/\/uenf.br\/cbb\/lbt\/wp-json\/wp\/v2\/media?parent=34"}],"curies":[{"name":"wp","href":"https:\/\/api.w.org\/{rel}","templated":true}]}}