{"id":48,"date":"2013-12-18T17:00:46","date_gmt":"2013-12-18T17:00:46","guid":{"rendered":"http:\/\/uenf.br\/cbb\/lbt\/?page_id=48"},"modified":"2013-12-18T17:08:10","modified_gmt":"2013-12-18T17:08:10","slug":"dissertacoes-de-mestrado","status":"publish","type":"page","link":"https:\/\/uenf.br\/cbb\/lbt\/dissertacoes-de-mestrado\/","title":{"rendered":"Disserta\u00e7\u00f5es de Mestrado"},"content":{"rendered":"<p><strong>25.<br \/>\nT\u00edtulo: Clonagem e express\u00e3o em\u00a0<em>Escherichia coli<\/em>\u00a0da prote\u00edna matura e da por\u00e7\u00e3o NH<sub>2<\/sub>-termina da toxina-1 da s\u00edndrome do choque t\u00f3xico, TSST-1, de\u00a0<em>Staphylococcus aureus<\/em>\u00a0de origem bubalina.<br \/>\n<\/strong>Autor: Fabiano Costa Santiliano<br \/>\nOrientador: Dr. Enrique Medina-Acosta<br \/>\nData da defesa: 28\/09\/2007<\/p>\n<p><strong>24.<br \/>\nT\u00edtulo: Controle de flora\u00e7\u00f5es de cianobact\u00e9rias t\u00f3xicas &#8211; busca por auto-inibidores de crescimento em<em>Microcystis<\/em>.<br \/>\n<\/strong>Autor:\u00a0Diogo de Abreu Meireles<br \/>\nOrientadora: Denise Saraiva Dagnino<br \/>\nData da defesa: 24\/05\/2006<br \/>\n<strong>Resumo:<\/strong><br \/>\nA ocorr\u00eancia de flora\u00e7\u00f5es de cianobact\u00e9rias em corpos d\u00b4\u00e1gua vem aumentando em todo o mundo nos \u00faltimos anos. Essas flora\u00e7\u00f5es geralmente s\u00e3o t\u00f3xicas e por isso, geram s\u00e9rios riscos de intoxica\u00e7\u00e3o \u00e0 popula\u00e7\u00e3o humana. O objetivo deste trabalho foi detectar a produ\u00e7\u00e3o de auto-inibidores de crescimento em Microcystis PCC 7806. O cultivo de Microcystis por longos per\u00edodos de tempo em meio ASM-1 l\u00edquido leva ao aparecimento de dois fen\u00f3tipos distintos: um durante a fase de multiplica\u00e7\u00e3o celular onde a cultura \u00e9 verde e outro na fase estacion\u00e1ria onde a cultura torna-se clor\u00f3tica (sem pigmentos). O espectro vis\u00edvel dessas culturas clor\u00f3ticas mostrou a redu\u00e7\u00e3o da concentra\u00e7\u00e3o de clorofila a. A compara\u00e7\u00e3o do perfil metab\u00f3lico, conte\u00fado de glicog\u00eanio e da ultraestrutura entre as c\u00e9lulas verdes e clor\u00f3ticas revelou v\u00e1rias diferen\u00e7as. As culturas clor\u00f3ticas permanecem vi\u00e1veis e voltam a adquirir o tom verde caracter\u00edstico da cultura em fase de crescimento, quando inoculadas em meio repleto de nutrientes. Um sinal extra-celular foi detectado no meio de cultura (meio condicionado) das c\u00e9lulas clor\u00f3ticas: quando o meio condicionado de c\u00e9lulas clor\u00f3ticas \u00e9 adicionado a culturas verdes em fase de crescimento, a multiplica\u00e7\u00e3o das c\u00e9lulas dessa cultura \u00e9 drasticamente reduzida quando comparada \u00e0 multiplica\u00e7\u00e3o em culturas controle (onde foram adicionados ou \u00e1gua ou meio novo ao inv\u00e9s de meio condicionado). A inibi\u00e7\u00e3o da multiplica\u00e7\u00e3o com a adi\u00e7\u00e3o de meio condicionado foi observada em culturas em qualquer fase de crescimento. Esses efeitos n\u00e3o s\u00e3o espec\u00edficos para a cepa, mas parecem ser, no m\u00ednimo espec\u00edficos para o g\u00eanero j\u00e1 que outras cepas de Microcystis respondem da mesma maneira ao tratamento com o meio condicionado e outros g\u00eaneros testados (Synechocystis e Synechococcus) n\u00e3o tiveram seu crescimento alterado ap\u00f3s a adi\u00e7\u00e3o deste meio. A investiga\u00e7\u00e3o do mecanismo de inibi\u00e7\u00e3o da multiplica\u00e7\u00e3o celular revelou que as culturas tratadas com o meio condicionado adquirem tamb\u00e9m um aspecto clor\u00f3tico, com a concentra\u00e7\u00e3o de pigmentos similar ao encontrado em culturas clor\u00f3ticas. A observa\u00e7\u00e3o da ultra-estrutura das c\u00e9lulas tratadas demonstrou que o meio condicionado induz a desorganiza\u00e7\u00e3o dos tilac\u00f3ides. Um extrato ativo foi obtido e experimentos mostraram que a sua atividade n\u00e3o \u00e9 alterada ap\u00f3s fervura ou adi\u00e7\u00e3o de solventes. Estes fatos indicam que o (s) fator (es) encontrado (s) no meio condicionado de c\u00e9lulas clor\u00f3ticas se trata de um composto n\u00e3o-proteico e apolar.<\/p>\n<p><strong>23.<br \/>\nT\u00edtulo: O v\u00edrus do mosaico do feij\u00e3o-de-corda como vetor de express\u00e3o transiente da prote\u00edna EspB, subunidade formadora do poro do sistema de transloca\u00e7\u00e3o tipo III de EPEC, em plantas via agroinfiltra\u00e7\u00e3o.<br \/>\n<\/strong>Autora: Gabriela Gomes Pessanha Gesualdi Mesquita<br \/>\nOrientador: Enrique Medina-Acosta<br \/>\nData da defesa: 29\/03\/2006<\/p>\n<p><strong>22.<br \/>\nT\u00edtulo: Preval\u00eancia da infec\u00e7\u00e3o pelo HIV no Centro de Testagem e Aconselhamento de Campos e transmiss\u00e3o materno-infantil do HIV no munic\u00edpio de Campos dos Goytacazes, Rio de Janeiro.<br \/>\n<\/strong>Autora: Luciana Cordeiro de Ara\u00fajo<br \/>\nOrientador: Enrique Medina-Acosta<br \/>\nData da defesa: 2006<\/p>\n<p><strong>21.<br \/>\nT\u00edtulo: Imunolocaliza\u00e7\u00e3o da Cistatina de Tomate na L\u00e2mina Foliar e Caracteriza\u00e7\u00e3o Parcial de sua Atividade Biopesticida.<\/strong><br \/>\nAutora: H\u00e9rika Chagas Madureira<br \/>\nOrientador: Tania Jacinto Freitas da Silva<br \/>\nData da defesa: 2005<\/p>\n<p>20b.<br \/>\n<strong>T\u00edtulo:\u00a0Efeito da salinidade sobre efici\u00eancia fotoqu\u00edmica e peroxida\u00e7\u00e3o de lip\u00eddeos em cana-de-a\u00e7\u00facar e estudo da express\u00e3o de genes cloroplast\u00eddicos de prote\u00ednas componentes do fotossistema II.<br \/>\n<\/strong>Autora: Janice Maria Ribeiro Dias<br \/>\nOrientador: Dr.\u00a0Gon\u00e7alo Apolin\u00e1rio de Souza Filho<br \/>\nData da defesa: 11\/04\/05<br \/>\nDisserta\u00e7\u00e3o desenvolvida no LMGV\/CCTA<\/p>\n<p>20.<br \/>\n<strong>T\u00edtulo: Produ\u00e7\u00e3o do ant\u00edgeno de superf\u00edcie do v\u00edrus da hepatite B (HBsAg) em plantas transg\u00eanicas de cenoura (<em>Daucus carota\u00a0<\/em>L.).<\/strong><br \/>\nAutora: M\u00e1rcia Silva Pereira<br \/>\nOrientador: Dr. Ekkehard Ernst Theodor Hansen<br \/>\nData da defesa: 31\/05\/04<\/p>\n<p>19.<br \/>\n<b>T\u00edtulo: Clonagem parcial do cDNA da lipoxigenase de maracuj\u00e1 (<i>Passiflora\u00a0 \u00a0flavicarpa<\/i>) e an\u00e1lise de express\u00e3o.<br \/>\n<\/b>Autor: Bruno de Castro Jardim<br \/>\nOrientadora: Dra. T\u00e2nia Jacinto Freitas da Silva<br \/>\nData da defesa: 25\/05\/04<\/p>\n<p>18.<br \/>\n<b>T\u00edtulo: Padroniza\u00e7\u00e3o da Metodologia de &#8216;Macroarray&#8217; e an\u00e1lise preliminar da regula\u00e7\u00e3o dos genes envolvidos com a bioss\u00edntese e degrada\u00e7\u00e3o de osmoprotetores em cana-de-a\u00e7\u00facar<\/b><br \/>\nAutor: Alan Trindade Branco<br \/>\nOrientador: Dr. Gon\u00e7alo Apolin\u00e1rio de Souza Filho<br \/>\nData da defesa: 25\/03\/04<\/p>\n<p>17.<br \/>\n<b>T\u00edtulo: Investiga\u00e7\u00e3o de altera\u00e7\u00f5es gen\u00e9ticas no receptor de IFN-Y em humanos: uma abordagem diagn\u00f3stica para hipersusceptibilidade \u00e0 infec\u00e7\u00e3o pelo BCG<\/b><br \/>\nAutora: Betina Ivana Terra Azevedo<br \/>\nOrientador: Dr. Enrique Medina-Acosta<br \/>\nData da defesa: 16\/01\/04<\/p>\n<p>16.<br \/>\n<b>T\u00edtulo: TRANSFORMA\u00c7\u00c3O DE PLANTAS DE TABACO (<i>Nicotiana tabacum<\/i>\u00a0L.) COM OS GENES RECOMBINANTES 35SHBsAg e 35SHBsAgER<\/b>.<br \/>\nAutora: Juliana Martins Ribeiro<br \/>\nOrientador: Dr. Ekkehard Ernst Theodor Hansen<br \/>\nData da defesa: 29\/09\/2003<\/p>\n<p>15.<br \/>\n<b>T\u00edtulo: TRANSFORMA\u00c7\u00c3O DE PLANTAS DE TABACO (<i>Nicotiana tabacum<\/i>\u00a0L.) COM O GENE LACK DE<i>Leishmania chagasi<\/i>\u00a0E AVALIA\u00c7\u00c3O DE SUA EXPRESS\u00c3O\u00a0<\/b>. Autora: Alyne de Oliveira Silva<br \/>\nOrientador: Dr. Ekkehard Ernst Theodor Hansen<br \/>\nData da defesa: 26\/09\/2003<\/p>\n<p>14.<br \/>\n<b>T\u00edtulo: IDENTIFICA\u00c7\u00c3O E CARACTERIZA\u00c7\u00c3O PARCIAL DE UMA HIPOXIGENASE INDUZIDA EM FOLHA DE MARACUJ\u00c1 (<i>Passiflora edulis s. flavicarpa<\/i>) AP\u00d3S FERIMENTO MEC\u00c2NICO E TRATAMENTO COM METIL JASMONATO.<\/b><br \/>\nAutora: Mariana Rangel Tavares<br \/>\nOrientadora: Dr\u00aa. T\u00e2nia Jacinto Freitas da Silva<br \/>\nData da defesa: 07\/05\/2003<\/p>\n<p>13.<br \/>\n<b>T\u00edtulo: EXPRESS\u00c3O HETER\u00d3LOGA DO GENE atpg1 DE\u00a0<i>Arabidopsis thaliana<\/i>\u00a0QUE CODIFICA PARA A BOMBA AtPGP1 E SUA INTERA\u00c7\u00c3O COM METABOLITOS SECUND\u00c1RIOS.<\/b><br \/>\nAutora: Adriana Dias Moreira Menezes<br \/>\nOrientadora: Dra. Laura Jane Moreira Santiago<br \/>\nData de defesa: 24\/02\/2003<\/p>\n<p>12.<br \/>\n<b>T\u00edtulo: CARACTERIZA\u00c7\u00c3O FUNCIONAL DA LECTINA SALT RECOMBINANTE DE ARROZ (<i>oryza Sativa<\/i>L.)<\/b><br \/>\nAutor: Renato Barroso Barnab\u00e9<br \/>\nOrientador: Dr. Gon\u00e7alo Apolin\u00e1rio de Souza Filho<br \/>\nData de defesa: 04\/06\/2002<\/p>\n<p>11.<br \/>\n<b>T\u00edtulo: IDENTIFICA\u00c7\u00c3O DE GENES ENVOLVIDOS NA RESPOSTA AO ESTRESSE SALINO EM CANA-DE-A\u00c7UCAR ATRAV\u00c9S DE MINERA\u00c7\u00c3O DE DADOS NO BANCO DE DADOS DO PROJETO SUCEST.<\/b><br \/>\nAutora: Beatriz dos Santos Ferreira<br \/>\nOrientador: Dr. Gon\u00e7alo Apolin\u00e1rio de Souza Filho<br \/>\nData de defesa: 27\/05\/2002<\/p>\n<p>10.<br \/>\n<b>T\u00edtulo: INDU\u00c7\u00c3O DIFERENCIAL DE TANINOS ANTIOXIDANTES EM RA\u00cdZES TRANSG\u00caNICAS DE<i>Phyllanthus tenellus<\/i>\u00a0POR AGENTES ABI\u00d3TICOS.<\/b><br \/>\nAutora: Ge\u00edsa Fonseca Gon\u00e7alves<br \/>\nOrientadora: Dra. Laura Jane Moreira Santiago<br \/>\nData de defesa: 23\/04\/2002<\/p>\n<p>9.<br \/>\n<b>T\u00edtulo: A MATRIZ PERITR\u00d3FICA DE\u00a0<i>Aedes aegypti<\/i>: COMPOSI\u00c7\u00c3O LIP\u00cdDICA E SUA INTERA\u00c7\u00c3O COM A HEMOGLOBINA E METAIS PESADOS INGERIDOS COM A DIETA.<\/b><br \/>\nAutora: Desiely Silva Gusm\u00e3o<br \/>\nOrientador: Dr. Francisco Jos\u00e9 Alves Lemos<br \/>\nData de defesa: 22\/03\/2002<\/p>\n<p>8.<br \/>\n<b>T\u00edtulo: CARACTERIZA\u00c7\u00c3O PARCIAL DA ATIVIDADE BIOPESTICIDA DA CISTANINA DE TOMATE<i>Lycopersiccon esculentum<\/i>.<\/b><br \/>\nAutor: C\u00e9sar Luis Siqueira J\u00fanior<br \/>\nOrientadora: Dra. T\u00e2nia Jacinto Freitas da Silva<br \/>\nData de defesa: 23\/10\/2001.<\/p>\n<p>7.<br \/>\n<b>T\u00edtulo: TRANSFORMA\u00c7\u00c3O PROMASTIGOTAS DE\u00a0<i>Leishmania chagasi<\/i>\u00a0COM UM VETOR DE EXPRESS\u00c3O DE RNA ANTI-SENTIDO ESPEC\u00cdFICO PARA A gp63.<\/b><br \/>\nAutor: Enrico Jardim Clemente Santos<br \/>\nOrientador: Dr. Enrique Medina-Acosta<br \/>\nData de defesa: 31\/07\/2001<\/p>\n<p>6.<br \/>\n<b>T\u00edtulo: PRODU\u00c7\u00c3O DE UM SISTEMA DE EXPRESS\u00c3O E SECRE\u00c7\u00c3O DE PROTE\u00cdNAS RECOMBINANTES EM PLANTAS TRANSG\u00caNICAS.<\/b><br \/>\nAutor: Jeferson Vieira da Silva<br \/>\nOrientadora: Dra. Ana Beatriz Garcia<br \/>\nData de defesa: 16\/05\/2001<\/p>\n<p>5.<br \/>\n<b>T\u00edtulo: Estudo do Ac\u00famulo de Prote\u00edna SALT em Ra\u00edzes de Plantas de Arroz (<i>Oryza Sativa<\/i>\u00a0L.) em Respostas \u00e0 Diferentes Est\u00edmulos.<\/b><br \/>\nAutora: Val\u00e9ria Regina de Moura Castro<br \/>\nOrientadora: Dra. Ana Beatriz Garcia<br \/>\nData de defesa: 18\/12\/2000<\/p>\n<p>4.<br \/>\n<b>T\u00edtulo: Produ\u00e7\u00e3o de Anticorpos Monoclonais, Imunolocaliza\u00e7\u00e3o da Prote\u00edna SALT e An\u00e1lise do Efeito da Salinidade da Estrutura e Ultraestrutura de Plantas de Arroz (<i>Oryza sativa<\/i>\u00a0L.).<\/b><br \/>\nAutor: Jackson Ant\u00f4nio Marcondes de Souza<br \/>\nOrientador: Dra. Ana Beatriz Garcia<br \/>\nData de defesa: 12\/05\/2000<\/p>\n<p>3.<br \/>\n<b>T\u00edtulo: Express\u00e3o do ant\u00edgeno recombinante HbsAg do v\u00edrus da hepatite B em calos transg\u00eanicos de alface.<\/b><br \/>\nAutora: C\u00edntia Goulart Kawashima<br \/>\nOrientador: Dr. Ekkehard Ernst Theodor Hansen<br \/>\nData de defesa: 29\/03\/2000<\/p>\n<p>2.<br \/>\n<b>T\u00edtulo: A Matriz Peritr\u00f3fica do Mosquito\u00a0<i>Aedes Aegypti<\/i>\u00a0(Linnlus, 1762): Aspectos de sua forma\u00e7\u00e3o, degrada\u00e7\u00e3o, Estrutura e Fun\u00e7\u00e3o como Barreira Qu\u00edmica ao Grupo Heme.<\/b><br \/>\nAutora: Val\u00e9ria Vasconcelos P\u00e1scoa Lemos<br \/>\nOrientador: Dr. Francisco Jos\u00e9 Alves Lemos<br \/>\nData de defesa: 1998<\/p>\n<p>1.<br \/>\n<b>T\u00edtulo: Estudo citogen\u00e9tico e da Pluripot\u00eancia de c\u00e9lulas murinas h\u00edbridas obtidas pela fus\u00e3o de c\u00e9lulas embrion\u00e1rias tronco e esplen\u00f3scitos.<\/b><br \/>\nAutora: Josane Mittmann<br \/>\nOrientador: Dr. Oleg Serov<br \/>\nData de defesa: 1998<\/p>\n","protected":false},"excerpt":{"rendered":"<p>25. T\u00edtulo: Clonagem e express\u00e3o em\u00a0Escherichia coli\u00a0da prote\u00edna matura e da por\u00e7\u00e3o NH2-termina da toxina-1 da s\u00edndrome do choque t\u00f3xico,&#8230;<\/p>\n","protected":false},"author":12,"featured_media":0,"parent":0,"menu_order":5,"comment_status":"open","ping_status":"open","template":"","meta":{"footnotes":""},"class_list":["post-48","page","type-page","status-publish","hentry"],"_links":{"self":[{"href":"https:\/\/uenf.br\/cbb\/lbt\/wp-json\/wp\/v2\/pages\/48","targetHints":{"allow":["GET"]}}],"collection":[{"href":"https:\/\/uenf.br\/cbb\/lbt\/wp-json\/wp\/v2\/pages"}],"about":[{"href":"https:\/\/uenf.br\/cbb\/lbt\/wp-json\/wp\/v2\/types\/page"}],"author":[{"embeddable":true,"href":"https:\/\/uenf.br\/cbb\/lbt\/wp-json\/wp\/v2\/users\/12"}],"replies":[{"embeddable":true,"href":"https:\/\/uenf.br\/cbb\/lbt\/wp-json\/wp\/v2\/comments?post=48"}],"version-history":[{"count":0,"href":"https:\/\/uenf.br\/cbb\/lbt\/wp-json\/wp\/v2\/pages\/48\/revisions"}],"wp:attachment":[{"href":"https:\/\/uenf.br\/cbb\/lbt\/wp-json\/wp\/v2\/media?parent=48"}],"curies":[{"name":"wp","href":"https:\/\/api.w.org\/{rel}","templated":true}]}}