{"id":53,"date":"2013-12-18T17:15:07","date_gmt":"2013-12-18T17:15:07","guid":{"rendered":"http:\/\/uenf.br\/cbb\/lbt\/?page_id=53"},"modified":"2013-12-19T13:27:40","modified_gmt":"2013-12-19T13:27:40","slug":"monografias-licenciatura","status":"publish","type":"page","link":"https:\/\/uenf.br\/cbb\/lbt\/monografias-licenciatura\/","title":{"rendered":"Monografias Licenciatura"},"content":{"rendered":"<p>4.<br \/>\n<b>T\u00edtulo: An\u00e1lise T\u00e9cnica das quest\u00f5es de Gen\u00e9tica nos vestibulares da UENF e correla\u00e7\u00e3o com os conte\u00fados abordados em diferentes materiais did\u00e1ticos\u00a0<\/b><br \/>\nAutora: Patr\u00edcia das Neves Dias<br \/>\nOrientadora: Dra. Ana Beatriz Garcia<br \/>\nDefesa: 25\/09\/03<\/p>\n<p>3.<br \/>\n<b>T\u00edtulo: Formaliza\u00e7\u00e3o do Ensino sobre a Dengue: uma proposta que visa integrar escola e sociedade<\/b><br \/>\nAutora: Erica de Souza Russo<br \/>\nOrientadora: Doutoranda Desiely Silva Gusm\u00e3o, MSc.<br \/>\nCo-Orientador: Dr. Francisco Jos\u00e9 Alves Lemos<br \/>\nDefesa: 22\/09\/03<\/p>\n<p>2.<br \/>\n<b>T\u00edtulo: Percep\u00e7\u00e3o conceptual de alunos do ensino m\u00e9dio sobre infec\u00e7\u00e3o hospitalar e susceptibilidade de microrganismos a antibi\u00f3ticos<\/b><br \/>\nAutor: Dennes Lima Ant\u00f4nio<br \/>\nOrientador: Dr. Enrique Medina-Acosta<br \/>\nDefesa: 18\/09\/03<\/p>\n<p>1.<br \/>\n<b>T\u00edtulo: Confronto entre a vis\u00e3o de alunos e professores sobre o tema doen\u00e7as e o conte\u00fado do livro did\u00e1tico<\/b><br \/>\nAutora: Patr\u00edcia Coutinho Barbosa<br \/>\nOrientador: Dra. Ana Beatriz Garcia<br \/>\nDefesa: 17\/09\/03<\/p>\n","protected":false},"excerpt":{"rendered":"<p>4. T\u00edtulo: An\u00e1lise T\u00e9cnica das quest\u00f5es de Gen\u00e9tica nos vestibulares da UENF e correla\u00e7\u00e3o com os conte\u00fados abordados em diferentes&#8230;<\/p>\n","protected":false},"author":12,"featured_media":0,"parent":0,"menu_order":8,"comment_status":"open","ping_status":"open","template":"","meta":{"footnotes":""},"class_list":["post-53","page","type-page","status-publish","hentry"],"_links":{"self":[{"href":"https:\/\/uenf.br\/cbb\/lbt\/wp-json\/wp\/v2\/pages\/53","targetHints":{"allow":["GET"]}}],"collection":[{"href":"https:\/\/uenf.br\/cbb\/lbt\/wp-json\/wp\/v2\/pages"}],"about":[{"href":"https:\/\/uenf.br\/cbb\/lbt\/wp-json\/wp\/v2\/types\/page"}],"author":[{"embeddable":true,"href":"https:\/\/uenf.br\/cbb\/lbt\/wp-json\/wp\/v2\/users\/12"}],"replies":[{"embeddable":true,"href":"https:\/\/uenf.br\/cbb\/lbt\/wp-json\/wp\/v2\/comments?post=53"}],"version-history":[{"count":0,"href":"https:\/\/uenf.br\/cbb\/lbt\/wp-json\/wp\/v2\/pages\/53\/revisions"}],"wp:attachment":[{"href":"https:\/\/uenf.br\/cbb\/lbt\/wp-json\/wp\/v2\/media?parent=53"}],"curies":[{"name":"wp","href":"https:\/\/api.w.org\/{rel}","templated":true}]}}