{"id":56,"date":"2013-12-18T17:19:03","date_gmt":"2013-12-18T17:19:03","guid":{"rendered":"http:\/\/uenf.br\/cbb\/lbt\/?page_id=56"},"modified":"2013-12-19T13:29:26","modified_gmt":"2013-12-19T13:29:26","slug":"disciplinas-pos-graduacao","status":"publish","type":"page","link":"https:\/\/uenf.br\/cbb\/lbt\/disciplinas-pos-graduacao\/","title":{"rendered":"Disciplinas P\u00f3s-Gradua\u00e7\u00e3o"},"content":{"rendered":"<p><b>LBT 2601 &#8211; Semin\u00e1rios em Biotecnologia<\/b><br \/>\nCr\u00e9ditos: 01<\/p>\n<p>Professor:\u00a0Enrique\u00a0Medina-Acosta<\/p>\n<p>Apresenta\u00e7\u00e3o e discuss\u00e3o dos projetos de pesquisa em andamento no Laborat\u00f3rio de Biotecnologia.<br \/>\nApresenta\u00e7\u00e3o dos resultados obtidos, bem como as estrat\u00e9gias utilizadas na execu\u00e7\u00e3o dos projetos espec\u00edficos; Apresenta\u00e7\u00e3o e discuss\u00e3o de artigos cient\u00edficos em Biologia Molecular e Biotecnologia.<\/p>\n<p><b>LBT 2605 &#8211;\u00a0Engenharia Gen\u00e9tica<\/b><br \/>\nCr\u00e9ditos: 03<\/p>\n<p>Professor: Victor Martin Quintana Flores<\/p>\n<p>O objetivo \u00e9 capacitar os estudantes de P\u00f3s-gradua\u00e7\u00e3o a compreens\u00e3o, escolha e uso de m\u00e9todos b\u00e1sicos da engenharia gen\u00e9tica. A teoria e protocolos de m\u00e9todos, juntos com exemplos hist\u00f3ricos e recentes ser\u00e3o apresentados. A participa\u00e7\u00e3o na disciplina est\u00e1 condicionada ao conhecimento do conte\u00fado da disciplina Biologia Molecular I.<\/p>\n<p><b>LBT 2701 &#8211; Biologia Molecular I<\/b><br \/>\nCr\u00e9ditos: 02<\/p>\n<p>Professor: Vanildo Silveira<\/p>\n<p>Apresenta\u00e7\u00e3o e discuss\u00e3o em formato semin\u00e1rios de t\u00f3picos contempor\u00e2neos em Biologia Molecular: Estrutura e organiza\u00e7\u00e3o g\u00eanicas, express\u00e3o e regula\u00e7\u00e3o g\u00eanicas, endere\u00e7amento de prote\u00ednas. F\u00f3rum comum de arg\u00fci\u00e7\u00e3o e de proposta de estrat\u00e9gias experimentais dos mecanismos moleculares do fluxo da informa\u00e7\u00e3o gen\u00e9tica.<\/p>\n<p><b>LBT 2702 &#8211; Engenharia Gen\u00e9tica I<\/b><br \/>\nCr\u00e9ditos: 02<\/p>\n<p>Professor:<\/p>\n<p>Estrat\u00e9gias fundamentais e m\u00e9todos b\u00e1sicos da Engenharia Gen\u00e9tica<\/p>\n<p><b>LBT 2704 &#8211; Biologia Molecular II<\/b><br \/>\nCr\u00e9ditos: 02<\/p>\n<p>Professora: Ana Beatriz Garcia<\/p>\n<p>Discuss\u00e3o de assuntos contempor\u00e2neos da Biologia Molecular usando artigos recentes de revistas de circula\u00e7\u00e3o internacional. A disciplina ser\u00e1 ministrada na forma de semin\u00e1rios, fornecendo um f\u00f3rum de discuss\u00e3o onde estudantes apresentar\u00e3o e discutir\u00e3o os diferentes t\u00f3picos. A disciplina est\u00e1 condicionada ao conhecimento do conte\u00fado da disciplina Biologia Molecular I.<\/p>\n<p><b>LBT 2705 &#8211; Engenharia Gen\u00e9tica II<\/b><br \/>\nCr\u00e9ditos: 02<\/p>\n<p>Professor: Francisco Jos\u00e9 Alves Lemos<\/p>\n<p>Disciplina ministrada na forma de semin\u00e1rio. F\u00f3rum de discuss\u00e3o para apresenta\u00e7\u00e3o e debate de assuntos avan\u00e7ados na \u00e1rea de engenharia gen\u00e9tica. Aprofundamento dos conhecimentos do aluno pela apresenta\u00e7\u00e3o de assuntos recentes e de relev\u00e2ncia publicados em revistas de impacto.Desenvolvimento de uma vis\u00e3o mais criativa e cr\u00edtica a respeito do \u00e2mbito, das possibilidades e tamb\u00e9m dos limites das metodologias contempor\u00e2neas da manipula\u00e7\u00e3o gen\u00e9tica e sua aplica\u00e7\u00e3o.<\/p>\n<p><b>LBT 2706 &#8211; Semin\u00e1rio: English Journal Club<\/b><br \/>\nCr\u00e9ditos: 01<\/p>\n<p>Professor:<\/p>\n<p>Apresenta\u00e7\u00e3o e discuss\u00e3o de assuntos atuais e interdisciplinares das sub-\u00e1reas do curso de Bioci\u00eancias (ci\u00eancias ambientais, imunologia, bioqu\u00edmica, biologia celular, biotecnologia, microbiologia), na l\u00edngua inglesa. Treinamento dos alunos na discuss\u00e3o de assuntos cient\u00edficos na l\u00edngua inglesa.<\/p>\n<p><b>LBT 2707 &#8211; Cultura de Tecidos e C\u00e9lulas Vegetais<\/b><br \/>\nCr\u00e9ditos: 03<\/p>\n<p>Professora: Ana Beatriz Garcia<\/p>\n<p>Introdu\u00e7\u00e3o \u00e0s t\u00e9cnicas utilizadas para a cultura de tecidos e c\u00e9lulas vegetais. Familiariza\u00e7\u00e3o com as diferentes aplica\u00e7\u00f5es da tecnologia de cultura in vitro de tecidos na Biotecnologia, propaga\u00e7\u00e3o clonal e melhoramento gen\u00e9tico vegetal. Conceitos de fisiologia vegetal e bioqu\u00edmica de metabolitos prim\u00e1rios e secund\u00e1rios e sua utiliza\u00e7\u00e3o na otimiza\u00e7\u00e3o das culturas.<\/p>\n<p><b>LBT 2709 &#8211; Transforma\u00e7\u00e3o e Express\u00e3o de Genes Ex\u00f3genos em Plantas<\/b><br \/>\nCr\u00e9ditos: 02<\/p>\n<p>Professor:<\/p>\n<p>M\u00e9todos de transforma\u00e7\u00e3o das c\u00e9lulas e tecidos vegetais e da regenera\u00e7\u00e3o e sele\u00e7\u00e3o de plantas transg\u00eanicas; estrat\u00e9gias para aumentar e estabilizar a express\u00e3o de genes ex\u00f3genos; biosseguran\u00e7a.<\/p>\n<p><b>LBT 2710 &#8211; Respostas Moleculares de Plantas \u00e0 Estresse<\/b><br \/>\nCr\u00e9ditos: 03<\/p>\n<p>Professora: T\u00e2nia Jacinto Freitas da Silva<\/p>\n<p>Estudo da capacidade vegetal de responder a diferentes estresses ambientais e discuss\u00f5es sobre a resposta da defesa vegetal contra o ataque de insetos e pat\u00f3genos.<\/p>\n<p><b>LBT 2720 &#8211; Bioqu\u00edmica e Biologia Molecular de Parasitas II<\/b><br \/>\nCr\u00e9ditos: 03<\/p>\n<p>Professor: Enrique Medina-Acosta<\/p>\n<p>Biologia do parasitismo por protoctistas (Tripanosomat\u00eddeos monox\u00eanicos e dix\u00eanicos; esporozo\u00e1rios (<i>Plasmodium<\/i>,\u00a0<i>Babesia<\/i>,\u00a0<i>Eimeria<\/i>,\u00a0<i>Theileria<\/i>),\u00a0<i>Giardia<\/i>,\u00a0<i>Trichomonas<\/i>,\u00a0<i>Entamoeba<\/i>, helmintos(cestoda e trematoda), aspectos moleculares, bioqu\u00edmicos e celulares. Apresenta\u00e7\u00e3o de semin\u00e1rios e discuss\u00f5es semanais, proposta de novos desenhos experimentais para solucionar problemas biol\u00f3gicos do parasitismo microbiano mediante a prepara\u00e7\u00e3o de projetos de pesquisa.<\/p>\n<p><b>LBT 2721 &#8211; Parasitologia Bioqu\u00edmica e Molecular I<\/b><br \/>\nCr\u00e9ditos: 03<\/p>\n<p>Professor: Enrique Medina-Acosta<\/p>\n<p>Uma disciplina te\u00f3rica sobre a Biologia do Parasitismo por protoctistas (Tripanosomat\u00eddeos monogen\u00e9ticos e digen\u00e9ticos; esporozo\u00e1rios (<i>Plasmodium<\/i>,\u00a0<i>Babesia<\/i>,\u00a0<i>Eimeria<\/i>,\u00a0<i>Theileria<\/i>),\u00a0<i>Giardia<\/i>,\u00a0<i>Trichomonas<\/i>,\u00a0<i>Entamoeba<\/i>, helmintos (cestoda, trematoda). Apresenta\u00e7\u00e3o de semin\u00e1rios e discuss\u00f5es semanais. Os alunos ser\u00e3o desafiados a propor novos desenhos experimentais para solucionar problemas biol\u00f3gicos do Parasitismo mediante a prepara\u00e7\u00e3o de projetos de pesquisa (&#8216;grants&#8217;). S\u00e3o pr\u00e9-requisitos os princ\u00edpios e m\u00e9todos utilizados em Biologia Molecular I e a compreens\u00e3o e leitura de artigos originais no idioma Ingl\u00eas.<\/p>\n<p><b>LBT 2723 &#8211; Microbiologia Celular e Molecular<\/b><br \/>\nCr\u00e9ditos: 04<\/p>\n<p><span style=\"color: #990033\">(<strong><span style=\"font-size: small\"><span style=\"font-family: 'CommercialPi BT'\">\u00f8<\/span>\u00a0<\/span><\/strong><\/span><a href=\"http:\/\/www.geocities.com\/kiquey2k\/index.htm\" target=\"_blank\"><span style=\"color: #990033\"><strong>Hiperlink para conte\u00fado program\u00e1tico<\/strong>)<\/span><\/a><span style=\"color: #990033\"><br \/>\n<\/span><br \/>\nProfessor: Enrique Medina-Acosta<\/p>\n<p>An\u00e1lise das intera\u00e7\u00f5es microorganismo\/c\u00e9lula hospedeira nos n\u00edveis celular e molecular. Identifica\u00e7\u00e3o dos mecanismos utilizados por microrganismos, particularmente Eubact\u00e9ria, para estabelecer infec\u00e7\u00e3o in vivo. Mecanismos moleculares da regula\u00e7\u00e3o da express\u00e3o de fatores de virul\u00eancia e\/ou patogenicidade in vivo e in vitro . Apresenta\u00e7\u00e3o dos princ\u00edpios e m\u00e9todos utilizados no estudo da patog\u00eanese microbiana e na Microbiologia Molecular. Discuss\u00e3o dos mecanismos de internaliza\u00e7\u00e3o, sobreviv\u00eancia intravacuolar, citoplasm\u00e1tica, evas\u00e3o, dissemina\u00e7\u00e3o c\u00e9lula-c\u00e9lula. Regula\u00e7\u00e3o da express\u00e3o g\u00eanica via quorum sensorial. Proposta de desenhos experimentais para resolver problemas biol\u00f3gicos e moleculares da patogenicidade microbiana mediante a prepara\u00e7\u00e3o de projetos de pesquisa.<\/p>\n<p><b>LBT 2725 &#8211; T\u00f3picos Avan\u00e7ados em Biotecnologia: Marcadores Gen\u00e9ticos<\/b><br \/>\nCr\u00e9ditos: 02<\/p>\n<p>Professor: Gon\u00e7alo Apolin\u00e1rio de Souza Filho<\/p>\n<p>Marcadores gen\u00e9ticos e suas aplica\u00e7\u00f5es; Marcadores morfol\u00f3gicos e Bioqu\u00edmicos; Marcadores de DNA-RFLP; Conceitos de t\u00e9cnica-PCR; Marcadores de DNA-RAPD; Marcadores de DNA\u2013Minissat\u00e9lites e Microssat\u00e9lites; Marcadores de DNA-AFLP; Utiliza\u00e7\u00e3o de marcadores em estudo de diversidade e evolu\u00e7\u00e3o; Constru\u00e7\u00e3o de mapas de liga\u00e7\u00e3o;An\u00e1lise de genes; Pr\u00e1tica 01- Constru\u00e7\u00e3o de Mapas de Liga\u00e7\u00e3o; Pr\u00e1tica 02- RAPD.<\/p>\n<p><b>LBT 2726 &#8211; Biodiversidade Estrutural e Molecular Vegetal<\/b><br \/>\nCr\u00e9ditos: 03<\/p>\n<p>Professora:<\/p>\n<p>Estudo da diversidade estrutural e molecular das plantas. A origem das plantas e sua evolu\u00e7\u00e3o no tempo e no espa\u00e7o. Principais teorias sobre a origem e evolu\u00e7\u00e3o dos vegetais. Os principais grupos taxon\u00f4micos. O polimorfismo vegetal; as mudan\u00e7as na morfologia interna e externa dos vegetais como forma de adapta\u00e7\u00e3o \u00e0 influencia de fatores bi\u00f3tico e abi\u00f3tico. A biodiversidade molecular: as mudan\u00e7as no metabolismo de macro e micromoleculares como forma de adapta\u00e7\u00e3o \u00e0 influencia de fatores bi\u00f3ticos e abi\u00f3ticos; quimiotaxonomia, a evolu\u00e7\u00e3o micromolecular. A biodiversidade molecular ; a evolu\u00e7\u00e3o e o rel\u00f3gio molecular. A contribui\u00e7\u00e3o da quimiotaxonomia e dos marcadores moleculares para o estudo da biodiversidade. A biodiversidade estrutural e mlecular como fonte de recursos gen\u00e9ticos para o melhoramento vegetal. A preserva\u00e7\u00e3o dos centros de biodiversidade e dos bancos de germoplasma. A rela\u00e7\u00e3o entre a variabilidade morfol\u00f3gica, molecular e a variabilidade gen\u00e9tica. A sistem\u00e1tica cl\u00e1ssica e a biossistem\u00e1tica. As principais t\u00e9cnicas empregadas para caracteriza\u00e7\u00e3o de esp\u00e9cies, grupos taxon\u00f4micos ou de popula\u00e7\u00f5es.<\/p>\n<p><b>LBT 2727 &#8211; Biotecnologia para Produ\u00e7\u00e3o de Metab\u00f3litos Secund\u00e1rios em Plantas Cultivadas\u00a0<i>in vivo<\/i>\u00a0e\u00a0<i>in vitro<\/i><\/b><br \/>\nCr\u00e9ditos: 03<\/p>\n<p>Professora:<\/p>\n<p>O papel dos compostos secund\u00e1rios nos vegetais e a sua bioprodu\u00e7\u00e3o. A bioss\u00edntese, transporte e compartimentaliza\u00e7\u00e3o de compostos secund\u00e1rios e suas enzimas biossint\u00e9ticas a n\u00edvel tecidual e subcelular. O controle gen\u00e9tico do metabolismo secund\u00e1rio em plantas crescidas em condi\u00e7\u00f5es naturais (<i>in vivo<\/i>) como base para o desenvolvimento de estrat\u00e9gias para a bioprodu\u00e7\u00e3o de compostos secund\u00e1rios de interesse econ\u00f4mico nas condi\u00e7\u00f5es\u00a0<i>in vivo<\/i>\u00a0e\u00a0<i>in vitro<\/i>. Os principais sistemas utilizados para bioprodu\u00e7\u00e3o via manipula\u00e7\u00e3o gen\u00e9tica: cultura de c\u00e9lulas ra\u00edzes transformadas em suspens\u00e3o e culturas de c\u00e9lulas imobilizadas. Engenharia metab\u00f3lica: isolamento de genes de enzimas biossint\u00e9ticas de interesse e a manipula\u00e7\u00e3o de rotas metab\u00f3licas por t\u00e9cnicas de DNA recombinante. O emprego de eliciadores bi\u00f3tico e abi\u00f3tico para altera\u00e7\u00e3o de vias bioss\u00ednteticas visando a sua superexpress\u00e3o, inibi\u00e7\u00e3o, indu\u00e7\u00e3o de rotas antes desconhecidas e re- direcionamento de precursores. Biotransforma\u00e7\u00e3o e ativa\u00e7\u00e3o de rotas metab\u00f3licas por t\u00e9cnicas de \u201c precursor feeding\u201d. Culturas em suspens\u00e3o de ra\u00edzes transformadas e c\u00e9lulas em suspens\u00e3o como bioreatores para produ\u00e7\u00e3o em escala industrial e os principais sucessos obtidos no campo da biotecnologia nos \u00faltimos anos.<\/p>\n<p><b>LBT 2728 &#8211; Parasitologia Bioqu\u00edmica e Molecular I<\/b><br \/>\nCr\u00e9ditos: 03<\/p>\n<p><span style=\"color: #990033\">(<strong><span style=\"font-size: small\"><span style=\"font-family: 'CommercialPi BT'\">\u00f8<\/span>\u00a0<\/span><\/strong><\/span><a href=\"http:\/\/www.medina-acosta.com\/MCB_nota.htm\" target=\"_blank\"><span style=\"color: #990033\"><strong>Hiperlink para conte\u00fado program\u00e1tico<\/strong>)<\/span><\/a><span style=\"color: #990033\">\u00a0<\/span><\/p>\n<p>Professor: Enrique Medina-Acosta<\/p>\n<p>Biologia do parasitismo por protoctistas (Kinetoplast\u00eddeos (<i>Leshimania<\/i>,\u00a0<i>Trypanosoma<\/i>); esporozo\u00e1rios (<i>Plasmodium<\/i>,\u00a0<i>Eimeria<\/i>,\u00a0<i>Theileria<\/i>),\u00a0<i>Giardia<\/i>,\u00a0<i>Entamoeba<\/i>. Aspecto bioqu\u00edmicos, moleculares, celulares e imunol\u00f3gicos da intera\u00e7\u00e3o parasita\/hospedeiro. Apresenta\u00e7\u00e3o de semin\u00e1rios e discuss\u00f5es semanais, proposta de novos desenhos experimentais para solucionar problemas biol\u00f3gicos do parasitismo microbiano mediante a prepara\u00e7\u00e3o de projetos de pesquisa. S\u00e3o pr\u00e9- requisitos, princ\u00edpios e m\u00e9todos utilizados em Biologia Molecular I, a compreens\u00e3o e leitura de artigos originais no idioma ingl\u00eas.<\/p>\n<p><b>LBT 2729 &#8211; Parasitologia Bioqu\u00edmica e Molecular II<\/b><br \/>\nCr\u00e9ditos: 03<\/p>\n<p><span style=\"color: #990033\">(<strong><span style=\"font-size: small\"><span style=\"font-family: 'CommercialPi BT'\">\u00f8<\/span>\u00a0<\/span><\/strong><\/span><a href=\"http:\/\/www.medina-acosta.com\/MCB_nota.htm\" target=\"_blank\"><span style=\"color: #990033\"><strong>Hiperlink para conte\u00fado program\u00e1tico<\/strong>)<\/span><\/a><span style=\"color: #990033\"><br \/>\n<\/span><br \/>\nProfessor: Enrique Medina-Acosta<\/p>\n<p>Gen\u00e9tica de protozo\u00e1rios de import\u00e2ncia m\u00e9dica e veterin\u00e1ria. Complexidade gen\u00e9tica, organiza\u00e7\u00e3o cromoss\u00f4mica. Estrutura g\u00eanica, transcri\u00e7\u00e3o multim\u00e9rica, estrutura e organiza\u00e7\u00e3o de cromossomos mitoc\u00f4ndrias, editora\u00e7\u00e3o de RNA, regula\u00e7\u00e3o da express\u00e3o g\u00eanica, mapeamento e projetos genoma. Discuss\u00f5es semanais sobre propostas de novos desenhos experimentais para solucionar problemas moleculares da express\u00e3o g\u00eanica, mediante a prepara\u00e7\u00e3o de projetos de pesquisa.<\/p>\n<p><b>LBT 2730 &#8211; Microbiologia Industrial e Tecnologia de Fermenta\u00e7\u00f5es<\/b><br \/>\nCr\u00e9ditos: 03<\/p>\n<p>Professora: Mar\u00edlia Amorim Berbert de Molina<\/p>\n<p>Introdu\u00e7\u00e3o ao estudo da microbiologia industrial e da tecnologia de fermenta\u00e7\u00f5es. Microorganismos de interesse industrial. Rotas bioqu\u00edmicas de interesse industrial. Processo fermentativo gen\u00e9rico. Principais par\u00e2metros que afetam os processos fermentativos. An\u00e1lise do crescimento microbiano. Substratos e mat\u00e9rias\u2013primas para fermenta\u00e7\u00f5es industriais. Tipos e configura\u00e7\u00f5es de biorreatores. Cin\u00e9tica de processos fermentativos. Rendimentos e produtividades em processos fermentativos. Formas de condu\u00e7\u00e3o de processos fermentativos. Tratamentos finais em processos fermentativos.<\/p>\n<p><b>LBT 2731 &#8211; Caracteriza\u00e7\u00e3o e Identifica\u00e7\u00e3o de Mol\u00e9culas com T\u00e9cnicas Espectrosc\u00f3picas modernas, uma introdu\u00e7\u00e3o<\/b><br \/>\nCr\u00e9ditos: 02<\/p>\n<p>Professores: Jan Schripsema e Denise Saraiva Dagnino<\/p>\n<p>A teoria b\u00e1sica e a interpreta\u00e7\u00e3o dos espectros das seguintes t\u00e9cnicas ser\u00e3o tratadas:<br \/>\nEspectrocospia no ultra violeta\/vis\u00edvel (UV\/V)<br \/>\nEspectrocospia no infra vermelho (IV)<br \/>\nEspectrocospia de massas<br \/>\nResson\u00e2ncia Magn\u00e9tica Nuclear, 1D e 2D<br \/>\nA teoria do uso das t\u00e9cnicas em conjunto com t\u00e9cnicas cromatogr\u00e1ficas<br \/>\nPrinc\u00edpios pr\u00e1ticos para a obten\u00e7\u00e3o dos aspectros<br \/>\nO uso integrado das t\u00e9cnicas.<\/p>\n","protected":false},"excerpt":{"rendered":"<p>LBT 2601 &#8211; Semin\u00e1rios em Biotecnologia Cr\u00e9ditos: 01 Professor:\u00a0Enrique\u00a0Medina-Acosta Apresenta\u00e7\u00e3o e discuss\u00e3o dos projetos de pesquisa em andamento no Laborat\u00f3rio&#8230;<\/p>\n","protected":false},"author":12,"featured_media":0,"parent":0,"menu_order":9,"comment_status":"open","ping_status":"open","template":"","meta":{"footnotes":""},"class_list":["post-56","page","type-page","status-publish","hentry"],"_links":{"self":[{"href":"https:\/\/uenf.br\/cbb\/lbt\/wp-json\/wp\/v2\/pages\/56","targetHints":{"allow":["GET"]}}],"collection":[{"href":"https:\/\/uenf.br\/cbb\/lbt\/wp-json\/wp\/v2\/pages"}],"about":[{"href":"https:\/\/uenf.br\/cbb\/lbt\/wp-json\/wp\/v2\/types\/page"}],"author":[{"embeddable":true,"href":"https:\/\/uenf.br\/cbb\/lbt\/wp-json\/wp\/v2\/users\/12"}],"replies":[{"embeddable":true,"href":"https:\/\/uenf.br\/cbb\/lbt\/wp-json\/wp\/v2\/comments?post=56"}],"version-history":[{"count":0,"href":"https:\/\/uenf.br\/cbb\/lbt\/wp-json\/wp\/v2\/pages\/56\/revisions"}],"wp:attachment":[{"href":"https:\/\/uenf.br\/cbb\/lbt\/wp-json\/wp\/v2\/media?parent=56"}],"curies":[{"name":"wp","href":"https:\/\/api.w.org\/{rel}","templated":true}]}}