{"id":58,"date":"2013-12-18T17:20:15","date_gmt":"2013-12-18T17:20:15","guid":{"rendered":"http:\/\/uenf.br\/cbb\/lbt\/?page_id=58"},"modified":"2025-05-13T21:26:41","modified_gmt":"2025-05-13T21:26:41","slug":"disciplinas-bacharelado","status":"publish","type":"page","link":"https:\/\/uenf.br\/cbb\/lbt\/disciplinas-bacharelado\/","title":{"rendered":"Disciplinas Bacharelado"},"content":{"rendered":"<p><b>LBT02101 &#8211; Gen\u00e9tica B\u00e1sica<\/b><br \/>\nCr\u00e9ditos: 02<\/p>\n<p>Professora: T\u00e2nia Jacinto Freitas da Silva\u00a0(Coordenadora)<\/p>\n<p>Esta disciplina envolve os principais t\u00f3picos de Gen\u00e9tica Basica, G\u00e9n\u00e9tica Mendeliana (leis da hereditariedade), estrutura dos cromossomos, determina\u00e7\u00e3o do sexo e heran\u00e7a ligada ao sexo, mapeamento cromoss\u00f4mico, gen\u00e9tica quantitativa, transposons, recombina\u00e7\u00e3o, muta\u00e7\u00e3o heran\u00e7a extra-cromoss\u00f4mica.<\/p>\n<p><b>LBT02102 &#8211; Bio\u00e9tica e Biosseguran\u00e7a<\/b><br \/>\nCr\u00e9ditos: 01<\/p>\n<p>Professores: Elena Lassounskaia, Cristina Maria Magalh\u00e3es de Souza, Cl\u00f3vis de Paula Santos,\u00a0Vanildo Silveira\u00a0(Coordenador)<\/p>\n<p>A disciplina aborda conceitos b\u00e1sicos de seguran\u00e7a em laborat\u00f3rios, relativo a riscos f\u00edsicos, qu\u00edmicos, agentes biol\u00f3gicos e organismos geneticamente modificados. Al\u00e9m disso, s\u00e3o introduzidos conceitos modernos de bio\u00e9tica referente a clonagem, organismos geneticamente modificados, projeto genoma humano e fertiliza\u00e7\u00e3o in vitro.<\/p>\n<p><b>LBT02203 &#8211; Biologia Molecular<\/b><br \/>\nCr\u00e9ditos: 03<\/p>\n<p>Professores: Dra. Adriane Nunes de Souza e Prof. Vanildo Silveira (Coordenador)<\/p>\n<p>A disciplina aborda conceitos acerca da Estrutura de \u00e1cidos nucl\u00e9icos; Fluxo da Informa\u00e7\u00e3o g\u00eanica: Transcri\u00e7\u00e3o, Edi\u00e7\u00e3o de RNA e Tradu\u00e7\u00e3o; Regula\u00e7\u00e3o da Express\u00e3o G\u00eanica em Procariotos e Eucariotos; Transdu\u00e7\u00e3o de Sinais; Endere\u00e7amento de Prote\u00ednas e compartimentaliza\u00e7\u00e3o celular; Organiza\u00e7\u00e3o geral de Genomas; Muta\u00e7\u00e3o; Recombina\u00e7\u00e3o em Bact\u00e9rias e seus v\u00edrus; Elementos de transposi\u00e7\u00e3o; Extra\u00e7\u00e3o de \u00e1cidos nucl\u00e9icos; Digest\u00e3o de DNA com enzimas de Restri\u00e7\u00e3o; Hibridiza\u00e7\u00e3o de \u00e1cidos nucl\u00e9icos; Sequenciamento de DNA; Rea\u00e7\u00e3o em Cadeia da Polimerase<\/p>\n<p><b>LBT02303 &#8211; Biotecnologia de Microrganismos<\/b><br \/>\nCr\u00e9ditos: 06<\/p>\n<p><a href=\"http:\/\/www.medina-acosta.com\/Biotecnologia_de_Microrganismos.htm\" target=\"_blank\" rel=\"noopener\"><span style=\"color: #990033\">(<strong><span style=\"font-size: small\"><span style=\"font-family: 'CommercialPi BT'\">\u00f8<\/span>\u00a0<\/span>Hiperlink para conte\u00fado program\u00e1tico<\/strong>)<\/span><\/a><span style=\"color: #990033\"><br \/>\n<\/span><br \/>\nProfessores: Vitor Martin Quintana Flores,\u00a0Enrique Medina-Acosta (Coordenador)<\/p>\n<p>Uma disciplina te\u00f3rica sobre a manipula\u00e7\u00e3o gen\u00e9tica de microrganismos (bact\u00e9rias, fungos e protozo\u00e1rios) e sua aplica\u00e7\u00e3o inter-disciplin\u00e1ria nos processos biotecnol\u00f3gicos de pequena e grande escala. Exposi\u00e7\u00f5es detalhadas sobre os m\u00e9todos de produ\u00e7\u00e3o de mol\u00e9culas recombinantes via transforma\u00e7\u00e3o gen\u00e9tica com DNA, express\u00e3o de transgenes, purifica\u00e7\u00e3o de prote\u00ednas recombinantes, sele\u00e7\u00e3o e isolamento de microrganismos que apresentam rotas metab\u00f3licas utilizados nos processos industriais (fermenta\u00e7\u00e3o e bioreatores): degrada\u00e7\u00e3o de hidrocarbones arom\u00e1ticos polic\u00edclicos, metano, sulfuro, etc). Princ\u00edpios de gen\u00e9tica industrial e Biotecnologia ambiental<\/p>\n<p><b>LBT02304 &#8211; Biotecnologia Animal<\/b><br \/>\nCr\u00e9ditos: 03<\/p>\n<p>Professora: Mar\u00edlia Amorim Berbert de Molina (Coordenadora)<\/p>\n<p>A disciplina aborda: os conceitos b\u00e1sicos, os objetivos e as aplica\u00e7\u00f5es da Biotecnologia Animal; as principais t\u00e9cnicas biotecnol\u00f3gicas aplicadas \u00e0 Ci\u00eancia e Produ\u00e7\u00e3o Animal; os m\u00e9todos de cultivo de c\u00e9lulas animais in vitro; os m\u00e9todos de transfer\u00eancia de genes para c\u00e9lulas de mam\u00edferos; os m\u00e9todos utilizados na produ\u00e7\u00e3o de animais transg\u00eanicos; as metodologias para a clonagem de animais; os avan\u00e7os recentes na \u00e1rea.<\/p>\n<p><b>LBT02305 &#8211; T\u00f3picos Atuais em Biotecnologia II<\/b><br \/>\nCr\u00e9ditos: 01<\/p>\n<p>Professor:\u00a0Enrique Medina-Acosta (Coordenador)<\/p>\n<p>Esta disciplina visa a atualiza\u00e7\u00e3o sobre os principais t\u00f3picos da biotecnologia vegetal, animal, de microorganismos e de fermenta\u00e7\u00e3o.<\/p>\n<p><b>LBT02310 &#8211; Biologia e Biotecnologia de Insetos Vetores de Doen\u00e7as (optativa)<\/b><br \/>\nCr\u00e9ditos: 02<\/p>\n<p>Professores: Desiely Silva Gusm\u00e3o, Francisco Jos\u00e9 Alves Lemos (Coordenador)<\/p>\n<p>Esta disciplina tem, por objetivo, introduzir os estudantes no estudo da entomologia m\u00e9dica. Ela inclui t\u00f3picos de fisiologia, bioqu\u00edmica, comportamento, metabolismo, e m\u00e9todos de controle de insetos vetores. Em cada cap\u00edtulo, \u00eanfase ser\u00e1 dada nas mais recentes abordagens de biologia molecular<\/p>\n<p><b>LBT02311 &#8211; Introdu\u00e7\u00e3o \u00e0 Bioinform\u00e1tica (optativa)<\/b><br \/>\nCr\u00e9ditos: 02<\/p>\n<p>Professor:\u00a0<span style=\"font-size: small\">Victor Martin Quintana Flores (Coordenador)<\/span><\/p>\n<div><\/div>\n<p>Conceito e hist\u00f3rico da Bioinform\u00e1tica, As redes de informa\u00e7\u00f5es, Bancos de Armazenamento e an\u00e1lise de dados, Bancos de dados Bibliogr\u00e1ficos, Bancos de dados de seq\u00fc\u00eancias de DNA e RNA, No\u00e7\u00f5es de alinhamento de seq\u00fc\u00eancias, Bancos de dados de prote\u00ednas, Bancos de Dados de estruturas, Banco de dados metab\u00f3licos, Montagem e an\u00e1lise de genomas, An\u00e1lise de proteomas, An\u00e1lise de transcriptomas.<\/p>\n<p><b>LBT02401 &#8211; Biotecnologia Vegetal<\/b><br \/>\nCr\u00e9ditos: 03<\/p>\n<p>Professores:\u00a0Dra. Adriane Nunes de Souza, Profa. Claudete Santa Catarina, Prof. Victor Martin Quintana Flores e Prof. Vanildo Silveira (Coordenador)<\/p>\n<p>A disciplina aborda conceitos b\u00e1sicos de cultivo in vitro de plantas, tecidos e c\u00e9lulas vegetais, assim como o seu uso na micropropaga\u00e7\u00e3o vegetal e produ\u00e7\u00e3o de produtos derivados de plantas; os conceitos b\u00e1sicos da estrutura do genoma vegetal e a express\u00e3o de genes, e as metodologias b\u00e1sicas de modifica\u00e7\u00e3o gen\u00e9tica de plantas e an\u00e1lise de plantas transformadas<\/p>\n<p><b>LBT02402 &#8211; T\u00f3picos Atuais em Biotecnologia I<\/b><br \/>\nCr\u00e9ditos: 01<\/p>\n<p>Professor:\u00a0 Enrique Medina-Acosta (Coordenador)<\/p>\n<p>Esta disciplina visa fornecer os fundamentos b\u00e1sicos da biotecnologia vegetal, animal, de microorganismos e de fermenta\u00e7\u00e3o, atrav\u00e9s de dados experimentais, nos quais m\u00e9todos estrat\u00e9gicos de an\u00e1lise e de produ\u00e7\u00e3o s\u00e3o adequados a diferentes modelos biol\u00f3gicos.<\/p>\n<p><b>LBT02406 &#8211; Biotecnologia De Plantas Economicamente Importantes (optativa)<\/b><br \/>\nCr\u00e9ditos: 02<\/p>\n<p>Professora: T\u00e2nia Jacinto Freitas da Silva (Coordenadora)<\/p>\n<p>Visamos demonstrar, via esta disciplina te\u00f3rica, como a biotecnologia do DNA recombinante pode ser aplicada na manipula\u00e7\u00e3o gen\u00e9tica de vegetais, com o objetivo de produzir plantas com maior valor comercial. Os alunos ser\u00e3o avaliados pela apresenta\u00e7\u00e3o de semin\u00e1rios.<\/p>\n<p><b>LBT02407 &#8211; Biologia Vegetal Aplicada \u00e0 Biotecnologia (optativa)<\/b><br \/>\nCr\u00e9ditos: 02<\/p>\n<p>Professor(es):<\/p>\n<p>Esta disciplina visa fornecer o conhecimento b\u00e1sico te\u00f3rico e pr\u00e1tico da biologia vegetal a ser utilizado na \u00e1rea de biotecnologia, apresentando uma vis\u00e3o abrangente sobre aspectos relacionados com assuntos atuais explorados pela biotecnologia como a biodiversidade vegetal e a interrela\u00e7\u00e3o entre os organismos, o uso de t\u00e9cnicas avan\u00e7adas nas \u00e1reas de bioqu\u00edmica e biologia molecular para a caracteriza\u00e7\u00e3o de gen\u00f3tipos selvagens e domesticados e para o estabelecimento de diagnose molecular, a c\u00e9lula vegetal como um biorreator, a pluripot\u00eancia da c\u00e9lula vegetal, a morfog\u00eanese e a sua import\u00e2ncia para a biotecnologia, os reguladores de crescimeto, a reprodu\u00e7\u00e3o sexuada e assexuada e a determina\u00e7\u00e3o do sexo para fins biotecnol\u00f3gicos. Os temas abordados visam fornecer bases para interpreta\u00e7\u00e3o de fen\u00f4menos biol\u00f3gicos envolvidos no ciclo de vida dos vegetais de forma a auxiliar no desenho de estrat\u00e9gias de manipula\u00e7\u00e3o de c\u00e9lulas e tecidos, em isolamento e manipula\u00e7\u00e3o de genes de interesse e na caracteriza\u00e7\u00e3o de gen\u00f3tipos visando a explora\u00e7\u00e3o racional da biodiversidade para fins biotecnol\u00f3gicos.<\/p>\n<p><b>LBT02408 &#8211; Introdu\u00e7\u00e3o \u00e0 cultura de tecidos e c\u00e9lulas vegetais (optativa)<\/b><br \/>\nCr\u00e9ditos: 02<\/p>\n<p>Professores:<\/p>\n<p>Informa\u00e7\u00e3o te\u00f3rico-pr\u00e1tica sobre os procedimentos b\u00e1sicos para a implanta\u00e7\u00e3o e utiliza\u00e7\u00e3o de um laborat\u00f3rio de cultura de tecidos e c\u00e9lulas vegetais. Fundamentos sobre a import\u00e2ncia dos componentes dos meios de cultura e da c\u00e2mara de cultura sobre o crescimento in vitro. Import\u00e2ncia da cultura de tecidos na indu\u00e7\u00e3o da variabilidade gen\u00e9tica, produ\u00e7\u00e3o de embri\u00f5es som\u00e1ticos e zig\u00f3ticos; micropropaga\u00e7\u00e3o, limpeza de v\u00edrus, na conserva\u00e7\u00e3o de bancos de germoplasma, estudos da intera\u00e7\u00e3o entre tecidos e c\u00e9lulas vegetais e microorganismos..<\/p>\n<p><b>LBT02409 &#8211; Biotecnologia Industrial (optativa)<\/b><br \/>\nCr\u00e9ditos: 03<\/p>\n<p>Professores:\u00a0Mar\u00edlia Amorim Berbert de Molina (Coordenadora)<\/p>\n<p>Conceitos fundamentais, caracteriza\u00e7\u00e3o e import\u00e2ncia dos processos biotecnol\u00f3gicos industriais. Processos fermentativos e de interesse industrial.\\: produ\u00e7\u00e3o de etanol, produ\u00e7\u00e3o de enzimas microbianas, produ\u00e7\u00e3o de antibi\u00f3ticos, produ\u00e7\u00e3o de vacinas bacterianas, produ\u00e7\u00e3o de polissacar\u00eddeos, produ\u00e7\u00e3o de \u00e1cidos org\u00e2nicos, produ\u00e7\u00e3o de biopol\u00edmeros, produ\u00e7\u00e3o de amino\u00e1cidos, produ\u00e7\u00e3o de biomassa microbiana (SCP), produ\u00e7\u00e3o de bebidas alco\u00f3licas, produ\u00e7\u00e3o de alimentos fermentados, produ\u00e7\u00e3o de inoculantes agr\u00edcolas. Propaga\u00e7\u00e3o vegetativa para a agricultura. Plantas transg\u00eanicas na agroind\u00fastria. Normatiza\u00e7\u00e3o e Regulamenta\u00e7\u00e3o da Biotecnologia.<\/p>\n<p><b>LBT02411 &#8211; Biologia Molecular de Insetos (optativa)\u00a0<\/b><br \/>\nCr\u00e9ditos: 02<\/p>\n<p>Professores: Desiely Silva Gusm\u00e3o, Francisco Jos\u00e9 Alves Lemos (Coordenador)<\/p>\n<p>Esta disciplina tem, por objetivo, introduzir a terminologia, como tamb\u00e9m os princ\u00edpios, as t\u00e9cnicas e poss\u00edveis aplica\u00e7\u00f5es da gen\u00e9tica molecular ao estudo da entomologia. A organiza\u00e7\u00e3o gen\u00f4mica dos insetos ser\u00e1 descrita. Ser\u00e1 demonstrado como as t\u00e9cnicas de biologia molecular podem resolver uma s\u00e9rie de problemas b\u00e1sicos e aplicados referente ao estudo dos insetos e os recentes avan\u00e7os que t\u00eam revolucionado a biologia, a ecologia, fisiologia, sistem\u00e1tica, comportamento, desenvolvimento e controle dos insetos.<\/p>\n<p><b>LBT02605 &#8211; T\u00e9cnicas de Engenharia Gen\u00e9tica<\/b><br \/>\nCr\u00e9ditos: 03<\/p>\n<p>Professor: Victor Martin Quintana Flores (Coordenador)<\/p>\n<p>A disciplina aborda conceitos b\u00e1sicos de DNA recombinante e engenharia gen\u00e9tica. Clonagem de fragmentos de DNA; vetores de clonagem e express\u00e3o; bibliotecas de DNA gen\u00f4mico e de cDNA; isolamento e an\u00e1lise de novos genes; extra\u00e7\u00e3o de RNA e an\u00e1lise atrav\u00e9s de hibrida\u00e7\u00e3o; produ\u00e7\u00e3o de cDNA atrav\u00e9s de RT-PCR.<\/p>\n","protected":false},"excerpt":{"rendered":"<p>LBT02101 &#8211; Gen\u00e9tica B\u00e1sica Cr\u00e9ditos: 02 Professora: T\u00e2nia Jacinto Freitas da Silva\u00a0(Coordenadora) Esta disciplina envolve os principais t\u00f3picos de Gen\u00e9tica&#8230;<\/p>\n","protected":false},"author":12,"featured_media":0,"parent":0,"menu_order":10,"comment_status":"open","ping_status":"open","template":"","meta":{"footnotes":""},"class_list":["post-58","page","type-page","status-publish","hentry"],"_links":{"self":[{"href":"https:\/\/uenf.br\/cbb\/lbt\/wp-json\/wp\/v2\/pages\/58","targetHints":{"allow":["GET"]}}],"collection":[{"href":"https:\/\/uenf.br\/cbb\/lbt\/wp-json\/wp\/v2\/pages"}],"about":[{"href":"https:\/\/uenf.br\/cbb\/lbt\/wp-json\/wp\/v2\/types\/page"}],"author":[{"embeddable":true,"href":"https:\/\/uenf.br\/cbb\/lbt\/wp-json\/wp\/v2\/users\/12"}],"replies":[{"embeddable":true,"href":"https:\/\/uenf.br\/cbb\/lbt\/wp-json\/wp\/v2\/comments?post=58"}],"version-history":[{"count":0,"href":"https:\/\/uenf.br\/cbb\/lbt\/wp-json\/wp\/v2\/pages\/58\/revisions"}],"wp:attachment":[{"href":"https:\/\/uenf.br\/cbb\/lbt\/wp-json\/wp\/v2\/media?parent=58"}],"curies":[{"name":"wp","href":"https:\/\/api.w.org\/{rel}","templated":true}]}}