{"id":60,"date":"2013-12-18T17:21:55","date_gmt":"2013-12-18T17:21:55","guid":{"rendered":"http:\/\/uenf.br\/cbb\/lbt\/?page_id=60"},"modified":"2025-05-13T21:24:34","modified_gmt":"2025-05-13T21:24:34","slug":"disciplinas-licenciatura","status":"publish","type":"page","link":"https:\/\/uenf.br\/cbb\/lbt\/disciplinas-licenciatura\/","title":{"rendered":"Disciplinas Licenciatura"},"content":{"rendered":"<p><b>LBT02101 &#8211; Gen\u00e9tica B\u00e1sica<\/b><br \/>\nCr\u00e9ditos: 02<\/p>\n<p>Professor: Victor Martin Quintana Flores<\/p>\n<p>Esta disciplina envolve os principais t\u00f3picos de Gen\u00e9tica Basica, G\u00e9n\u00e9tica Mendeliana (leis da hereditariedade), estrutura dos cromossomos, determina\u00e7\u00e3o do sexo e heran\u00e7a ligada ao sexo, mapeamento cromoss\u00f4mico, gen\u00e9tica quantitativa, transposons, recombina\u00e7\u00e3o, muta\u00e7\u00e3o heran\u00e7a extra-cromoss\u00f4mica.<\/p>\n<p><strong>CBB02103 \u2013 Fisiologia Vegetal<br \/>\n<\/strong>Cr\u00e9ditos: 03<\/p>\n<p>Professor:<\/p>\n<p>Vis\u00e3o geral dos conceitos fundamentais; transporte e transloca\u00e7\u00e3o de \u00e1guas e solutos; nutri\u00e7\u00e3o e metabolismo; crescimento e desenvolvimento; controle da express\u00e3o g\u00eanica.<\/p>\n<p><strong>CBB02202 \u2013 Biologia dos vegetais inferiores<br \/>\n<\/strong>Cr\u00e9ditos: 03<\/p>\n<p>Professor:<\/p>\n<p align=\"justify\">Conceitua\u00e7\u00e3o, origem e evolu\u00e7\u00e3o dos fungos, algas e vegetais inferiores. Bases da classifica\u00e7\u00e3o, identifica\u00e7\u00e3o e nomenclatura. Morfologia, reprodu\u00e7\u00e3o e biologia dos principais grupos: algas, fungos, bri\u00f3fitas e pterid\u00f3fitas. T\u00e9cnicas de trabalho: coleta, preserva\u00e7\u00e3o e identifica\u00e7\u00e3o.<\/p>\n<p><strong>LBT02203 &#8211; Biologia Molecular<\/strong><br \/>\nCr\u00e9ditos: 03<\/p>\n<p>Professora: Ana Beatriz Garcia<\/p>\n<p>A disciplina aborda conceitos acerca da Estrutura de \u00e1cidos nucl\u00e9icos; Fluxo da Informa\u00e7\u00e3o g\u00eanica: Transcri\u00e7\u00e3o, Edi\u00e7\u00e3o de RNA e Tradu\u00e7\u00e3o; Regula\u00e7\u00e3o da Express\u00e3o G\u00eanica em Procariotos e Eucariotos; Transdu\u00e7\u00e3o de Sinais; Endere\u00e7amento de Prote\u00ednas e compartimentaliza\u00e7\u00e3o celular; Organiza\u00e7\u00e3o geral de Genomas; Muta\u00e7\u00e3o; Recombina\u00e7\u00e3o em Bact\u00e9rias e seus v\u00edrus; Elementos de transposi\u00e7\u00e3o; Extra\u00e7\u00e3o de \u00e1cidos nucl\u00e9icos; Digest\u00e3o de DNA com enzimas de Restri\u00e7\u00e3o; Hibridiza\u00e7\u00e3o de \u00e1cidos nucl\u00e9icos; Sequenciamento de DNA; Rea\u00e7\u00e3o em Cadeia da Polimerase.<\/p>\n<p><b>CBB42403 &#8211; Instrumenta\u00e7\u00e3o para o Ensino de Gen\u00e9tica<\/b><br \/>\nCr\u00e9ditos: 01<\/p>\n<p>Professora: Ana Beatriz Garcia<\/p>\n<p>Estudo conceitual e experimental de assuntos de Gen\u00e9tica B\u00e1sica, Molecular e Evolutiva na abordagem de projetos de ensino. An\u00e1lise desses projetos sob o ponto de vista de sua metodologia e t\u00e9cnicas de avalia\u00e7\u00e3o.<\/p>\n","protected":false},"excerpt":{"rendered":"<p>LBT02101 &#8211; Gen\u00e9tica B\u00e1sica Cr\u00e9ditos: 02 Professor: Victor Martin Quintana Flores Esta disciplina envolve os principais t\u00f3picos de Gen\u00e9tica Basica,&#8230;<\/p>\n","protected":false},"author":12,"featured_media":0,"parent":0,"menu_order":11,"comment_status":"open","ping_status":"open","template":"","meta":{"footnotes":""},"class_list":["post-60","page","type-page","status-publish","hentry"],"_links":{"self":[{"href":"https:\/\/uenf.br\/cbb\/lbt\/wp-json\/wp\/v2\/pages\/60","targetHints":{"allow":["GET"]}}],"collection":[{"href":"https:\/\/uenf.br\/cbb\/lbt\/wp-json\/wp\/v2\/pages"}],"about":[{"href":"https:\/\/uenf.br\/cbb\/lbt\/wp-json\/wp\/v2\/types\/page"}],"author":[{"embeddable":true,"href":"https:\/\/uenf.br\/cbb\/lbt\/wp-json\/wp\/v2\/users\/12"}],"replies":[{"embeddable":true,"href":"https:\/\/uenf.br\/cbb\/lbt\/wp-json\/wp\/v2\/comments?post=60"}],"version-history":[{"count":0,"href":"https:\/\/uenf.br\/cbb\/lbt\/wp-json\/wp\/v2\/pages\/60\/revisions"}],"wp:attachment":[{"href":"https:\/\/uenf.br\/cbb\/lbt\/wp-json\/wp\/v2\/media?parent=60"}],"curies":[{"name":"wp","href":"https:\/\/api.w.org\/{rel}","templated":true}]}}