{"id":1317,"date":"2020-05-20T14:12:56","date_gmt":"2020-05-20T17:12:56","guid":{"rendered":"http:\/\/uenf.br\/cbb\/lca\/?page_id=1317"},"modified":"2022-06-22T10:23:27","modified_gmt":"2022-06-22T13:23:27","slug":"serie-alem-do-curriculo-lattes","status":"publish","type":"page","link":"https:\/\/uenf.br\/cbb\/lca\/serie-alem-do-curriculo-lattes\/","title":{"rendered":"S\u00e9rie: &#8220;Al\u00e9m do Curr\u00edculo Lattes&#8221;"},"content":{"rendered":"<p>A s\u00e9rie vem sendo apresentada no Instagram do professor Carlos Rezende, que recebe v\u00e1rios convidados especiais para um bate-papo sobre diversos assuntos dentro do tema &#8220;Al\u00e9m do curr\u00edculo Lattes&#8221;.<\/p>\n<p>Abaixo, voc\u00ea encontra o link para alguns desses eventos que j\u00e1 aconteceram, mas n\u00e3o se esque\u00e7a de sempre ficar de olho no instagram do professor Carlos Rezende para n\u00e3o perder nenhum conte\u00fado.<\/p>\n<p>19\/05\/2020- Convidada professora (LCA\/UENF) <a href=\"https:\/\/www.instagram.com\/tv\/CAYrKexp4sE\/\" target=\"_blank\" rel=\"noopener noreferrer\">Marina S. Suzuki<\/a><\/p>\n<p>26\/05\/2020- Convidado professor (LCA\/UENF) <a href=\"https:\/\/www.instagram.com\/tv\/CAqsZgypE80\/\" target=\"_blank\" rel=\"noopener noreferrer\">Carlos R. Ruiz<\/a><\/p>\n<p>02\/06\/2020- Convidado professor (LCA\/UENF)\u00a0 <a href=\"https:\/\/www.instagram.com\/tv\/CA8uJE3JgN2\/\" target=\"_blank\" rel=\"noopener noreferrer\">Carlos E. V. Carvalho<\/a><\/p>\n<p>05\/06\/2020- Convidado professor (LCA\/UENF) <a href=\"https:\/\/www.instagram.com\/tv\/CBEIfIUpGR9\/\" target=\"_blank\" rel=\"noopener noreferrer\">Marcelo T. Nascimento<\/a><\/p>\n<p>09\/06\/2020- Convidado professor (IBCCF\/UFRJ) <a href=\"https:\/\/www.instagram.com\/tv\/CBOvTWBJBS0\/\" target=\"_blank\" rel=\"noopener noreferrer\">Jo\u00e3o P. Torres<\/a><\/p>\n<p>16\/06\/2020- Convidado professor <a href=\"https:\/\/www.instagram.com\/tv\/CBgxPskpJbK\/\" target=\"_blank\" rel=\"noopener noreferrer\">Fabr\u00edcio Alvim<\/a><\/p>\n<p>23\/06\/2020- Convidado professor (Presidente da ADUENF) <a href=\"https:\/\/www.instagram.com\/tv\/CByy0_npI1f\/\" target=\"_blank\" rel=\"noopener noreferrer\">Ricardo N\u00f3brega<\/a><\/p>\n<p>30\/06\/2020- Convidada <a href=\"https:\/\/www.instagram.com\/tv\/CCE0UmQJOj_\/\" target=\"_blank\" rel=\"noopener noreferrer\">Dra. Karla Pedra<\/a><\/p>\n<p>07\/07\/2020- Convidado Ex-aluno Dr. Bruno Jardim<\/p>\n<p>14\/07\/2020- Convidado Professor <a href=\"https:\/\/www.instagram.com\/tv\/CCo3TyYJNwB\/\" target=\"_blank\" rel=\"noopener noreferrer\">Marcos Thom\u00e9<\/a><\/p>\n<p>21\/07\/2020- Convidada <a href=\"https:\/\/www.instagram.com\/tv\/CC65NPupTLp\/\" target=\"_blank\" rel=\"noopener noreferrer\">Dra. Cristiane Vergilio<\/a> (UFES)<\/p>\n<p>28\/07\/2020- Convidado Professor (UFMA) <a href=\"https:\/\/www.instagram.com\/tv\/CDM6ornJyit\/\" target=\"_blank\" rel=\"noopener noreferrer\">Francisco J. S. Dias<\/a><\/p>\n<p>04\/08\/2020- Convidada Professora (UFMA) <a href=\"https:\/\/www.instagram.com\/tv\/CDe8Ip-pgyC\/\" target=\"_blank\" rel=\"noopener noreferrer\">Marianna Basso<\/a><\/p>\n<p>11\/08\/2020- Convidado Professor\/M\u00e9dico veterin\u00e1rio <a href=\"https:\/\/www.instagram.com\/tv\/CDw9y2vpBcW\/\" target=\"_blank\" rel=\"noopener noreferrer\">Andr\u00e9 Lacerda<\/a><\/p>\n<p>18\/08\/2020- Convidada <a href=\"https:\/\/www.instagram.com\/tv\/CEC_UKqpA0q\/\" target=\"_blank\" rel=\"noopener noreferrer\">Nat\u00e1lia Soares<\/a><\/p>\n<p>&nbsp;<\/p>\n<h6>Fonte: Instagram do <a href=\"https:\/\/www.instagram.com\/carlos_de_rezende_2016\/\">Carlos Eduardo Rezende<\/a><\/h6>\n","protected":false},"excerpt":{"rendered":"<p>A s\u00e9rie vem sendo apresentada no Instagram do professor Carlos Rezende, que recebe v\u00e1rios convidados especiais para um bate-papo sobre&#8230;<\/p>\n","protected":false},"author":18,"featured_media":0,"parent":0,"menu_order":5,"comment_status":"closed","ping_status":"closed","template":"","meta":{"footnotes":""},"class_list":["post-1317","page","type-page","status-publish","hentry"],"_links":{"self":[{"href":"https:\/\/uenf.br\/cbb\/lca\/wp-json\/wp\/v2\/pages\/1317","targetHints":{"allow":["GET"]}}],"collection":[{"href":"https:\/\/uenf.br\/cbb\/lca\/wp-json\/wp\/v2\/pages"}],"about":[{"href":"https:\/\/uenf.br\/cbb\/lca\/wp-json\/wp\/v2\/types\/page"}],"author":[{"embeddable":true,"href":"https:\/\/uenf.br\/cbb\/lca\/wp-json\/wp\/v2\/users\/18"}],"replies":[{"embeddable":true,"href":"https:\/\/uenf.br\/cbb\/lca\/wp-json\/wp\/v2\/comments?post=1317"}],"version-history":[{"count":0,"href":"https:\/\/uenf.br\/cbb\/lca\/wp-json\/wp\/v2\/pages\/1317\/revisions"}],"wp:attachment":[{"href":"https:\/\/uenf.br\/cbb\/lca\/wp-json\/wp\/v2\/media?parent=1317"}],"curies":[{"name":"wp","href":"https:\/\/api.w.org\/{rel}","templated":true}]}}