{"id":132,"date":"2017-12-20T15:30:50","date_gmt":"2017-12-20T17:30:50","guid":{"rendered":"http:\/\/uenf.br\/cbb\/lca\/?page_id=132"},"modified":"2017-12-20T15:30:50","modified_gmt":"2017-12-20T17:30:50","slug":"biogeoquimica","status":"publish","type":"page","link":"https:\/\/uenf.br\/cbb\/lca\/linhas-de-pesquisa\/biogeoquimica\/","title":{"rendered":"Biogeoqu\u00edmica"},"content":{"rendered":"<p style=\"text-align: justify\">O\u00a0estudo de fontes e processos que governam a migra\u00e7\u00e3o dos elementos org\u00e2nicos e inorg\u00e2nicos em ambientes terrestres e aqu\u00e1ticos durante seu tr\u00e2nsito na paisagem.<\/p>\n","protected":false},"excerpt":{"rendered":"<p>O\u00a0estudo de fontes e processos que governam a migra\u00e7\u00e3o dos elementos org\u00e2nicos e inorg\u00e2nicos em ambientes terrestres e aqu\u00e1ticos durante&#8230;<\/p>\n","protected":false},"author":18,"featured_media":0,"parent":21,"menu_order":1,"comment_status":"closed","ping_status":"closed","template":"","meta":{"footnotes":""},"class_list":["post-132","page","type-page","status-publish","hentry"],"_links":{"self":[{"href":"https:\/\/uenf.br\/cbb\/lca\/wp-json\/wp\/v2\/pages\/132","targetHints":{"allow":["GET"]}}],"collection":[{"href":"https:\/\/uenf.br\/cbb\/lca\/wp-json\/wp\/v2\/pages"}],"about":[{"href":"https:\/\/uenf.br\/cbb\/lca\/wp-json\/wp\/v2\/types\/page"}],"author":[{"embeddable":true,"href":"https:\/\/uenf.br\/cbb\/lca\/wp-json\/wp\/v2\/users\/18"}],"replies":[{"embeddable":true,"href":"https:\/\/uenf.br\/cbb\/lca\/wp-json\/wp\/v2\/comments?post=132"}],"version-history":[{"count":0,"href":"https:\/\/uenf.br\/cbb\/lca\/wp-json\/wp\/v2\/pages\/132\/revisions"}],"up":[{"embeddable":true,"href":"https:\/\/uenf.br\/cbb\/lca\/wp-json\/wp\/v2\/pages\/21"}],"wp:attachment":[{"href":"https:\/\/uenf.br\/cbb\/lca\/wp-json\/wp\/v2\/media?parent=132"}],"curies":[{"name":"wp","href":"https:\/\/api.w.org\/{rel}","templated":true}]}}