{"id":134,"date":"2017-12-20T15:31:07","date_gmt":"2017-12-20T17:31:07","guid":{"rendered":"http:\/\/uenf.br\/cbb\/lca\/?page_id=134"},"modified":"2018-02-28T17:01:06","modified_gmt":"2018-02-28T20:01:06","slug":"biologia-da-conservacao","status":"publish","type":"page","link":"https:\/\/uenf.br\/cbb\/lca\/linhas-de-pesquisa\/biologia-da-conservacao\/","title":{"rendered":"Biologia da Conserva\u00e7\u00e3o\u00a0"},"content":{"rendered":"<p style=\"text-align: justify\">Estudo dos processos ecol\u00f3gicos e antr\u00f3picos que afetam a biodiversidade e outros recursos naturais em v\u00e1rios ecossistemas brasileiros. As pesquisas abordam processos em diversos n\u00edveis de organiza\u00e7\u00e3o e integram perspectivas da ecologia.<\/p>\n","protected":false},"excerpt":{"rendered":"<p>Estudo dos processos ecol\u00f3gicos e antr\u00f3picos que afetam a biodiversidade e outros recursos naturais em v\u00e1rios ecossistemas brasileiros. As pesquisas&#8230;<\/p>\n","protected":false},"author":18,"featured_media":0,"parent":21,"menu_order":2,"comment_status":"closed","ping_status":"closed","template":"","meta":{"footnotes":""},"class_list":["post-134","page","type-page","status-publish","hentry"],"_links":{"self":[{"href":"https:\/\/uenf.br\/cbb\/lca\/wp-json\/wp\/v2\/pages\/134","targetHints":{"allow":["GET"]}}],"collection":[{"href":"https:\/\/uenf.br\/cbb\/lca\/wp-json\/wp\/v2\/pages"}],"about":[{"href":"https:\/\/uenf.br\/cbb\/lca\/wp-json\/wp\/v2\/types\/page"}],"author":[{"embeddable":true,"href":"https:\/\/uenf.br\/cbb\/lca\/wp-json\/wp\/v2\/users\/18"}],"replies":[{"embeddable":true,"href":"https:\/\/uenf.br\/cbb\/lca\/wp-json\/wp\/v2\/comments?post=134"}],"version-history":[{"count":0,"href":"https:\/\/uenf.br\/cbb\/lca\/wp-json\/wp\/v2\/pages\/134\/revisions"}],"up":[{"embeddable":true,"href":"https:\/\/uenf.br\/cbb\/lca\/wp-json\/wp\/v2\/pages\/21"}],"wp:attachment":[{"href":"https:\/\/uenf.br\/cbb\/lca\/wp-json\/wp\/v2\/media?parent=134"}],"curies":[{"name":"wp","href":"https:\/\/api.w.org\/{rel}","templated":true}]}}