{"id":136,"date":"2017-12-20T15:31:14","date_gmt":"2017-12-20T17:31:14","guid":{"rendered":"http:\/\/uenf.br\/cbb\/lca\/?page_id=136"},"modified":"2017-12-20T15:31:14","modified_gmt":"2017-12-20T17:31:14","slug":"ecologia-de-comunidades","status":"publish","type":"page","link":"https:\/\/uenf.br\/cbb\/lca\/linhas-de-pesquisa\/ecologia-de-comunidades\/","title":{"rendered":"Ecologia de Comunidades"},"content":{"rendered":"<p style=\"text-align: justify\">Abrange estudos de comunidades vegetais e animais, em ambientes terrestres e aqu\u00e1ticos, e de processos e intera\u00e7\u00f5es ecol\u00f3gicas.<\/p>\n","protected":false},"excerpt":{"rendered":"<p>Abrange estudos de comunidades vegetais e animais, em ambientes terrestres e aqu\u00e1ticos, e de processos e intera\u00e7\u00f5es ecol\u00f3gicas.<\/p>\n","protected":false},"author":18,"featured_media":0,"parent":21,"menu_order":3,"comment_status":"closed","ping_status":"closed","template":"","meta":{"footnotes":""},"class_list":["post-136","page","type-page","status-publish","hentry"],"_links":{"self":[{"href":"https:\/\/uenf.br\/cbb\/lca\/wp-json\/wp\/v2\/pages\/136","targetHints":{"allow":["GET"]}}],"collection":[{"href":"https:\/\/uenf.br\/cbb\/lca\/wp-json\/wp\/v2\/pages"}],"about":[{"href":"https:\/\/uenf.br\/cbb\/lca\/wp-json\/wp\/v2\/types\/page"}],"author":[{"embeddable":true,"href":"https:\/\/uenf.br\/cbb\/lca\/wp-json\/wp\/v2\/users\/18"}],"replies":[{"embeddable":true,"href":"https:\/\/uenf.br\/cbb\/lca\/wp-json\/wp\/v2\/comments?post=136"}],"version-history":[{"count":0,"href":"https:\/\/uenf.br\/cbb\/lca\/wp-json\/wp\/v2\/pages\/136\/revisions"}],"up":[{"embeddable":true,"href":"https:\/\/uenf.br\/cbb\/lca\/wp-json\/wp\/v2\/pages\/21"}],"wp:attachment":[{"href":"https:\/\/uenf.br\/cbb\/lca\/wp-json\/wp\/v2\/media?parent=136"}],"curies":[{"name":"wp","href":"https:\/\/api.w.org\/{rel}","templated":true}]}}