{"id":138,"date":"2017-12-20T15:31:28","date_gmt":"2017-12-20T17:31:28","guid":{"rendered":"http:\/\/uenf.br\/cbb\/lca\/?page_id=138"},"modified":"2017-12-20T15:31:28","modified_gmt":"2017-12-20T17:31:28","slug":"ecologia-evolutiva-comportamental-e-de-populacoes","status":"publish","type":"page","link":"https:\/\/uenf.br\/cbb\/lca\/linhas-de-pesquisa\/ecologia-evolutiva-comportamental-e-de-populacoes\/","title":{"rendered":"Ecologia Evolutiva, Comportamental e de Popula\u00e7\u00f5es"},"content":{"rendered":"<p style=\"text-align: justify\">Abrange estudos de popula\u00e7\u00f5es vegetais e animais em comunidades terrestres de mata atl\u00e2ntica, manguezal e restinga, e aqu\u00e1ticas de rios, lagoas e praias.<\/p>\n","protected":false},"excerpt":{"rendered":"<p>Abrange estudos de popula\u00e7\u00f5es vegetais e animais em comunidades terrestres de mata atl\u00e2ntica, manguezal e restinga, e aqu\u00e1ticas de rios,&#8230;<\/p>\n","protected":false},"author":18,"featured_media":0,"parent":21,"menu_order":4,"comment_status":"closed","ping_status":"closed","template":"","meta":{"footnotes":""},"class_list":["post-138","page","type-page","status-publish","hentry"],"_links":{"self":[{"href":"https:\/\/uenf.br\/cbb\/lca\/wp-json\/wp\/v2\/pages\/138","targetHints":{"allow":["GET"]}}],"collection":[{"href":"https:\/\/uenf.br\/cbb\/lca\/wp-json\/wp\/v2\/pages"}],"about":[{"href":"https:\/\/uenf.br\/cbb\/lca\/wp-json\/wp\/v2\/types\/page"}],"author":[{"embeddable":true,"href":"https:\/\/uenf.br\/cbb\/lca\/wp-json\/wp\/v2\/users\/18"}],"replies":[{"embeddable":true,"href":"https:\/\/uenf.br\/cbb\/lca\/wp-json\/wp\/v2\/comments?post=138"}],"version-history":[{"count":0,"href":"https:\/\/uenf.br\/cbb\/lca\/wp-json\/wp\/v2\/pages\/138\/revisions"}],"up":[{"embeddable":true,"href":"https:\/\/uenf.br\/cbb\/lca\/wp-json\/wp\/v2\/pages\/21"}],"wp:attachment":[{"href":"https:\/\/uenf.br\/cbb\/lca\/wp-json\/wp\/v2\/media?parent=138"}],"curies":[{"name":"wp","href":"https:\/\/api.w.org\/{rel}","templated":true}]}}