{"id":149,"date":"2018-02-07T14:34:56","date_gmt":"2018-02-07T16:34:56","guid":{"rendered":"http:\/\/uenf.br\/cbb\/lca\/?page_id=149"},"modified":"2025-08-28T20:03:47","modified_gmt":"2025-08-28T23:03:47","slug":"central-analitica","status":"publish","type":"page","link":"https:\/\/uenf.br\/cbb\/lca\/apresentacao\/infraestrutura\/central-analitica\/","title":{"rendered":"Central Anal\u00edtica Prof.\u00aa Cristina Maria Magalh\u00e3es de Souza"},"content":{"rendered":"<p style=\"text-align: left\"><strong> Norma da Central Anal\u00edtica Prof.\u00aa Cristina Maria Magalh\u00e3es de Souza (Norma n\u00ba 01\/2025 do LCA)<\/strong><\/p>\n<p style=\"text-align: left\">Para acessar o arquivo clique no link abaixo.<\/p>\n<p style=\"text-align: left\"><a href=\"https:\/\/uenf.br\/cbb\/lca\/files\/2025\/08\/Normas-da-Central-Analitica-do-LCA.pdf\">Norma da Central Anal\u00edtica Prof.\u00aa Cristina Maria Magalh\u00e3es de Souza (Norma n\u00ba 01\/2025 do LCA).<\/a><\/p>\n<p>&nbsp;<\/p>\n<p style=\"text-align: center\"><strong>Equipamentos<\/strong><\/p>\n<p style=\"text-align: center\">O Laborat\u00f3rio de Ci\u00eancias Ambientais (LCA) conta com uma estrutura de apoio para o desenvolvimento de pesquisas e disp\u00f5e de equipamentos destinados ao preparo de amostras.<\/p>\n\n\t\t<style>\n\t\t\t#gallery-1 {\n\t\t\t\tmargin: auto;\n\t\t\t}\n\t\t\t#gallery-1 .gallery-item {\n\t\t\t\tfloat: left;\n\t\t\t\tmargin-top: 10px;\n\t\t\t\ttext-align: center;\n\t\t\t\twidth: 33%;\n\t\t\t}\n\t\t\t#gallery-1 img {\n\t\t\t\tborder: 2px solid #cfcfcf;\n\t\t\t}\n\t\t\t#gallery-1 .gallery-caption {\n\t\t\t\tmargin-left: 0;\n\t\t\t}\n\t\t\t\/* see gallery_shortcode() in wp-includes\/media.php *\/\n\t\t<\/style>\n\t\t<div id='gallery-1' class='gallery galleryid-149 gallery-columns-3 gallery-size-thumbnail'><dl class='gallery-item'>\n\t\t\t<dt class='gallery-icon landscape'>\n\t\t\t\t<a href='https:\/\/uenf.br\/cbb\/lca\/apresentacao\/infraestrutura\/central-analitica\/equipamento-1\/'><img decoding=\"async\" width=\"150\" height=\"130\" src=\"https:\/\/uenf.br\/cbb\/lca\/files\/2019\/03\/Equipamento-1.png\" class=\"attachment-thumbnail size-thumbnail\" alt=\"\" aria-describedby=\"gallery-1-943\" loading=\"lazy\" \/><\/a>\n\t\t\t<\/dt>\n\t\t\t\t<dd class='wp-caption-text gallery-caption' id='gallery-1-943'>\n\t\t\t\tMicroondas\n\t\t\t\t<\/dd><\/dl><dl class='gallery-item'>\n\t\t\t<dt class='gallery-icon landscape'>\n\t\t\t\t<a href='https:\/\/uenf.br\/cbb\/lca\/apresentacao\/infraestrutura\/central-analitica\/dsc_6892-3\/'><img decoding=\"async\" width=\"150\" height=\"130\" src=\"https:\/\/uenf.br\/cbb\/lca\/files\/2019\/03\/DSC_6892-1.png\" class=\"attachment-thumbnail size-thumbnail\" alt=\"\" aria-describedby=\"gallery-1-959\" loading=\"lazy\" \/><\/a>\n\t\t\t<\/dt>\n\t\t\t\t<dd class='wp-caption-text gallery-caption' id='gallery-1-959'>\n\t\t\t\tEspectrofluor\u00edmetro\n\t\t\t\t<\/dd><\/dl><dl class='gallery-item'>\n\t\t\t<dt class='gallery-icon landscape'>\n\t\t\t\t<a href='https:\/\/uenf.br\/cbb\/lca\/apresentacao\/infraestrutura\/central-analitica\/equipamento-3\/'><img decoding=\"async\" width=\"150\" height=\"130\" src=\"https:\/\/uenf.br\/cbb\/lca\/files\/2019\/03\/Equipamento-3.png\" class=\"attachment-thumbnail size-thumbnail\" alt=\"\" aria-describedby=\"gallery-1-960\" loading=\"lazy\" \/><\/a>\n\t\t\t<\/dt>\n\t\t\t\t<dd class='wp-caption-text gallery-caption' id='gallery-1-960'>\n\t\t\t\tEspectrofot\u00f4metro UV- VIS\n\t\t\t\t<\/dd><\/dl><br style=\"clear: both\" \/><dl class='gallery-item'>\n\t\t\t<dt class='gallery-icon landscape'>\n\t\t\t\t<a href='https:\/\/uenf.br\/cbb\/lca\/apresentacao\/infraestrutura\/central-analitica\/equipamento-5\/'><img decoding=\"async\" width=\"150\" height=\"130\" src=\"https:\/\/uenf.br\/cbb\/lca\/files\/2019\/03\/Equipamento-5.png\" class=\"attachment-thumbnail size-thumbnail\" alt=\"\" aria-describedby=\"gallery-1-962\" loading=\"lazy\" \/><\/a>\n\t\t\t<\/dt>\n\t\t\t\t<dd class='wp-caption-text gallery-caption' id='gallery-1-962'>\n\t\t\t\tAnalisador de \u00c1rea Superficial\n\t\t\t\t<\/dd><\/dl><dl class='gallery-item'>\n\t\t\t<dt class='gallery-icon landscape'>\n\t\t\t\t<a href='https:\/\/uenf.br\/cbb\/lca\/apresentacao\/infraestrutura\/central-analitica\/equipamento-6\/'><img decoding=\"async\" width=\"150\" height=\"130\" src=\"https:\/\/uenf.br\/cbb\/lca\/files\/2019\/03\/Equipamento-6.png\" class=\"attachment-thumbnail size-thumbnail\" alt=\"\" aria-describedby=\"gallery-1-967\" loading=\"lazy\" \/><\/a>\n\t\t\t<\/dt>\n\t\t\t\t<dd class='wp-caption-text gallery-caption' id='gallery-1-967'>\n\t\t\t\tAnalisador de COD\/NTD\n\t\t\t\t<\/dd><\/dl><dl class='gallery-item'>\n\t\t\t<dt class='gallery-icon landscape'>\n\t\t\t\t<a href='https:\/\/uenf.br\/cbb\/lca\/apresentacao\/infraestrutura\/central-analitica\/equipamento-7\/'><img decoding=\"async\" width=\"150\" height=\"130\" src=\"https:\/\/uenf.br\/cbb\/lca\/files\/2019\/03\/equipamento-7.png\" class=\"attachment-thumbnail size-thumbnail\" alt=\"\" aria-describedby=\"gallery-1-969\" loading=\"lazy\" \/><\/a>\n\t\t\t<\/dt>\n\t\t\t\t<dd class='wp-caption-text gallery-caption' id='gallery-1-969'>\n\t\t\t\tEspectr\u00f4metro de Emiss\u00e3o At\u00f4mica por Plasma Acoplado Indutivamente\n\t\t\t\t<\/dd><\/dl><br style=\"clear: both\" \/><dl class='gallery-item'>\n\t\t\t<dt class='gallery-icon landscape'>\n\t\t\t\t<a href='https:\/\/uenf.br\/cbb\/lca\/apresentacao\/infraestrutura\/central-analitica\/equipamento-8\/'><img decoding=\"async\" width=\"150\" height=\"130\" src=\"https:\/\/uenf.br\/cbb\/lca\/files\/2019\/03\/Equipamento-8.png\" class=\"attachment-thumbnail size-thumbnail\" alt=\"\" aria-describedby=\"gallery-1-971\" loading=\"lazy\" \/><\/a>\n\t\t\t<\/dt>\n\t\t\t\t<dd class='wp-caption-text gallery-caption' id='gallery-1-971'>\n\t\t\t\tEspectr\u00f4metro de Emiss\u00e3o \u00d3ptica com Plasma Acoplado Indutivamente\n\t\t\t\t<\/dd><\/dl><dl class='gallery-item'>\n\t\t\t<dt class='gallery-icon landscape'>\n\t\t\t\t<a href='https:\/\/uenf.br\/cbb\/lca\/apresentacao\/infraestrutura\/central-analitica\/equipamento-12\/'><img decoding=\"async\" width=\"150\" height=\"130\" src=\"https:\/\/uenf.br\/cbb\/lca\/files\/2019\/03\/Equipamento-12.png\" class=\"attachment-thumbnail size-thumbnail\" alt=\"\" aria-describedby=\"gallery-1-1018\" loading=\"lazy\" \/><\/a>\n\t\t\t<\/dt>\n\t\t\t\t<dd class='wp-caption-text gallery-caption' id='gallery-1-1018'>\n\t\t\t\tCromat\u00f3grafo de \u00cdons (UV-VIS e Condutividade)\n\t\t\t\t<\/dd><\/dl><dl class='gallery-item'>\n\t\t\t<dt class='gallery-icon landscape'>\n\t\t\t\t<a href='https:\/\/uenf.br\/cbb\/lca\/apresentacao\/infraestrutura\/central-analitica\/foto-8\/'><img decoding=\"async\" width=\"150\" height=\"130\" src=\"https:\/\/uenf.br\/cbb\/lca\/files\/2019\/04\/Foto-8.png\" class=\"attachment-thumbnail size-thumbnail\" alt=\"\" aria-describedby=\"gallery-1-1043\" loading=\"lazy\" \/><\/a>\n\t\t\t<\/dt>\n\t\t\t\t<dd class='wp-caption-text gallery-caption' id='gallery-1-1043'>\n\t\t\t\tGranul\u00f4metro- Analisador de Part\u00edculas por difra\u00e7\u00e3o\n\t\t\t\t<\/dd><\/dl><br style=\"clear: both\" \/>\n\t\t<\/div>\n\n<p>&nbsp;<\/p>\n<p><strong>Ger\u00eancia Anal\u00edtica:<\/strong> Dr. Marcelo Gomes de Almeida.<\/p>\n<p>&nbsp;<\/p>\n<p>&nbsp;<\/p>\n<p style=\"text-align: center\"><strong>Equipamentos<\/strong><\/p>\n\n\t\t<style>\n\t\t\t#gallery-2 {\n\t\t\t\tmargin: auto;\n\t\t\t}\n\t\t\t#gallery-2 .gallery-item {\n\t\t\t\tfloat: left;\n\t\t\t\tmargin-top: 10px;\n\t\t\t\ttext-align: center;\n\t\t\t\twidth: 33%;\n\t\t\t}\n\t\t\t#gallery-2 img {\n\t\t\t\tborder: 2px solid #cfcfcf;\n\t\t\t}\n\t\t\t#gallery-2 .gallery-caption {\n\t\t\t\tmargin-left: 0;\n\t\t\t}\n\t\t\t\/* see gallery_shortcode() in wp-includes\/media.php *\/\n\t\t<\/style>\n\t\t<div id='gallery-2' class='gallery galleryid-149 gallery-columns-3 gallery-size-thumbnail'><dl class='gallery-item'>\n\t\t\t<dt class='gallery-icon landscape'>\n\t\t\t\t<a href='https:\/\/uenf.br\/cbb\/lca\/apresentacao\/infraestrutura\/central-analitica\/equipamento-11\/'><img decoding=\"async\" width=\"150\" height=\"130\" src=\"https:\/\/uenf.br\/cbb\/lca\/files\/2019\/03\/equipamento-11.png\" class=\"attachment-thumbnail size-thumbnail\" alt=\"\" aria-describedby=\"gallery-2-1017\" loading=\"lazy\" \/><\/a>\n\t\t\t<\/dt>\n\t\t\t\t<dd class='wp-caption-text gallery-caption' id='gallery-2-1017'>\n\t\t\t\tEspectrofot\u00f4metro de Fluoresc\u00eancia At\u00f4mica\n\t\t\t\t<\/dd><\/dl><dl class='gallery-item'>\n\t\t\t<dt class='gallery-icon landscape'>\n\t\t\t\t<a href='https:\/\/uenf.br\/cbb\/lca\/apresentacao\/infraestrutura\/central-analitica\/foto-4-2\/'><img decoding=\"async\" width=\"150\" height=\"130\" src=\"https:\/\/uenf.br\/cbb\/lca\/files\/2019\/04\/Foto-4.png\" class=\"attachment-thumbnail size-thumbnail\" alt=\"\" aria-describedby=\"gallery-2-1032\" loading=\"lazy\" \/><\/a>\n\t\t\t<\/dt>\n\t\t\t\t<dd class='wp-caption-text gallery-caption' id='gallery-2-1032'>\n\t\t\t\tBalan\u00e7a Semianal\u00edtica\n\t\t\t\t<\/dd><\/dl><dl class='gallery-item'>\n\t\t\t<dt class='gallery-icon landscape'>\n\t\t\t\t<a href='https:\/\/uenf.br\/cbb\/lca\/apresentacao\/infraestrutura\/central-analitica\/equipamento-10\/'><img decoding=\"async\" width=\"150\" height=\"130\" src=\"https:\/\/uenf.br\/cbb\/lca\/files\/2019\/03\/Equipamento-10.png\" class=\"attachment-thumbnail size-thumbnail\" alt=\"\" aria-describedby=\"gallery-2-1016\" loading=\"lazy\" \/><\/a>\n\t\t\t<\/dt>\n\t\t\t\t<dd class='wp-caption-text gallery-caption' id='gallery-2-1016'>\n\t\t\t\tBalan\u00e7a Anal\u00edtica\n\t\t\t\t<\/dd><\/dl><br style=\"clear: both\" \/><dl class='gallery-item'>\n\t\t\t<dt class='gallery-icon landscape'>\n\t\t\t\t<a href='https:\/\/uenf.br\/cbb\/lca\/apresentacao\/infraestrutura\/central-analitica\/equipamento-13\/'><img decoding=\"async\" width=\"150\" height=\"130\" src=\"https:\/\/uenf.br\/cbb\/lca\/files\/2019\/04\/equipamento-13.png\" class=\"attachment-thumbnail size-thumbnail\" alt=\"\" aria-describedby=\"gallery-2-1030\" loading=\"lazy\" \/><\/a>\n\t\t\t<\/dt>\n\t\t\t\t<dd class='wp-caption-text gallery-caption' id='gallery-2-1030'>\n\t\t\t\tCapela de Fluxo\n\t\t\t\t<\/dd><\/dl><dl class='gallery-item'>\n\t\t\t<dt class='gallery-icon landscape'>\n\t\t\t\t<a href='https:\/\/uenf.br\/cbb\/lca\/apresentacao\/infraestrutura\/central-analitica\/foto-3\/'><img decoding=\"async\" width=\"150\" height=\"130\" src=\"https:\/\/uenf.br\/cbb\/lca\/files\/2019\/04\/Foto-3.png\" class=\"attachment-thumbnail size-thumbnail\" alt=\"\" aria-describedby=\"gallery-2-1034\" loading=\"lazy\" \/><\/a>\n\t\t\t<\/dt>\n\t\t\t\t<dd class='wp-caption-text gallery-caption' id='gallery-2-1034'>\n\t\t\t\tIRMS (Isotope Ratio Mass Spectrometry; Espectrometria de Massa da Raz\u00e3o Isot\u00f3pica)\n\t\t\t\t<\/dd><\/dl><dl class='gallery-item'>\n\t\t\t<dt class='gallery-icon landscape'>\n\t\t\t\t<a href='https:\/\/uenf.br\/cbb\/lca\/apresentacao\/infraestrutura\/central-analitica\/foto-6-2\/'><img decoding=\"async\" width=\"150\" height=\"130\" src=\"https:\/\/uenf.br\/cbb\/lca\/files\/2019\/04\/Foto-6.png\" class=\"attachment-thumbnail size-thumbnail\" alt=\"\" aria-describedby=\"gallery-2-1035\" loading=\"lazy\" \/><\/a>\n\t\t\t<\/dt>\n\t\t\t\t<dd class='wp-caption-text gallery-caption' id='gallery-2-1035'>\n\t\t\t\tAnalisador de Merc\u00fario TEKRAN\n\t\t\t\t<\/dd><\/dl><br style=\"clear: both\" \/><dl class='gallery-item'>\n\t\t\t<dt class='gallery-icon landscape'>\n\t\t\t\t<a href='https:\/\/uenf.br\/cbb\/lca\/apresentacao\/infraestrutura\/central-analitica\/foto-7-2\/'><img decoding=\"async\" width=\"150\" height=\"130\" src=\"https:\/\/uenf.br\/cbb\/lca\/files\/2019\/04\/Foto-7.png\" class=\"attachment-thumbnail size-thumbnail\" alt=\"\" aria-describedby=\"gallery-2-1036\" loading=\"lazy\" \/><\/a>\n\t\t\t<\/dt>\n\t\t\t\t<dd class='wp-caption-text gallery-caption' id='gallery-2-1036'>\n\t\t\t\tQuick Trace Analisador de Merc\u00fario\n\t\t\t\t<\/dd><\/dl>\n\t\t\t<br style='clear: both' \/>\n\t\t<\/div>\n\n<p>&nbsp;<\/p>\n<p><strong>Respons\u00e1vel T\u00e9cnico:\u00a0<\/strong>Dr. Marcelo Gomes de Almeida.<\/p>\n<p><strong>Professor Respons\u00e1vel:<\/strong> Carlos Eduardo de Rezende.<\/p>\n<p>&nbsp;<\/p>\n<p style=\"text-align: center\"><strong>Equipamentos<\/strong><\/p>\n\n\t\t<style>\n\t\t\t#gallery-3 {\n\t\t\t\tmargin: auto;\n\t\t\t}\n\t\t\t#gallery-3 .gallery-item {\n\t\t\t\tfloat: left;\n\t\t\t\tmargin-top: 10px;\n\t\t\t\ttext-align: center;\n\t\t\t\twidth: 33%;\n\t\t\t}\n\t\t\t#gallery-3 img {\n\t\t\t\tborder: 2px solid #cfcfcf;\n\t\t\t}\n\t\t\t#gallery-3 .gallery-caption {\n\t\t\t\tmargin-left: 0;\n\t\t\t}\n\t\t\t\/* see gallery_shortcode() in wp-includes\/media.php *\/\n\t\t<\/style>\n\t\t<div id='gallery-3' class='gallery galleryid-149 gallery-columns-3 gallery-size-thumbnail'><dl class='gallery-item'>\n\t\t\t<dt class='gallery-icon landscape'>\n\t\t\t\t<a href='https:\/\/uenf.br\/cbb\/lca\/apresentacao\/infraestrutura\/central-analitica\/foto-2-2\/'><img decoding=\"async\" width=\"150\" height=\"130\" src=\"https:\/\/uenf.br\/cbb\/lca\/files\/2019\/04\/Foto-2.png\" class=\"attachment-thumbnail size-thumbnail\" alt=\"\" aria-describedby=\"gallery-3-1039\" loading=\"lazy\" \/><\/a>\n\t\t\t<\/dt>\n\t\t\t\t<dd class='wp-caption-text gallery-caption' id='gallery-3-1039'>\n\t\t\t\tCromat\u00f3grafo a g\u00e1s acoplado ao Espectr\u00f4metro de Massa\n\t\t\t\t<\/dd><\/dl><dl class='gallery-item'>\n\t\t\t<dt class='gallery-icon landscape'>\n\t\t\t\t<a href='https:\/\/uenf.br\/cbb\/lca\/apresentacao\/infraestrutura\/central-analitica\/equipamento-9\/'><img decoding=\"async\" width=\"150\" height=\"130\" src=\"https:\/\/uenf.br\/cbb\/lca\/files\/2019\/03\/equipamento-9.png\" class=\"attachment-thumbnail size-thumbnail\" alt=\"\" aria-describedby=\"gallery-3-1015\" loading=\"lazy\" \/><\/a>\n\t\t\t<\/dt>\n\t\t\t\t<dd class='wp-caption-text gallery-caption' id='gallery-3-1015'>\n\t\t\t\tCromat\u00f3grafo a g\u00e1s acoplado com sistema Espectr\u00f4metro de Massa\n\t\t\t\t<\/dd><\/dl><dl class='gallery-item'>\n\t\t\t<dt class='gallery-icon landscape'>\n\t\t\t\t<a href='https:\/\/uenf.br\/cbb\/lca\/apresentacao\/infraestrutura\/central-analitica\/foto-1-2\/'><img decoding=\"async\" width=\"150\" height=\"130\" src=\"https:\/\/uenf.br\/cbb\/lca\/files\/2019\/04\/Foto-1.png\" class=\"attachment-thumbnail size-thumbnail\" alt=\"\" aria-describedby=\"gallery-3-1038\" loading=\"lazy\" \/><\/a>\n\t\t\t<\/dt>\n\t\t\t\t<dd class='wp-caption-text gallery-caption' id='gallery-3-1038'>\n\t\t\t\tCromat\u00f3grafo a g\u00e1s com detector FID\/PID\n\t\t\t\t<\/dd><\/dl><br style=\"clear: both\" \/>\n\t\t<\/div>\n\n<p>&nbsp;<\/p>\n<p><strong>Respons\u00e1vel T\u00e9cnico:<\/strong> Dr. Marcelo Gomes de Almeida.<\/p>\n<p><strong>Professores Respons\u00e1veis:<\/strong> Carlos Eduardo de Rezende e Marina Satika Suzuki.<\/p>\n<p>&nbsp;<\/p>\n<p style=\"text-align: center\"><strong>Equipamentos<\/strong><\/p>\n\n\t\t<style>\n\t\t\t#gallery-4 {\n\t\t\t\tmargin: auto;\n\t\t\t}\n\t\t\t#gallery-4 .gallery-item {\n\t\t\t\tfloat: left;\n\t\t\t\tmargin-top: 10px;\n\t\t\t\ttext-align: center;\n\t\t\t\twidth: 33%;\n\t\t\t}\n\t\t\t#gallery-4 img {\n\t\t\t\tborder: 2px solid #cfcfcf;\n\t\t\t}\n\t\t\t#gallery-4 .gallery-caption {\n\t\t\t\tmargin-left: 0;\n\t\t\t}\n\t\t\t\/* see gallery_shortcode() in wp-includes\/media.php *\/\n\t\t<\/style>\n\t\t<div id='gallery-4' class='gallery galleryid-149 gallery-columns-3 gallery-size-thumbnail'><dl class='gallery-item'>\n\t\t\t<dt class='gallery-icon landscape'>\n\t\t\t\t<a href='https:\/\/uenf.br\/cbb\/lca\/apresentacao\/infraestrutura\/central-analitica\/equipamento-8-2\/'><img decoding=\"async\" width=\"150\" height=\"130\" src=\"https:\/\/uenf.br\/cbb\/lca\/files\/2019\/03\/Equipamento-8-1.png\" class=\"attachment-thumbnail size-thumbnail\" alt=\"\" aria-describedby=\"gallery-4-1014\" loading=\"lazy\" \/><\/a>\n\t\t\t<\/dt>\n\t\t\t\t<dd class='wp-caption-text gallery-caption' id='gallery-4-1014'>\n\t\t\t\tLiofilizador\n\t\t\t\t<\/dd><\/dl><dl class='gallery-item'>\n\t\t\t<dt class='gallery-icon landscape'>\n\t\t\t\t<a href='https:\/\/uenf.br\/cbb\/lca\/apresentacao\/infraestrutura\/central-analitica\/dsc_7106\/'><img decoding=\"async\" width=\"150\" height=\"130\" src=\"https:\/\/uenf.br\/cbb\/lca\/files\/2019\/04\/DSC_7106.png\" class=\"attachment-thumbnail size-thumbnail\" alt=\"\" aria-describedby=\"gallery-4-1044\" loading=\"lazy\" \/><\/a>\n\t\t\t<\/dt>\n\t\t\t\t<dd class='wp-caption-text gallery-caption' id='gallery-4-1044'>\n\t\t\t\tLiofilizador\n\t\t\t\t<\/dd><\/dl><dl class='gallery-item'>\n\t\t\t<dt class='gallery-icon landscape'>\n\t\t\t\t<a href='https:\/\/uenf.br\/cbb\/lca\/apresentacao\/infraestrutura\/central-analitica\/lio\/'><img decoding=\"async\" width=\"150\" height=\"130\" src=\"https:\/\/uenf.br\/cbb\/lca\/files\/2019\/04\/lio.png\" class=\"attachment-thumbnail size-thumbnail\" alt=\"\" aria-describedby=\"gallery-4-1045\" loading=\"lazy\" \/><\/a>\n\t\t\t<\/dt>\n\t\t\t\t<dd class='wp-caption-text gallery-caption' id='gallery-4-1045'>\n\t\t\t\tLiofilizador\n\t\t\t\t<\/dd><\/dl><br style=\"clear: both\" \/>\n\t\t<\/div>\n\n<p>&nbsp;<\/p>\n<p style=\"text-align: left\"><strong>Barcos<\/strong><\/p>\n\n\t\t<style>\n\t\t\t#gallery-5 {\n\t\t\t\tmargin: auto;\n\t\t\t}\n\t\t\t#gallery-5 .gallery-item {\n\t\t\t\tfloat: left;\n\t\t\t\tmargin-top: 10px;\n\t\t\t\ttext-align: center;\n\t\t\t\twidth: 33%;\n\t\t\t}\n\t\t\t#gallery-5 img {\n\t\t\t\tborder: 2px solid #cfcfcf;\n\t\t\t}\n\t\t\t#gallery-5 .gallery-caption {\n\t\t\t\tmargin-left: 0;\n\t\t\t}\n\t\t\t\/* see gallery_shortcode() in wp-includes\/media.php *\/\n\t\t<\/style>\n\t\t<div id='gallery-5' class='gallery galleryid-149 gallery-columns-3 gallery-size-thumbnail'><dl class='gallery-item'>\n\t\t\t<dt class='gallery-icon landscape'>\n\t\t\t\t<a href='https:\/\/uenf.br\/cbb\/lca\/apresentacao\/infraestrutura\/central-analitica\/barco-2\/'><img decoding=\"async\" width=\"150\" height=\"130\" src=\"https:\/\/uenf.br\/cbb\/lca\/files\/2019\/05\/Barco-2.png\" class=\"attachment-thumbnail size-thumbnail\" alt=\"\" aria-describedby=\"gallery-5-1092\" loading=\"lazy\" \/><\/a>\n\t\t\t<\/dt>\n\t\t\t\t<dd class='wp-caption-text gallery-caption' id='gallery-5-1092'>\n\t\t\t\tAmazonas 500\n\t\t\t\t<\/dd><\/dl><dl class='gallery-item'>\n\t\t\t<dt class='gallery-icon landscape'>\n\t\t\t\t<a href='https:\/\/uenf.br\/cbb\/lca\/apresentacao\/infraestrutura\/central-analitica\/barco-1\/'><img decoding=\"async\" width=\"150\" height=\"130\" src=\"https:\/\/uenf.br\/cbb\/lca\/files\/2019\/05\/Barco-1.png\" class=\"attachment-thumbnail size-thumbnail\" alt=\"\" aria-describedby=\"gallery-5-1093\" loading=\"lazy\" \/><\/a>\n\t\t\t<\/dt>\n\t\t\t\t<dd class='wp-caption-text gallery-caption' id='gallery-5-1093'>\n\t\t\t\tSR 15 LX\n\t\t\t\t<\/dd><\/dl>\n\t\t\t<br style='clear: both' \/>\n\t\t<\/div>\n\n<p>&nbsp;<\/p>\n<h6>Fotos do acervo do LCA.<\/h6>\n","protected":false},"excerpt":{"rendered":"<p>Norma da Central Anal\u00edtica Prof.\u00aa Cristina Maria Magalh\u00e3es de Souza (Norma n\u00ba 01\/2025 do LCA) Para acessar o arquivo clique&#8230;<\/p>\n","protected":false},"author":18,"featured_media":0,"parent":157,"menu_order":1,"comment_status":"closed","ping_status":"closed","template":"","meta":{"footnotes":""},"class_list":["post-149","page","type-page","status-publish","hentry"],"_links":{"self":[{"href":"https:\/\/uenf.br\/cbb\/lca\/wp-json\/wp\/v2\/pages\/149","targetHints":{"allow":["GET"]}}],"collection":[{"href":"https:\/\/uenf.br\/cbb\/lca\/wp-json\/wp\/v2\/pages"}],"about":[{"href":"https:\/\/uenf.br\/cbb\/lca\/wp-json\/wp\/v2\/types\/page"}],"author":[{"embeddable":true,"href":"https:\/\/uenf.br\/cbb\/lca\/wp-json\/wp\/v2\/users\/18"}],"replies":[{"embeddable":true,"href":"https:\/\/uenf.br\/cbb\/lca\/wp-json\/wp\/v2\/comments?post=149"}],"version-history":[{"count":0,"href":"https:\/\/uenf.br\/cbb\/lca\/wp-json\/wp\/v2\/pages\/149\/revisions"}],"up":[{"embeddable":true,"href":"https:\/\/uenf.br\/cbb\/lca\/wp-json\/wp\/v2\/pages\/157"}],"wp:attachment":[{"href":"https:\/\/uenf.br\/cbb\/lca\/wp-json\/wp\/v2\/media?parent=149"}],"curies":[{"name":"wp","href":"https:\/\/api.w.org\/{rel}","templated":true}]}}