{"id":1494,"date":"2024-08-13T19:44:33","date_gmt":"2024-08-13T22:44:33","guid":{"rendered":"https:\/\/uenf.br\/cbb\/lca\/?page_id=1494"},"modified":"2024-08-13T19:51:20","modified_gmt":"2024-08-13T22:51:20","slug":"casas-de-vegetacao","status":"publish","type":"page","link":"https:\/\/uenf.br\/cbb\/lca\/apresentacao\/infraestrutura\/casas-de-vegetacao\/","title":{"rendered":"Casas de Vegeta\u00e7\u00e3o"},"content":{"rendered":"<p>As Casas de Vegeta\u00e7\u00e3o d\u00e3o suporte a projetos envolvendo biodiversidade, bioqu\u00edmica, biologia molecular, fisiologia, bot\u00e2nica e biologia celular de plantas.<\/p>\n<p><img loading=\"lazy\" decoding=\"async\" class=\"\" src=\"https:\/\/uenf.br\/cbb\/lca\/files\/2024\/08\/Novas-casas-de-vegetacao-scaled.jpg\" width=\"808\" height=\"539\" \/><\/p>\n","protected":false},"excerpt":{"rendered":"<p>As Casas de Vegeta\u00e7\u00e3o d\u00e3o suporte a projetos envolvendo biodiversidade, bioqu\u00edmica, biologia molecular, fisiologia, bot\u00e2nica e biologia celular de plantas.<\/p>\n","protected":false},"author":29,"featured_media":0,"parent":157,"menu_order":7,"comment_status":"closed","ping_status":"closed","template":"","meta":{"footnotes":""},"class_list":["post-1494","page","type-page","status-publish","hentry"],"_links":{"self":[{"href":"https:\/\/uenf.br\/cbb\/lca\/wp-json\/wp\/v2\/pages\/1494","targetHints":{"allow":["GET"]}}],"collection":[{"href":"https:\/\/uenf.br\/cbb\/lca\/wp-json\/wp\/v2\/pages"}],"about":[{"href":"https:\/\/uenf.br\/cbb\/lca\/wp-json\/wp\/v2\/types\/page"}],"author":[{"embeddable":true,"href":"https:\/\/uenf.br\/cbb\/lca\/wp-json\/wp\/v2\/users\/29"}],"replies":[{"embeddable":true,"href":"https:\/\/uenf.br\/cbb\/lca\/wp-json\/wp\/v2\/comments?post=1494"}],"version-history":[{"count":0,"href":"https:\/\/uenf.br\/cbb\/lca\/wp-json\/wp\/v2\/pages\/1494\/revisions"}],"up":[{"embeddable":true,"href":"https:\/\/uenf.br\/cbb\/lca\/wp-json\/wp\/v2\/pages\/157"}],"wp:attachment":[{"href":"https:\/\/uenf.br\/cbb\/lca\/wp-json\/wp\/v2\/media?parent=1494"}],"curies":[{"name":"wp","href":"https:\/\/api.w.org\/{rel}","templated":true}]}}