{"id":157,"date":"2017-12-20T16:10:00","date_gmt":"2017-12-20T18:10:00","guid":{"rendered":"http:\/\/uenf.br\/cbb\/lca\/?page_id=157"},"modified":"2024-08-13T19:49:43","modified_gmt":"2024-08-13T22:49:43","slug":"infraestrutura","status":"publish","type":"page","link":"https:\/\/uenf.br\/cbb\/lca\/apresentacao\/infraestrutura\/","title":{"rendered":"Infraestrutura"},"content":{"rendered":"<p><a href=\"https:\/\/uenf.br\/cbb\/lca\/apresentacao\/infraestrutura\/central-analitica\/\">Central Anal\u00edtica<\/a><\/p>\n<p><a href=\"https:\/\/uenf.br\/cbb\/lca\/apresentacao\/infraestrutura\/ecologia-experimental\/\">Ecologia Experimental<\/a><\/p>\n<p><a href=\"https:\/\/uenf.br\/cbb\/lca\/apresentacao\/infraestrutura\/fotos-do-laboratorio-de-ciencias-ambientais\/\">Fotos do Laborat\u00f3rio de Ci\u00eancias Ambientais<\/a><\/p>\n<p><a href=\"https:\/\/uenf.br\/cbb\/lca\/apresentacao\/laboratorio-de-etologia\/\">SERCAS &#8211; Setor de Etologia, Reintrodu\u00e7\u00e3o e Conserva\u00e7\u00e3o de Animais Silvestres<\/a><\/p>\n<p><a href=\"https:\/\/uenf.br\/cbb\/lca\/apresentacao\/infraestrutura\/casas-de-vegetacao\/\">Casas de Vegeta\u00e7\u00e3o<\/a><\/p>\n<p><a href=\"https:\/\/uenf.br\/cbb\/lca\/?page_id=175&amp;preview=true\">Reserva Biol\u00f3gica Uni\u00e3o<\/a><\/p>\n<p>&nbsp;<\/p>\n","protected":false},"excerpt":{"rendered":"<p>Central Anal\u00edtica Ecologia Experimental Fotos do Laborat\u00f3rio de Ci\u00eancias Ambientais SERCAS &#8211; Setor de Etologia, Reintrodu\u00e7\u00e3o e Conserva\u00e7\u00e3o de Animais&#8230;<\/p>\n","protected":false},"author":18,"featured_media":0,"parent":2,"menu_order":8,"comment_status":"closed","ping_status":"closed","template":"","meta":{"footnotes":""},"class_list":["post-157","page","type-page","status-publish","hentry"],"_links":{"self":[{"href":"https:\/\/uenf.br\/cbb\/lca\/wp-json\/wp\/v2\/pages\/157","targetHints":{"allow":["GET"]}}],"collection":[{"href":"https:\/\/uenf.br\/cbb\/lca\/wp-json\/wp\/v2\/pages"}],"about":[{"href":"https:\/\/uenf.br\/cbb\/lca\/wp-json\/wp\/v2\/types\/page"}],"author":[{"embeddable":true,"href":"https:\/\/uenf.br\/cbb\/lca\/wp-json\/wp\/v2\/users\/18"}],"replies":[{"embeddable":true,"href":"https:\/\/uenf.br\/cbb\/lca\/wp-json\/wp\/v2\/comments?post=157"}],"version-history":[{"count":0,"href":"https:\/\/uenf.br\/cbb\/lca\/wp-json\/wp\/v2\/pages\/157\/revisions"}],"up":[{"embeddable":true,"href":"https:\/\/uenf.br\/cbb\/lca\/wp-json\/wp\/v2\/pages\/2"}],"wp:attachment":[{"href":"https:\/\/uenf.br\/cbb\/lca\/wp-json\/wp\/v2\/media?parent=157"}],"curies":[{"name":"wp","href":"https:\/\/api.w.org\/{rel}","templated":true}]}}