{"id":1573,"date":"2026-01-08T13:26:21","date_gmt":"2026-01-08T16:26:21","guid":{"rendered":"https:\/\/uenf.br\/cbb\/lca\/?page_id=1573"},"modified":"2026-01-08T13:35:07","modified_gmt":"2026-01-08T16:35:07","slug":"publicacoes","status":"publish","type":"page","link":"https:\/\/uenf.br\/cbb\/lca\/apresentacao\/publicacoes\/","title":{"rendered":"Publica\u00e7\u00f5es"},"content":{"rendered":"<p><a href=\"https:\/\/uenf.br\/cbb\/lca\/2025\/01\/14\/publicacoes-feitas-em-2025\/\">Publica\u00e7\u00f5es feitas em 2025<\/a><\/p>\n<p><a href=\"https:\/\/uenf.br\/cbb\/lca\/2024\/03\/07\/publicacoes-feitas-em-2024\/\">Publica\u00e7\u00f5es feitas em 2024<\/a><\/p>\n<p><a href=\"https:\/\/uenf.br\/cbb\/lca\/2024\/03\/07\/publicacoes-feitas-em-2023\/\">Publica\u00e7\u00f5es feitas em 2023<\/a><\/p>\n<p><a href=\"https:\/\/uenf.br\/cbb\/lca\/2024\/03\/06\/publicacoes-feitas-em-2022\/\">Publica\u00e7\u00f5es feitas de 2022<\/a><\/p>\n","protected":false},"excerpt":{"rendered":"<p>Publica\u00e7\u00f5es feitas em 2025 Publica\u00e7\u00f5es feitas em 2024 Publica\u00e7\u00f5es feitas em 2023 Publica\u00e7\u00f5es feitas de 2022<\/p>\n","protected":false},"author":29,"featured_media":0,"parent":2,"menu_order":8,"comment_status":"closed","ping_status":"closed","template":"","meta":{"footnotes":""},"class_list":["post-1573","page","type-page","status-publish","hentry"],"_links":{"self":[{"href":"https:\/\/uenf.br\/cbb\/lca\/wp-json\/wp\/v2\/pages\/1573","targetHints":{"allow":["GET"]}}],"collection":[{"href":"https:\/\/uenf.br\/cbb\/lca\/wp-json\/wp\/v2\/pages"}],"about":[{"href":"https:\/\/uenf.br\/cbb\/lca\/wp-json\/wp\/v2\/types\/page"}],"author":[{"embeddable":true,"href":"https:\/\/uenf.br\/cbb\/lca\/wp-json\/wp\/v2\/users\/29"}],"replies":[{"embeddable":true,"href":"https:\/\/uenf.br\/cbb\/lca\/wp-json\/wp\/v2\/comments?post=1573"}],"version-history":[{"count":0,"href":"https:\/\/uenf.br\/cbb\/lca\/wp-json\/wp\/v2\/pages\/1573\/revisions"}],"up":[{"embeddable":true,"href":"https:\/\/uenf.br\/cbb\/lca\/wp-json\/wp\/v2\/pages\/2"}],"wp:attachment":[{"href":"https:\/\/uenf.br\/cbb\/lca\/wp-json\/wp\/v2\/media?parent=1573"}],"curies":[{"name":"wp","href":"https:\/\/api.w.org\/{rel}","templated":true}]}}