{"id":1580,"date":"2026-01-08T14:02:19","date_gmt":"2026-01-08T17:02:19","guid":{"rendered":"https:\/\/uenf.br\/cbb\/lca\/?page_id=1580"},"modified":"2026-01-08T14:02:19","modified_gmt":"2026-01-08T17:02:19","slug":"grupo-de-pesquisa-em-biogeoquimica-de-ecossistemas-aquaticos","status":"publish","type":"page","link":"https:\/\/uenf.br\/cbb\/lca\/grupo-de-pesquisa-em-biogeoquimica-de-ecossistemas-aquaticos\/","title":{"rendered":"Grupo de Pesquisa em Biogeoqu\u00edmica de Ecossistemas Aqu\u00e1ticos"},"content":{"rendered":"<p>O Grupo de Pesquisa em Biogeoqu\u00edmica de Ecossistemas Aqu\u00e1ticos (GPBEA) re\u00fane cientistas de diversas \u00e1reas com o prop\u00f3sito de compreender as din\u00e2micas dos ecossistemas aqu\u00e1ticos, desde ambientes continentais at\u00e9 a interface entre continente e oceano.<\/p>\n<p><a href=\"https:\/\/gpbeauenf.com.br\/sobre\/\">Acesse aqui o link do GPBEA.\u00a0<\/a><\/p>\n","protected":false},"excerpt":{"rendered":"<p>O Grupo de Pesquisa em Biogeoqu\u00edmica de Ecossistemas Aqu\u00e1ticos (GPBEA) re\u00fane cientistas de diversas \u00e1reas com o prop\u00f3sito de compreender&#8230;<\/p>\n","protected":false},"author":29,"featured_media":0,"parent":0,"menu_order":4,"comment_status":"closed","ping_status":"closed","template":"","meta":{"footnotes":""},"class_list":["post-1580","page","type-page","status-publish","hentry"],"_links":{"self":[{"href":"https:\/\/uenf.br\/cbb\/lca\/wp-json\/wp\/v2\/pages\/1580","targetHints":{"allow":["GET"]}}],"collection":[{"href":"https:\/\/uenf.br\/cbb\/lca\/wp-json\/wp\/v2\/pages"}],"about":[{"href":"https:\/\/uenf.br\/cbb\/lca\/wp-json\/wp\/v2\/types\/page"}],"author":[{"embeddable":true,"href":"https:\/\/uenf.br\/cbb\/lca\/wp-json\/wp\/v2\/users\/29"}],"replies":[{"embeddable":true,"href":"https:\/\/uenf.br\/cbb\/lca\/wp-json\/wp\/v2\/comments?post=1580"}],"version-history":[{"count":0,"href":"https:\/\/uenf.br\/cbb\/lca\/wp-json\/wp\/v2\/pages\/1580\/revisions"}],"wp:attachment":[{"href":"https:\/\/uenf.br\/cbb\/lca\/wp-json\/wp\/v2\/media?parent=1580"}],"curies":[{"name":"wp","href":"https:\/\/api.w.org\/{rel}","templated":true}]}}