{"id":161,"date":"2017-12-20T16:11:53","date_gmt":"2017-12-20T18:11:53","guid":{"rendered":"http:\/\/uenf.br\/cbb\/lca\/?page_id=161"},"modified":"2024-08-13T19:11:58","modified_gmt":"2024-08-13T22:11:58","slug":"laboratorio-de-etologia","status":"publish","type":"page","link":"https:\/\/uenf.br\/cbb\/lca\/apresentacao\/infraestrutura\/laboratorio-de-etologia\/","title":{"rendered":"Setor de Etologia, Reintrodu\u00e7\u00e3o e Conserva\u00e7\u00e3o de Animais Silvestres (SERCAS)"},"content":{"rendered":"<p>O SERCAS \u00e9 um um criadouro cient\u00edfico com capacidade para receber animais silvestres e com salas para experimentos de fisiologia e comportamento.<\/p>\n<p><img loading=\"lazy\" decoding=\"async\" class=\"\" src=\"https:\/\/uenf.br\/cbb\/lca\/files\/2024\/08\/SERCAS-scaled.jpg\" width=\"350\" height=\"525\" \/><\/p>\n<p>&nbsp;<\/p>\n","protected":false},"excerpt":{"rendered":"<p>O SERCAS \u00e9 um um criadouro cient\u00edfico com capacidade para receber animais silvestres e com salas para experimentos de fisiologia&#8230;<\/p>\n","protected":false},"author":18,"featured_media":0,"parent":157,"menu_order":6,"comment_status":"closed","ping_status":"closed","template":"","meta":{"footnotes":""},"class_list":["post-161","page","type-page","status-publish","hentry"],"_links":{"self":[{"href":"https:\/\/uenf.br\/cbb\/lca\/wp-json\/wp\/v2\/pages\/161","targetHints":{"allow":["GET"]}}],"collection":[{"href":"https:\/\/uenf.br\/cbb\/lca\/wp-json\/wp\/v2\/pages"}],"about":[{"href":"https:\/\/uenf.br\/cbb\/lca\/wp-json\/wp\/v2\/types\/page"}],"author":[{"embeddable":true,"href":"https:\/\/uenf.br\/cbb\/lca\/wp-json\/wp\/v2\/users\/18"}],"replies":[{"embeddable":true,"href":"https:\/\/uenf.br\/cbb\/lca\/wp-json\/wp\/v2\/comments?post=161"}],"version-history":[{"count":0,"href":"https:\/\/uenf.br\/cbb\/lca\/wp-json\/wp\/v2\/pages\/161\/revisions"}],"up":[{"embeddable":true,"href":"https:\/\/uenf.br\/cbb\/lca\/wp-json\/wp\/v2\/pages\/157"}],"wp:attachment":[{"href":"https:\/\/uenf.br\/cbb\/lca\/wp-json\/wp\/v2\/media?parent=161"}],"curies":[{"name":"wp","href":"https:\/\/api.w.org\/{rel}","templated":true}]}}