{"id":175,"date":"2017-12-20T16:15:31","date_gmt":"2017-12-20T18:15:31","guid":{"rendered":"http:\/\/uenf.br\/cbb\/lca\/?page_id=175"},"modified":"2024-08-13T19:07:07","modified_gmt":"2024-08-13T22:07:07","slug":"reserva-biologica-uniao","status":"publish","type":"page","link":"https:\/\/uenf.br\/cbb\/lca\/apresentacao\/infraestrutura\/reserva-biologica-uniao\/","title":{"rendered":"Reserva Biol\u00f3gica Uni\u00e3o"},"content":{"rendered":"<p><strong>Alojamentos do LCA na Reserva Biol\u00f3gica Uni\u00e3o<\/strong><\/p>\n<p><img loading=\"lazy\" decoding=\"async\" class=\"\" src=\"https:\/\/uenf.br\/cbb\/lca\/files\/2024\/08\/Casas-Reserva-Uniao.jpg\" width=\"577\" height=\"433\" \/><\/p>\n<p>&nbsp;<\/p>\n<p><strong>Veja abaixo o v\u00eddeo da reinaugura\u00e7\u00e3o da Unidade de Campo na Reserva Biol\u00f3gica Uni\u00e3o &#8211; homenagem ao Prof. Wolfgang Christian Pfeiffer.<br \/>\n<\/strong><\/p>\n<p><a href=\"http:\/\/uenf.br\/posgraduacao\/ecologia-recursosnaturais\/wp-content\/uploads\/sites\/7\/2017\/06\/Reinaugura%C3%A7%C3%A3o-da-nossa-Unidade-de-Campo-Reserva...-Carlos-Eduardo-de-Rezende.mp4\"><strong>V\u00eddeo<\/strong><\/a><\/p>\n<p>&nbsp;<\/p>\n","protected":false},"excerpt":{"rendered":"<p>Alojamentos do LCA na Reserva Biol\u00f3gica Uni\u00e3o &nbsp; Veja abaixo o v\u00eddeo da reinaugura\u00e7\u00e3o da Unidade de Campo na Reserva&#8230;<\/p>\n","protected":false},"author":18,"featured_media":0,"parent":157,"menu_order":13,"comment_status":"closed","ping_status":"closed","template":"","meta":{"footnotes":""},"class_list":["post-175","page","type-page","status-publish","hentry"],"_links":{"self":[{"href":"https:\/\/uenf.br\/cbb\/lca\/wp-json\/wp\/v2\/pages\/175","targetHints":{"allow":["GET"]}}],"collection":[{"href":"https:\/\/uenf.br\/cbb\/lca\/wp-json\/wp\/v2\/pages"}],"about":[{"href":"https:\/\/uenf.br\/cbb\/lca\/wp-json\/wp\/v2\/types\/page"}],"author":[{"embeddable":true,"href":"https:\/\/uenf.br\/cbb\/lca\/wp-json\/wp\/v2\/users\/18"}],"replies":[{"embeddable":true,"href":"https:\/\/uenf.br\/cbb\/lca\/wp-json\/wp\/v2\/comments?post=175"}],"version-history":[{"count":0,"href":"https:\/\/uenf.br\/cbb\/lca\/wp-json\/wp\/v2\/pages\/175\/revisions"}],"up":[{"embeddable":true,"href":"https:\/\/uenf.br\/cbb\/lca\/wp-json\/wp\/v2\/pages\/157"}],"wp:attachment":[{"href":"https:\/\/uenf.br\/cbb\/lca\/wp-json\/wp\/v2\/media?parent=175"}],"curies":[{"name":"wp","href":"https:\/\/api.w.org\/{rel}","templated":true}]}}