{"id":2,"date":"2017-03-22T13:22:07","date_gmt":"2017-03-22T16:22:07","guid":{"rendered":"http:\/\/uenf.br\/cbb\/lca\/?page_id=2"},"modified":"2026-01-08T14:11:34","modified_gmt":"2026-01-08T17:11:34","slug":"apresentacao","status":"publish","type":"page","link":"https:\/\/uenf.br\/cbb\/lca\/","title":{"rendered":"Apresenta\u00e7\u00e3o"},"content":{"rendered":"<h3 style=\"text-align: left\">Laborat\u00f3rio de Ci\u00eancias Ambientais<\/h3>\n<p style=\"text-align: justify\">O Laborat\u00f3rio de Ci\u00eancias Ambientais (LCA) faz parte do Centro de Bioci\u00eancias e Biotecnologia (CBB), o qual atualmente oferece Mestrado e Doutorado em Bioci\u00eancias com \u00eanfase em Ci\u00eancias Ambientais e Ecologia em Recursos Naturais.\u00a0 A instala\u00e7\u00e3o do Laborat\u00f3rio de Ci\u00eancias Ambientais (LCA) na regi\u00e3o foi considerada de vital import\u00e2ncia para a compreens\u00e3o do estado atual de funcionamento do maior manancial h\u00eddrico do Estado do Rio de Janeiro, Rio Para\u00edba do Sul, e outros importantes ecossistemas continentais (ex. Lagoas e Mata Atl\u00e2ntica). As intera\u00e7\u00f5es entre as diferentes atividades antr\u00f3picas desenvolvidas na regi\u00e3o e os recursos naturais renov\u00e1veis ou n\u00e3o, devem ser avaliadas visando definir a capacidade de suporte dos sistemas, privilegiando o uso m\u00faltiplo destas \u00e1reas sem um comprometimento da qualidade de vida da popula\u00e7\u00e3o. Este paradigma de trabalho, gerou o alicerce da cria\u00e7\u00e3o do LCA na Universidade Estadual do Norte Fluminense.<\/p>\n<p><img loading=\"lazy\" decoding=\"async\" class=\"wp-image-184 aligncenter\" style=\"font-size: 16px;text-align: justify\" src=\"https:\/\/uenf.br\/cbb\/lca\/files\/2017\/03\/lca-1.jpg\" alt=\"\" width=\"416\" height=\"277\" \/><\/p>\n<p style=\"text-align: justify\">O LCA conta hoje com 16 professores em regime de dedica\u00e7\u00e3o exclusiva. Professores, alunos e t\u00e9cnicos conduzem pesquisas sobre a rela\u00e7\u00e3o entre o uso do solo e os processos naturais controladores da produtividade, da ciclagem de nutrientes e da din\u00e2mica de poluentes met\u00e1licos nos principais ecossistemas aqu\u00e1ticos da regi\u00e3o (Rio Para\u00edba do Sul e seu estu\u00e1rio; sistema Lagoa de Cima &#8211; Lagoa Feia; Lagoas costeiras Grussa\u00ed e Iquipari); fitossociologia, din\u00e2mica populacional e ciclagem de nutrientes em Mata Atl\u00e2ntica, Mata de Tabuleiro e Restingas; o papel dos manguezais na biogeoqu\u00edmica do estu\u00e1rio do Rio Para\u00edba do Sul; o ambiente marinho, destacando-se: estudos sobre recifes artificiais para avalia\u00e7\u00e3o da viabilidade de incremento na produtividade costeira; avalia\u00e7\u00e3o das atividades pesqueiras e suas intera\u00e7\u00f5es com esp\u00e9cies alvo e n\u00e3o alvo;\u00a0 ecologia de comunidades marinhas com \u00eanfase\u00a0 em comunidades b\u00eanticas e de peixes de zona de arrebenta\u00e7\u00e3o e recifais; monitoramento de metais pesados na biota aqu\u00e1tica no litoral Norte do Estado do Rio de Janeiro; etologia de mam\u00edferos; bioac\u00fastica; conserva\u00e7\u00e3o de vertebrados terrestres; evolu\u00e7\u00e3o morfol\u00f3gica e de estrat\u00e9gias reprodutivas em vertebrados; ecologia de abelhas e monitoramento de polinizadores em fragmentos de vegeta\u00e7\u00e3o nativa.<\/p>\n<p style=\"text-align: justify\">O LCA vem desenvolvendo projetos em parcerias com outras institui\u00e7\u00f5es (UFRJ, UFF, IEAPM, UNIVALI e IRD), destacando-se a participa\u00e7\u00e3o junto \u00e0 PETROBRAS no Programa de Monitoramento Ambiental da Bacia de Campos; o Programa de Avalia\u00e7\u00e3o do Potencial de Recursos Vivos na Zona Econ\u00f4mica Exclusiva (REVIZEE), coordenado pelo MMA, MCT e MM; a participa\u00e7\u00e3o no Programa de Monitoramento do Meio Ambiente Marinho coordenado pelo Instituto de Estudos do Mar Almirante Paulo Moreira (IEAPM-MM, Comando de Opera\u00e7\u00f5es Navais); e a conserva\u00e7\u00e3o de primatas e da Mata Atl\u00e2ntica junto com a <a href=\"http:\/\/www.micoleao.org.br\/\" target=\"_blank\" rel=\"noopener noreferrer\">Associa\u00e7\u00e3o Mico Le\u00e3o Dourado<\/a><\/p>\n<div class=\"video-container\"><iframe loading=\"lazy\" title=\"Incr\u00edvel corredor florestal para o MLD \/ Incredible forest corredor for GLT  (subtitles in English)\" width=\"500\" height=\"281\" src=\"https:\/\/www.youtube.com\/embed\/pW5e2yVM2n0?feature=oembed\" frameborder=\"0\" allow=\"accelerometer; autoplay; clipboard-write; encrypted-media; gyroscope; picture-in-picture; web-share\" referrerpolicy=\"strict-origin-when-cross-origin\" allowfullscreen><\/iframe><\/div>\n<h3><\/h3>\n<h3><strong>Logotipos do LCA<\/strong><\/h3>\n<p><a href=\"https:\/\/uenf.br\/cbb\/lca\/files\/2018\/04\/LOGO_OFICIAL_LCA_CBB_UENF-01.jpg\" target=\"_blank\" rel=\"noopener noreferrer\"><img loading=\"lazy\" decoding=\"async\" class=\"alignnone wp-image-397\" src=\"https:\/\/uenf.br\/cbb\/lca\/files\/2018\/04\/LOGO_OFICIAL_LCA_CBB_UENF-01.jpg\" alt=\"\" width=\"215\" height=\"95\" \/><\/a><\/p>\n<h6><strong><em>Logo do LCA colorido com fundo branco<\/em><\/strong><\/h6>\n<p>&nbsp;<\/p>\n<p><a href=\"https:\/\/uenf.br\/cbb\/lca\/files\/2018\/04\/LOGO_OFICIAL_LCA_CBB_UENF-POSITIVO.png\" target=\"_blank\" rel=\"noopener noreferrer\"><img loading=\"lazy\" decoding=\"async\" class=\"alignnone wp-image-399\" src=\"https:\/\/uenf.br\/cbb\/lca\/files\/2018\/04\/LOGO_OFICIAL_LCA_CBB_UENF-POSITIVO.png\" alt=\"\" width=\"215\" height=\"95\" \/><\/a><\/p>\n<h6><strong><em>Logo do LCA colorido com fundo transparente<\/em><\/strong><\/h6>\n<p><a href=\"https:\/\/uenf.br\/cbb\/lca\/files\/2018\/04\/LOGO_OFICIAL_LCA_CBB_UENF-NEGATIVO.png\" target=\"_blank\" rel=\"noopener noreferrer\"><br \/>\n<img loading=\"lazy\" decoding=\"async\" class=\"wp-image-398 alignleft\" src=\"https:\/\/uenf.br\/cbb\/lca\/files\/2018\/04\/LOGO_OFICIAL_LCA_CBB_UENF-NEGATIVO.png\" alt=\"\" width=\"215\" height=\"95\" \/><\/a><\/p>\n<h6><\/h6>\n<p>&nbsp;<\/p>\n<h6><strong><em>Logo do LCA em escala de cinza<\/em><\/strong><\/h6>\n","protected":false},"excerpt":{"rendered":"<p>Laborat\u00f3rio de Ci\u00eancias Ambientais O Laborat\u00f3rio de Ci\u00eancias Ambientais (LCA) faz parte do Centro de Bioci\u00eancias e Biotecnologia (CBB), o&#8230;<\/p>\n","protected":false},"author":16,"featured_media":0,"parent":0,"menu_order":1,"comment_status":"closed","ping_status":"closed","template":"","meta":{"footnotes":""},"class_list":["post-2","page","type-page","status-publish","hentry"],"_links":{"self":[{"href":"https:\/\/uenf.br\/cbb\/lca\/wp-json\/wp\/v2\/pages\/2","targetHints":{"allow":["GET"]}}],"collection":[{"href":"https:\/\/uenf.br\/cbb\/lca\/wp-json\/wp\/v2\/pages"}],"about":[{"href":"https:\/\/uenf.br\/cbb\/lca\/wp-json\/wp\/v2\/types\/page"}],"author":[{"embeddable":true,"href":"https:\/\/uenf.br\/cbb\/lca\/wp-json\/wp\/v2\/users\/16"}],"replies":[{"embeddable":true,"href":"https:\/\/uenf.br\/cbb\/lca\/wp-json\/wp\/v2\/comments?post=2"}],"version-history":[{"count":0,"href":"https:\/\/uenf.br\/cbb\/lca\/wp-json\/wp\/v2\/pages\/2\/revisions"}],"wp:attachment":[{"href":"https:\/\/uenf.br\/cbb\/lca\/wp-json\/wp\/v2\/media?parent=2"}],"curies":[{"name":"wp","href":"https:\/\/api.w.org\/{rel}","templated":true}]}}