{"id":783,"date":"2018-08-22T16:18:44","date_gmt":"2018-08-22T19:18:44","guid":{"rendered":"http:\/\/uenf.br\/cbb\/lca\/?page_id=783"},"modified":"2018-12-20T14:40:46","modified_gmt":"2018-12-20T16:40:46","slug":"25-anos-do-lca","status":"publish","type":"page","link":"https:\/\/uenf.br\/cbb\/lca\/eventos\/25-anos-do-lca\/","title":{"rendered":"25 anos do LCA"},"content":{"rendered":"<p>Aconteceu no dia 17 de agosto de 2018, na Casa de Cultura Villa Maria, a comemora\u00e7\u00e3o do anivers\u00e1rio de 25 anos do Laborat\u00f3rio de Ci\u00eancias Ambientais- LCA. O evento foi marcado com muita divers\u00e3o, reencontros, chope e m\u00fasica boa. E voc\u00ea acompanha um pouquinho do que aconteceu, por aqui.<\/p>\n<p>&nbsp;<\/p>\n\n\t\t<style>\n\t\t\t#gallery-1 {\n\t\t\t\tmargin: auto;\n\t\t\t}\n\t\t\t#gallery-1 .gallery-item {\n\t\t\t\tfloat: left;\n\t\t\t\tmargin-top: 10px;\n\t\t\t\ttext-align: center;\n\t\t\t\twidth: 50%;\n\t\t\t}\n\t\t\t#gallery-1 img {\n\t\t\t\tborder: 2px solid #cfcfcf;\n\t\t\t}\n\t\t\t#gallery-1 .gallery-caption {\n\t\t\t\tmargin-left: 0;\n\t\t\t}\n\t\t\t\/* see gallery_shortcode() in wp-includes\/media.php *\/\n\t\t<\/style>\n\t\t<div id='gallery-1' class='gallery galleryid-783 gallery-columns-2 gallery-size-thumbnail'><dl class='gallery-item'>\n\t\t\t<dt class='gallery-icon landscape'>\n\t\t\t\t<a href='https:\/\/uenf.br\/cbb\/lca\/files\/2018\/08\/lca.jpg'><img decoding=\"async\" width=\"150\" height=\"76\" src=\"https:\/\/uenf.br\/cbb\/lca\/files\/2018\/08\/lca.jpg\" class=\"attachment-thumbnail size-thumbnail\" alt=\"\" aria-describedby=\"gallery-1-767\" loading=\"lazy\" \/><\/a>\n\t\t\t<\/dt>\n\t\t\t\t<dd class='wp-caption-text gallery-caption' id='gallery-1-767'>\n\t\t\t\tRetirada do Facebook de Ma\u00edra Benchimol\n\t\t\t\t<\/dd><\/dl><dl class='gallery-item'>\n\t\t\t<dt class='gallery-icon landscape'>\n\t\t\t\t<a href='https:\/\/uenf.br\/cbb\/lca\/files\/2018\/08\/lca9.jpg'><img decoding=\"async\" width=\"150\" height=\"81\" src=\"https:\/\/uenf.br\/cbb\/lca\/files\/2018\/08\/lca9.jpg\" class=\"attachment-thumbnail size-thumbnail\" alt=\"\" aria-describedby=\"gallery-1-774\" loading=\"lazy\" \/><\/a>\n\t\t\t<\/dt>\n\t\t\t\t<dd class='wp-caption-text gallery-caption' id='gallery-1-774'>\n\t\t\t\tRetirada do Facebook de Ana Cl\u00e1udia Do Nascimento\n\t\t\t\t<\/dd><\/dl><br style=\"clear: both\" \/><dl class='gallery-item'>\n\t\t\t<dt class='gallery-icon landscape'>\n\t\t\t\t<a href='https:\/\/uenf.br\/cbb\/lca\/files\/2018\/08\/lca10.jpg'><img decoding=\"async\" width=\"150\" height=\"122\" src=\"https:\/\/uenf.br\/cbb\/lca\/files\/2018\/08\/lca10.jpg\" class=\"attachment-thumbnail size-thumbnail\" alt=\"\" aria-describedby=\"gallery-1-775\" loading=\"lazy\" \/><\/a>\n\t\t\t<\/dt>\n\t\t\t\t<dd class='wp-caption-text gallery-caption' id='gallery-1-775'>\n\t\t\t\tRetirada do Facebook de Ana Cl\u00e1udia Do Nascimento\n\t\t\t\t<\/dd><\/dl><dl class='gallery-item'>\n\t\t\t<dt class='gallery-icon landscape'>\n\t\t\t\t<a href='https:\/\/uenf.br\/cbb\/lca\/files\/2018\/08\/lca8.jpg'><img decoding=\"async\" width=\"150\" height=\"74\" src=\"https:\/\/uenf.br\/cbb\/lca\/files\/2018\/08\/lca8.jpg\" class=\"attachment-thumbnail size-thumbnail\" alt=\"\" aria-describedby=\"gallery-1-773\" loading=\"lazy\" \/><\/a>\n\t\t\t<\/dt>\n\t\t\t\t<dd class='wp-caption-text gallery-caption' id='gallery-1-773'>\n\t\t\t\tRetirada do Face de Ana Cl\u00e1udia Do Nascimento\n\t\t\t\t<\/dd><\/dl><br style=\"clear: both\" \/><dl class='gallery-item'>\n\t\t\t<dt class='gallery-icon landscape'>\n\t\t\t\t<a href='https:\/\/uenf.br\/cbb\/lca\/files\/2018\/08\/lca11.jpg'><img decoding=\"async\" width=\"150\" height=\"96\" src=\"https:\/\/uenf.br\/cbb\/lca\/files\/2018\/08\/lca11.jpg\" class=\"attachment-thumbnail size-thumbnail\" alt=\"\" aria-describedby=\"gallery-1-776\" loading=\"lazy\" \/><\/a>\n\t\t\t<\/dt>\n\t\t\t\t<dd class='wp-caption-text gallery-caption' id='gallery-1-776'>\n\t\t\t\tRetirada do Facebook de Ana Cl\u00e1udia Do Nascimento\n\t\t\t\t<\/dd><\/dl><dl class='gallery-item'>\n\t\t\t<dt class='gallery-icon landscape'>\n\t\t\t\t<a href='https:\/\/uenf.br\/cbb\/lca\/files\/2018\/08\/lca7.jpg'><img decoding=\"async\" width=\"150\" height=\"76\" src=\"https:\/\/uenf.br\/cbb\/lca\/files\/2018\/08\/lca7.jpg\" class=\"attachment-thumbnail size-thumbnail\" alt=\"\" aria-describedby=\"gallery-1-772\" loading=\"lazy\" \/><\/a>\n\t\t\t<\/dt>\n\t\t\t\t<dd class='wp-caption-text gallery-caption' id='gallery-1-772'>\n\t\t\t\tRetirada do Facebook deAna Cl\u00e1udia Do Nascimento\n\t\t\t\t<\/dd><\/dl><br style=\"clear: both\" \/><dl class='gallery-item'>\n\t\t\t<dt class='gallery-icon landscape'>\n\t\t\t\t<a href='https:\/\/uenf.br\/cbb\/lca\/files\/2018\/08\/lca6.jpg'><img decoding=\"async\" width=\"150\" height=\"84\" src=\"https:\/\/uenf.br\/cbb\/lca\/files\/2018\/08\/lca6.jpg\" class=\"attachment-thumbnail size-thumbnail\" alt=\"\" aria-describedby=\"gallery-1-771\" loading=\"lazy\" \/><\/a>\n\t\t\t<\/dt>\n\t\t\t\t<dd class='wp-caption-text gallery-caption' id='gallery-1-771'>\n\t\t\t\tRetirada do Facebook de Ana Cl\u00e1udia Do Nascimento\n\t\t\t\t<\/dd><\/dl><dl class='gallery-item'>\n\t\t\t<dt class='gallery-icon landscape'>\n\t\t\t\t<a href='https:\/\/uenf.br\/cbb\/lca\/files\/2018\/08\/lca5.jpg'><img decoding=\"async\" width=\"150\" height=\"87\" src=\"https:\/\/uenf.br\/cbb\/lca\/files\/2018\/08\/lca5.jpg\" class=\"attachment-thumbnail size-thumbnail\" alt=\"\" aria-describedby=\"gallery-1-770\" loading=\"lazy\" \/><\/a>\n\t\t\t<\/dt>\n\t\t\t\t<dd class='wp-caption-text gallery-caption' id='gallery-1-770'>\n\t\t\t\tRetirada do Facebook de Cleide Albuquerque\u200e \n\t\t\t\t<\/dd><\/dl><br style=\"clear: both\" \/><dl class='gallery-item'>\n\t\t\t<dt class='gallery-icon landscape'>\n\t\t\t\t<a href='https:\/\/uenf.br\/cbb\/lca\/files\/2018\/08\/lca4.jpg'><img decoding=\"async\" width=\"150\" height=\"82\" src=\"https:\/\/uenf.br\/cbb\/lca\/files\/2018\/08\/lca4.jpg\" class=\"attachment-thumbnail size-thumbnail\" alt=\"\" aria-describedby=\"gallery-1-769\" loading=\"lazy\" \/><\/a>\n\t\t\t<\/dt>\n\t\t\t\t<dd class='wp-caption-text gallery-caption' id='gallery-1-769'>\n\t\t\t\tRetirada do Facebook de Cleide Albuquerque\u200e \n\t\t\t\t<\/dd><\/dl><dl class='gallery-item'>\n\t\t\t<dt class='gallery-icon landscape'>\n\t\t\t\t<a href='https:\/\/uenf.br\/cbb\/lca\/files\/2018\/08\/lca3.jpg'><img decoding=\"async\" width=\"150\" height=\"104\" src=\"https:\/\/uenf.br\/cbb\/lca\/files\/2018\/08\/lca3.jpg\" class=\"attachment-thumbnail size-thumbnail\" alt=\"\" aria-describedby=\"gallery-1-768\" loading=\"lazy\" \/><\/a>\n\t\t\t<\/dt>\n\t\t\t\t<dd class='wp-caption-text gallery-caption' id='gallery-1-768'>\n\t\t\t\tRetirada do Facebook de Cleide Albuquerque\u200e \n\t\t\t\t<\/dd><\/dl><br style=\"clear: both\" \/><dl class='gallery-item'>\n\t\t\t<dt class='gallery-icon landscape'>\n\t\t\t\t<a href='https:\/\/uenf.br\/cbb\/lca\/files\/2018\/08\/lca-2.jpg'><img decoding=\"async\" width=\"150\" height=\"93\" src=\"https:\/\/uenf.br\/cbb\/lca\/files\/2018\/08\/lca-2.jpg\" class=\"attachment-thumbnail size-thumbnail\" alt=\"\" aria-describedby=\"gallery-1-766\" loading=\"lazy\" \/><\/a>\n\t\t\t<\/dt>\n\t\t\t\t<dd class='wp-caption-text gallery-caption' id='gallery-1-766'>\n\t\t\t\tRetirada do Facebook de Cleide Albuquerque\u200e \n\t\t\t\t<\/dd><\/dl><dl class='gallery-item'>\n\t\t\t<dt class='gallery-icon landscape'>\n\t\t\t\t<a href='https:\/\/uenf.br\/cbb\/lca\/files\/2018\/08\/Foto-carlao-2.jpg'><img decoding=\"async\" width=\"150\" height=\"112\" src=\"https:\/\/uenf.br\/cbb\/lca\/files\/2018\/08\/Foto-carlao-2.jpg\" class=\"attachment-thumbnail size-thumbnail\" alt=\"\" aria-describedby=\"gallery-1-789\" loading=\"lazy\" \/><\/a>\n\t\t\t<\/dt>\n\t\t\t\t<dd class='wp-caption-text gallery-caption' id='gallery-1-789'>\n\t\t\t\tEnviada por Carlos Eduardo de Rezende\n\t\t\t\t<\/dd><\/dl><br style=\"clear: both\" \/><dl class='gallery-item'>\n\t\t\t<dt class='gallery-icon landscape'>\n\t\t\t\t<a href='https:\/\/uenf.br\/cbb\/lca\/files\/2018\/08\/Foto-carlao-3.jpg'><img decoding=\"async\" width=\"150\" height=\"91\" src=\"https:\/\/uenf.br\/cbb\/lca\/files\/2018\/08\/Foto-carlao-3.jpg\" class=\"attachment-thumbnail size-thumbnail\" alt=\"\" aria-describedby=\"gallery-1-790\" loading=\"lazy\" \/><\/a>\n\t\t\t<\/dt>\n\t\t\t\t<dd class='wp-caption-text gallery-caption' id='gallery-1-790'>\n\t\t\t\tEnviada por Carlos Eduardo de Rezende\n\t\t\t\t<\/dd><\/dl><dl class='gallery-item'>\n\t\t\t<dt class='gallery-icon landscape'>\n\t\t\t\t<a href='https:\/\/uenf.br\/cbb\/lca\/files\/2018\/08\/Foto-carlao-7.jpg'><img decoding=\"async\" width=\"150\" height=\"71\" src=\"https:\/\/uenf.br\/cbb\/lca\/files\/2018\/08\/Foto-carlao-7.jpg\" class=\"attachment-thumbnail size-thumbnail\" alt=\"\" aria-describedby=\"gallery-1-794\" loading=\"lazy\" \/><\/a>\n\t\t\t<\/dt>\n\t\t\t\t<dd class='wp-caption-text gallery-caption' id='gallery-1-794'>\n\t\t\t\tEnviada por Carlos Eduardo de Rezende\n\t\t\t\t<\/dd><\/dl><br style=\"clear: both\" \/><dl class='gallery-item'>\n\t\t\t<dt class='gallery-icon landscape'>\n\t\t\t\t<a href='https:\/\/uenf.br\/cbb\/lca\/files\/2018\/08\/Foto-carlao-8.jpg'><img decoding=\"async\" width=\"150\" height=\"68\" src=\"https:\/\/uenf.br\/cbb\/lca\/files\/2018\/08\/Foto-carlao-8.jpg\" class=\"attachment-thumbnail size-thumbnail\" alt=\"\" aria-describedby=\"gallery-1-795\" loading=\"lazy\" \/><\/a>\n\t\t\t<\/dt>\n\t\t\t\t<dd class='wp-caption-text gallery-caption' id='gallery-1-795'>\n\t\t\t\tEnviada por Carlos Eduardo de Rezende\n\t\t\t\t<\/dd><\/dl><dl class='gallery-item'>\n\t\t\t<dt class='gallery-icon landscape'>\n\t\t\t\t<a href='https:\/\/uenf.br\/cbb\/lca\/files\/2018\/08\/Foto-carl\u00e3o.jpg'><img decoding=\"async\" width=\"150\" height=\"67\" src=\"https:\/\/uenf.br\/cbb\/lca\/files\/2018\/08\/Foto-carl\u00e3o.jpg\" class=\"attachment-thumbnail size-thumbnail\" alt=\"\" aria-describedby=\"gallery-1-796\" loading=\"lazy\" \/><\/a>\n\t\t\t<\/dt>\n\t\t\t\t<dd class='wp-caption-text gallery-caption' id='gallery-1-796'>\n\t\t\t\tEnviada por Carlos Eduardo de Rezende\n\t\t\t\t<\/dd><\/dl><br style=\"clear: both\" \/>\n\t\t<\/div>\n\n","protected":false},"excerpt":{"rendered":"<p>Aconteceu no dia 17 de agosto de 2018, na Casa de Cultura Villa Maria, a comemora\u00e7\u00e3o do anivers\u00e1rio de 25&#8230;<\/p>\n","protected":false},"author":18,"featured_media":0,"parent":895,"menu_order":1,"comment_status":"closed","ping_status":"closed","template":"","meta":{"footnotes":""},"class_list":["post-783","page","type-page","status-publish","hentry"],"_links":{"self":[{"href":"https:\/\/uenf.br\/cbb\/lca\/wp-json\/wp\/v2\/pages\/783","targetHints":{"allow":["GET"]}}],"collection":[{"href":"https:\/\/uenf.br\/cbb\/lca\/wp-json\/wp\/v2\/pages"}],"about":[{"href":"https:\/\/uenf.br\/cbb\/lca\/wp-json\/wp\/v2\/types\/page"}],"author":[{"embeddable":true,"href":"https:\/\/uenf.br\/cbb\/lca\/wp-json\/wp\/v2\/users\/18"}],"replies":[{"embeddable":true,"href":"https:\/\/uenf.br\/cbb\/lca\/wp-json\/wp\/v2\/comments?post=783"}],"version-history":[{"count":0,"href":"https:\/\/uenf.br\/cbb\/lca\/wp-json\/wp\/v2\/pages\/783\/revisions"}],"up":[{"embeddable":true,"href":"https:\/\/uenf.br\/cbb\/lca\/wp-json\/wp\/v2\/pages\/895"}],"wp:attachment":[{"href":"https:\/\/uenf.br\/cbb\/lca\/wp-json\/wp\/v2\/media?parent=783"}],"curies":[{"name":"wp","href":"https:\/\/api.w.org\/{rel}","templated":true}]}}