{"id":107,"date":"2022-02-10T22:21:44","date_gmt":"2022-02-10T22:21:44","guid":{"rendered":"https:\/\/uenf.br\/cbb\/lfbm\/?page_id=107"},"modified":"2023-12-21T01:24:21","modified_gmt":"2023-12-21T01:24:21","slug":"equipamentos-multiusuarios","status":"publish","type":"page","link":"https:\/\/uenf.br\/cbb\/lfbm\/equipamentos-multiusuarios\/","title":{"rendered":"Equipamentos Multiusu\u00e1rios UENF"},"content":{"rendered":"<h3>UENF 2021<\/h3>\n<ul>\n<li>Espectrofluor\u00edmetro SHIMADZU RF-6000<\/li>\n<\/ul>\n<p>A marca\u00e7\u00e3o do uso do aparelho e suas regras de utiliza\u00e7\u00e3o dever\u00e3o ser solicitadas atrav\u00e9s do e-mail: lfbm@uenf.br<\/p>\n<p>&nbsp;<\/p>\n","protected":false},"excerpt":{"rendered":"<p>UENF 2021 Espectrofluor\u00edmetro SHIMADZU RF-6000 A marca\u00e7\u00e3o do uso do aparelho e suas regras de utiliza\u00e7\u00e3o dever\u00e3o ser solicitadas atrav\u00e9s&#8230;<\/p>\n","protected":false},"author":15,"featured_media":0,"parent":0,"menu_order":11,"comment_status":"closed","ping_status":"closed","template":"","meta":{"footnotes":""},"class_list":["post-107","page","type-page","status-publish","hentry"],"_links":{"self":[{"href":"https:\/\/uenf.br\/cbb\/lfbm\/wp-json\/wp\/v2\/pages\/107","targetHints":{"allow":["GET"]}}],"collection":[{"href":"https:\/\/uenf.br\/cbb\/lfbm\/wp-json\/wp\/v2\/pages"}],"about":[{"href":"https:\/\/uenf.br\/cbb\/lfbm\/wp-json\/wp\/v2\/types\/page"}],"author":[{"embeddable":true,"href":"https:\/\/uenf.br\/cbb\/lfbm\/wp-json\/wp\/v2\/users\/15"}],"replies":[{"embeddable":true,"href":"https:\/\/uenf.br\/cbb\/lfbm\/wp-json\/wp\/v2\/comments?post=107"}],"version-history":[{"count":0,"href":"https:\/\/uenf.br\/cbb\/lfbm\/wp-json\/wp\/v2\/pages\/107\/revisions"}],"wp:attachment":[{"href":"https:\/\/uenf.br\/cbb\/lfbm\/wp-json\/wp\/v2\/media?parent=107"}],"curies":[{"name":"wp","href":"https:\/\/api.w.org\/{rel}","templated":true}]}}