{"id":2,"date":"2015-01-27T18:34:47","date_gmt":"2015-01-27T18:34:47","guid":{"rendered":"http:\/\/uenf.br\/cbb\/lfbm\/?page_id=2"},"modified":"2025-07-22T22:13:02","modified_gmt":"2025-07-22T22:13:02","slug":"apresentacao","status":"publish","type":"page","link":"https:\/\/uenf.br\/cbb\/lfbm\/","title":{"rendered":"Apresenta\u00e7\u00e3o"},"content":{"rendered":"<p style=\"text-align: left\">O Laborat\u00f3rio de Fisiologia e Bioqu\u00edmica de Microrganismos (LFBM) \u00e9 um dos seis laborat\u00f3rios que compreendem o Centro de Bioci\u00eancias e Biotecnologia. Foi fundado em 1995, tendo o Dr. Isaac Roitman e o Dr. Lev Alexandrovitch Okorokov, cientistas com grande proje\u00e7\u00e3o nacional e internacional, como seus professores fundadores. Atualmente, o LFBM tem em sua composi\u00e7\u00e3o um professor em\u00e9rito, Dr. Lev Alexandrovitch Okorokov,\u00a0 uma professora titular, Dra. Valdirene Moreira Gomes e cindo professores associados, Dr. Andr\u00e9 de Oliveira Carvalho, Dra. Anna Lvovna Okorokova Fa\u00e7anha, Prof. Dr. Diogo de Abreu Meireles, Profa. Dra. \u00c9rica de Oliveira Mello e Prof. Dr. Jo\u00e3o Carlos de Aquino Almeida. A organiza\u00e7\u00e3o do LFBM conta com a colabora\u00e7\u00e3o de um t\u00e9cnico de n\u00edvel superior, tr\u00eas t\u00e9cnicos especializados de n\u00edvel m\u00e9dio e um t\u00e9cnico assistente administrativo.<\/p>\n<p style=\"text-align: left\">Atualmente, o LFBM oferece seis disciplinas para os cursos de Gradua\u00e7\u00e3o de Bacharelado e Licenciatura em Ci\u00eancias Biol\u00f3gicas e cinco disciplinas para os programas de P\u00f3s-Gradua\u00e7\u00e3o em Bioci\u00eancias e Biotecnologia, Produ\u00e7\u00e3o Vegetal e Melhoramento Gen\u00e9tico Vegetal.<\/p>\n<p style=\"text-align: left\">O LFBM tem exercido papel de destaque na capacita\u00e7\u00e3o de recursos humanos altamente qualificados e gera\u00e7\u00e3o de conhecimento cient\u00edfico. Os alunos de inicia\u00e7\u00e3o cient\u00edfica, mestrado e doutorado atuam em pesquisas financiadas pelas principais ag\u00eancias de fomento do pa\u00eds, cujos resultados s\u00e3o apresentados em congressos nacionais e internacionais e publicados em principais peri\u00f3dicos da \u00e1rea.<\/p>\n<p>Alinhado com o desenvolvimento de pesquisas na fronteira do conhecimento, o LFBM abriga uma <a href=\"https:\/\/uenf.br\/cbb\/lfbm\/plataforma-integrada-de-expressao-purificacao-e-caracterizacao-de-proteinas-recombinantes-pieppr-finep-pro-infra-2021\/\" target=\"_blank\" rel=\"noopener\"><strong>Plataforma Multiusu\u00e1ria de Express\u00e3o, Purifica\u00e7\u00e3o e Caracteriza\u00e7\u00e3o de Prote\u00ednas Recombinantes<\/strong><\/a> (PIEPPR), financiada pela FINEP (PRO-INFRA 2021) e coordenada pelo Prof. Diogo de Abreu Meireles, voltada ao suporte t\u00e9cnico-cient\u00edfico no Norte-Fluminense de projetos que demandam produ\u00e7\u00e3o e an\u00e1lise de prote\u00ednas recombinantes.<\/p>\n<p>Tamb\u00e9m em conson\u00e2ncia com as atuais diretrizes de biosseguran\u00e7a, o LFBM conta com dois espa\u00e7os experimentais, classificados como NB-1 (PIEPPR)\u00a0 e NB-1\/NB-2 (Setor de Bioqu\u00edmica e Biologia Molecular de Agentes Patog\u00eanicos &#8211; SBBMAP), ambos credenciados pela CTNBio e sob coordena\u00e7\u00e3o do prof. Diogo de Abreu Meireles. Esses ambientes permitem a realiza\u00e7\u00e3o de pesquisas com organismos geneticamente modificados (OGMs) e seus derivados, conduzidas por todos os docentes vinculados ao laborat\u00f3rio.<\/p>\n<p style=\"text-align: left\">\n","protected":false},"excerpt":{"rendered":"<p>O Laborat\u00f3rio de Fisiologia e Bioqu\u00edmica de Microrganismos (LFBM) \u00e9 um dos seis laborat\u00f3rios que compreendem o Centro de Bioci\u00eancias&#8230;<\/p>\n","protected":false},"author":15,"featured_media":0,"parent":0,"menu_order":0,"comment_status":"closed","ping_status":"closed","template":"","meta":{"footnotes":""},"class_list":["post-2","page","type-page","status-publish","hentry"],"_links":{"self":[{"href":"https:\/\/uenf.br\/cbb\/lfbm\/wp-json\/wp\/v2\/pages\/2","targetHints":{"allow":["GET"]}}],"collection":[{"href":"https:\/\/uenf.br\/cbb\/lfbm\/wp-json\/wp\/v2\/pages"}],"about":[{"href":"https:\/\/uenf.br\/cbb\/lfbm\/wp-json\/wp\/v2\/types\/page"}],"author":[{"embeddable":true,"href":"https:\/\/uenf.br\/cbb\/lfbm\/wp-json\/wp\/v2\/users\/15"}],"replies":[{"embeddable":true,"href":"https:\/\/uenf.br\/cbb\/lfbm\/wp-json\/wp\/v2\/comments?post=2"}],"version-history":[{"count":0,"href":"https:\/\/uenf.br\/cbb\/lfbm\/wp-json\/wp\/v2\/pages\/2\/revisions"}],"wp:attachment":[{"href":"https:\/\/uenf.br\/cbb\/lfbm\/wp-json\/wp\/v2\/media?parent=2"}],"curies":[{"name":"wp","href":"https:\/\/api.w.org\/{rel}","templated":true}]}}