{"id":216,"date":"2022-08-26T19:42:00","date_gmt":"2022-08-26T19:42:00","guid":{"rendered":"https:\/\/uenf.br\/cbb\/lfbm\/?page_id=216"},"modified":"2022-11-24T20:01:44","modified_gmt":"2022-11-24T20:01:44","slug":"disciplinas-oferecidas-pelo-lfbm","status":"publish","type":"page","link":"https:\/\/uenf.br\/cbb\/lfbm\/disciplinas-oferecidas-pelo-lfbm\/","title":{"rendered":"Disciplinas oferecidas pelo LFBM"},"content":{"rendered":"<p>O LFBM oferece disciplinas para os cursos de Gradua\u00e7\u00e3o e para os programas de P\u00f3s-Gradua\u00e7\u00e3o.<\/p>\n","protected":false},"excerpt":{"rendered":"<p>O LFBM oferece disciplinas para os cursos de Gradua\u00e7\u00e3o e para os programas de P\u00f3s-Gradua\u00e7\u00e3o.<\/p>\n","protected":false},"author":15,"featured_media":0,"parent":0,"menu_order":2,"comment_status":"closed","ping_status":"closed","template":"","meta":{"footnotes":""},"class_list":["post-216","page","type-page","status-publish","hentry"],"_links":{"self":[{"href":"https:\/\/uenf.br\/cbb\/lfbm\/wp-json\/wp\/v2\/pages\/216","targetHints":{"allow":["GET"]}}],"collection":[{"href":"https:\/\/uenf.br\/cbb\/lfbm\/wp-json\/wp\/v2\/pages"}],"about":[{"href":"https:\/\/uenf.br\/cbb\/lfbm\/wp-json\/wp\/v2\/types\/page"}],"author":[{"embeddable":true,"href":"https:\/\/uenf.br\/cbb\/lfbm\/wp-json\/wp\/v2\/users\/15"}],"replies":[{"embeddable":true,"href":"https:\/\/uenf.br\/cbb\/lfbm\/wp-json\/wp\/v2\/comments?post=216"}],"version-history":[{"count":0,"href":"https:\/\/uenf.br\/cbb\/lfbm\/wp-json\/wp\/v2\/pages\/216\/revisions"}],"wp:attachment":[{"href":"https:\/\/uenf.br\/cbb\/lfbm\/wp-json\/wp\/v2\/media?parent=216"}],"curies":[{"name":"wp","href":"https:\/\/api.w.org\/{rel}","templated":true}]}}