{"id":218,"date":"2022-08-26T19:43:06","date_gmt":"2022-08-26T19:43:06","guid":{"rendered":"https:\/\/uenf.br\/cbb\/lfbm\/?page_id=218"},"modified":"2025-07-22T23:07:34","modified_gmt":"2025-07-22T23:07:34","slug":"graduacao","status":"publish","type":"page","link":"https:\/\/uenf.br\/cbb\/lfbm\/disciplinas-oferecidas-pelo-lfbm\/graduacao\/","title":{"rendered":"GRADUA\u00c7\u00c3O"},"content":{"rendered":"<h2>Disciplinas Obrigat\u00f3rias:<\/h2>\n<h3><strong>&#8211; Microbiologia (FBM02201) &#8211; <a href=\"https:\/\/uenf.br\/cbb\/lfbm\/files\/2025\/04\/programa_analitico_de_disciplina.pdf\" target=\"_blank\" rel=\"noopener\">clique aqui para acessar a\u00a0ementa da disciplina<\/a><\/strong><\/h3>\n<p style=\"padding-left: 40px\">Coordenadora do Bacharelado em Ci\u00eancias Biol\u00f3gicas: Profa. Valdirene Moreira Gomes<\/p>\n<p style=\"padding-left: 40px\">Coordenador do Bacharelado em Zootecnia: Prof. Andr\u00e9 de Oliveira Carvalho<\/p>\n<p style=\"padding-left: 40px\">Coordenador da Licenciatura em Ci\u00eancias Biol\u00f3gicas: Prof. Diogo de Abreu Meireles<\/p>\n<h3>&#8211; Virologia (<strong>FBM02401)<\/strong><\/h3>\n<p style=\"padding-left: 40px\">Coordenadora: Profa. Anna L. Okorokova Fa\u00e7anha<\/p>\n<h2>Disciplinas Optativas (Bacharelado):<\/h2>\n<h3>&#8211; <strong>Microbiologia M\u00e9dica <\/strong><strong>(FBM02502) <\/strong><strong>&#8211; <a href=\"https:\/\/uenf.br\/cbb\/lfbm\/files\/2025\/04\/programa_analitico_de_disciplina-1.pdf\" target=\"_blank\" rel=\"noopener\">clique aqui para acessar a\u00a0ementa da disciplina<\/a><\/strong><\/h3>\n<p style=\"padding-left: 40px\">Coordenador: Prof. Diogo de Abreu Meireles\/Colaboradores: Profa. \u00c9rica de Oliveira Mello e Profa. Anna L. Okorokova Fa\u00e7anha<\/p>\n<h3>&#8211; T\u00f3picos Atuais em Fisiologia e Bioqu\u00edmica de Microrganismos I e II (<strong>FBM02303\/FBM02402)<\/strong><\/h3>\n<p style=\"padding-left: 40px\">Coordenador(es): Prof. Diogo de Abreu Meireles (2025)\/Profa. \u00c9rica de Oliveira Mello (2026) (sistema de rod\u00edzio anual)<\/p>\n<p>&nbsp;<\/p>\n<h2><a href=\"https:\/\/academico.uenf.br\/usuarios\/sign_in\" target=\"_blank\" rel=\"noopener\">Clique aqui<\/a> para obter mais informa\u00e7\u00f5es sobre as disciplinas<\/h2>\n","protected":false},"excerpt":{"rendered":"<p>Disciplinas Obrigat\u00f3rias: &#8211; Microbiologia (FBM02201) &#8211; clique aqui para acessar a\u00a0ementa da disciplina Coordenadora do Bacharelado em Ci\u00eancias Biol\u00f3gicas: Profa&#8230;.<\/p>\n","protected":false},"author":15,"featured_media":0,"parent":216,"menu_order":0,"comment_status":"closed","ping_status":"closed","template":"","meta":{"footnotes":""},"class_list":["post-218","page","type-page","status-publish","hentry"],"_links":{"self":[{"href":"https:\/\/uenf.br\/cbb\/lfbm\/wp-json\/wp\/v2\/pages\/218","targetHints":{"allow":["GET"]}}],"collection":[{"href":"https:\/\/uenf.br\/cbb\/lfbm\/wp-json\/wp\/v2\/pages"}],"about":[{"href":"https:\/\/uenf.br\/cbb\/lfbm\/wp-json\/wp\/v2\/types\/page"}],"author":[{"embeddable":true,"href":"https:\/\/uenf.br\/cbb\/lfbm\/wp-json\/wp\/v2\/users\/15"}],"replies":[{"embeddable":true,"href":"https:\/\/uenf.br\/cbb\/lfbm\/wp-json\/wp\/v2\/comments?post=218"}],"version-history":[{"count":0,"href":"https:\/\/uenf.br\/cbb\/lfbm\/wp-json\/wp\/v2\/pages\/218\/revisions"}],"up":[{"embeddable":true,"href":"https:\/\/uenf.br\/cbb\/lfbm\/wp-json\/wp\/v2\/pages\/216"}],"wp:attachment":[{"href":"https:\/\/uenf.br\/cbb\/lfbm\/wp-json\/wp\/v2\/media?parent=218"}],"curies":[{"name":"wp","href":"https:\/\/api.w.org\/{rel}","templated":true}]}}