{"id":354,"date":"2023-10-18T20:38:54","date_gmt":"2023-10-18T20:38:54","guid":{"rendered":"https:\/\/uenf.br\/cbb\/lfbm\/?page_id=354"},"modified":"2026-04-17T00:32:02","modified_gmt":"2026-04-17T00:32:02","slug":"plataforma-integrada-de-expressao-purificacao-e-caracterizacao-de-proteinas-recombinantes-pieppr-finep-pro-infra-2021","status":"publish","type":"page","link":"https:\/\/uenf.br\/cbb\/lfbm\/plataforma-integrada-de-expressao-purificacao-e-caracterizacao-de-proteinas-recombinantes-pieppr-finep-pro-infra-2021\/","title":{"rendered":"Plataforma Integrada de Express\u00e3o, Purifica\u00e7\u00e3o e Caracteriza\u00e7\u00e3o de Prote\u00ednas Recombinantes (PIEPPR) &#8211; FINEP PRO-INFRA 2021"},"content":{"rendered":"<p><a href=\"https:\/\/uenf.br\/cbb\/lfbm\/files\/2026\/01\/Assinatura-Conjunta-Finep-MCTI-Horizontal-Colorido.png\"><img loading=\"lazy\" decoding=\"async\" class=\"aligncenter wp-image-575 size-large\" src=\"https:\/\/uenf.br\/cbb\/lfbm\/files\/2026\/01\/Assinatura-Conjunta-Finep-MCTI-Horizontal-Colorido-1024x148.png\" alt=\"\" width=\"1024\" height=\"148\" srcset=\"https:\/\/uenf.br\/cbb\/lfbm\/files\/2026\/01\/Assinatura-Conjunta-Finep-MCTI-Horizontal-Colorido-1024x148.png 1024w, https:\/\/uenf.br\/cbb\/lfbm\/files\/2026\/01\/Assinatura-Conjunta-Finep-MCTI-Horizontal-Colorido-300x43.png 300w, https:\/\/uenf.br\/cbb\/lfbm\/files\/2026\/01\/Assinatura-Conjunta-Finep-MCTI-Horizontal-Colorido-768x111.png 768w, https:\/\/uenf.br\/cbb\/lfbm\/files\/2026\/01\/Assinatura-Conjunta-Finep-MCTI-Horizontal-Colorido-1536x222.png 1536w, https:\/\/uenf.br\/cbb\/lfbm\/files\/2026\/01\/Assinatura-Conjunta-Finep-MCTI-Horizontal-Colorido-1200x173.png 1200w, https:\/\/uenf.br\/cbb\/lfbm\/files\/2026\/01\/Assinatura-Conjunta-Finep-MCTI-Horizontal-Colorido-320x46.png 320w, https:\/\/uenf.br\/cbb\/lfbm\/files\/2026\/01\/Assinatura-Conjunta-Finep-MCTI-Horizontal-Colorido.png 2000w\" sizes=\"auto, (max-width: 1024px) 100vw, 1024px\" \/><\/a><\/p>\n<h3><\/h3>\n<h3 style=\"text-align: center\"><span style=\"color: #ff0000\"><strong>*** \u00c9 mandat\u00f3rio <\/strong>que todos os usu\u00e1rios leiam o <a href=\"https:\/\/uenf.br\/cbb\/lfbm\/files\/2025\/09\/Regimento-de-utilizacao-da-PIEPPR_final.pdf\" target=\"_blank\" rel=\"noopener\">REGIMENTO<\/a><\/span><\/h3>\n<h3 style=\"text-align: center\"><span style=\"color: #ff0000\">da PIEPPR<\/span><span style=\"color: #ff0000\"> antes de iniciar suas atividades ***<\/span><\/h3>\n<p style=\"text-align: center\"><strong>D\u00favidas sobre marca\u00e7\u00e3o e configura\u00e7\u00f5es dos equipamentos? &#8211;&gt; diogo@uenf.br <\/strong>ou<strong> (22) 2748-6194<\/strong><\/p>\n<hr \/>\n<ul>\n<li>Acesso \u00e0 marca\u00e7\u00e3o da Centr\u00edfuga Avanti JXN-26:<strong>\u00a0<a href=\"https:\/\/www.supersaas.com.br\/schedule\/LFBM\/Centr\u00edfuga_Avanti_JXN-26\" target=\"_blank\" rel=\"noopener\">https:\/\/www.supersaas.com.br\/schedule\/LFBM\/Centr\u00edfuga_Avanti_JXN-26<\/a><\/strong><\/li>\n<\/ul>\n<p><a href=\"https:\/\/uenf.br\/cbb\/lfbm\/files\/2026\/01\/IMG-20250407-WA0038.jpg\"><img loading=\"lazy\" decoding=\"async\" class=\"size-medium wp-image-555 aligncenter\" src=\"https:\/\/uenf.br\/cbb\/lfbm\/files\/2026\/01\/IMG-20250407-WA0038-225x300.jpg\" alt=\"\" width=\"225\" height=\"300\" srcset=\"https:\/\/uenf.br\/cbb\/lfbm\/files\/2026\/01\/IMG-20250407-WA0038-225x300.jpg 225w, https:\/\/uenf.br\/cbb\/lfbm\/files\/2026\/01\/IMG-20250407-WA0038-768x1024.jpg 768w, https:\/\/uenf.br\/cbb\/lfbm\/files\/2026\/01\/IMG-20250407-WA0038-320x427.jpg 320w, https:\/\/uenf.br\/cbb\/lfbm\/files\/2026\/01\/IMG-20250407-WA0038.jpg 960w\" sizes=\"auto, (max-width: 225px) 100vw, 225px\" \/><\/a><\/p>\n<hr \/>\n<ul>\n<li>Acesso \u00e0 marca\u00e7\u00e3o do NanoDSC: <strong><a href=\"https:\/\/www.supersaas.com.br\/schedule\/LFBM\/NanoDSC\" target=\"_blank\" rel=\"noopener\">https<\/a><a href=\"https:\/\/www.supersaas.com.br\/schedule\/LFBM\/NanoDSC\">:\/\/www.supersaas.com.br\/schedule\/LFBM\/NanoDSC<\/a><\/strong><\/li>\n<\/ul>\n<p><a href=\"https:\/\/uenf.br\/cbb\/lfbm\/files\/2026\/01\/WhatsApp-Image-2025-04-28-at-09.05.52_45000f86.jpg\"><img loading=\"lazy\" decoding=\"async\" class=\"aligncenter size-medium wp-image-556\" src=\"https:\/\/uenf.br\/cbb\/lfbm\/files\/2026\/01\/WhatsApp-Image-2025-04-28-at-09.05.52_45000f86-300x225.jpg\" alt=\"\" width=\"300\" height=\"225\" srcset=\"https:\/\/uenf.br\/cbb\/lfbm\/files\/2026\/01\/WhatsApp-Image-2025-04-28-at-09.05.52_45000f86-300x225.jpg 300w, https:\/\/uenf.br\/cbb\/lfbm\/files\/2026\/01\/WhatsApp-Image-2025-04-28-at-09.05.52_45000f86-1024x768.jpg 1024w, https:\/\/uenf.br\/cbb\/lfbm\/files\/2026\/01\/WhatsApp-Image-2025-04-28-at-09.05.52_45000f86-768x576.jpg 768w, https:\/\/uenf.br\/cbb\/lfbm\/files\/2026\/01\/WhatsApp-Image-2025-04-28-at-09.05.52_45000f86-1200x900.jpg 1200w, https:\/\/uenf.br\/cbb\/lfbm\/files\/2026\/01\/WhatsApp-Image-2025-04-28-at-09.05.52_45000f86-320x240.jpg 320w, https:\/\/uenf.br\/cbb\/lfbm\/files\/2026\/01\/WhatsApp-Image-2025-04-28-at-09.05.52_45000f86.jpg 1280w\" sizes=\"auto, (max-width: 300px) 100vw, 300px\" \/><\/a><\/p>\n<hr \/>\n<ul>\n<li>Acesso \u00e0 marca\u00e7\u00e3o do Leitora Biotek Synergy H1: <strong><a href=\"https:\/\/www.supersaas.com.br\/schedule\/LFBM\/Leitora_de_Placas_Synergy_H1\" target=\"_blank\" rel=\"noopener\">https:\/\/www.supersaas.com.br\/schedule\/LFBM\/Leitora_de_Placas_Synergy_H1<\/a><\/strong><\/li>\n<\/ul>\n<p>&nbsp;<\/p>\n<p style=\"text-align: center\"><span style=\"color: #ff0000\"><strong>ATEN\u00c7\u00c3O! Ap\u00f3s o uso da leitora, verifique na planilha se h\u00e1 experimento agendado em seguida. Caso haja, mantenha o equipamento ligado para o pr\u00f3ximo usu\u00e1rio, evitando ciclos frequentes de ligar e desligar e, contribuindo para a preserva\u00e7\u00e3o da vida \u00fatil do equipamento.<\/strong><\/span><\/p>\n<p><a href=\"https:\/\/uenf.br\/cbb\/lfbm\/files\/2026\/01\/IMG-20250407-WA0034.jpg\"><img loading=\"lazy\" decoding=\"async\" class=\"size-medium wp-image-557 aligncenter\" src=\"https:\/\/uenf.br\/cbb\/lfbm\/files\/2026\/01\/IMG-20250407-WA0034-300x225.jpg\" alt=\"\" width=\"300\" height=\"225\" srcset=\"https:\/\/uenf.br\/cbb\/lfbm\/files\/2026\/01\/IMG-20250407-WA0034-300x225.jpg 300w, https:\/\/uenf.br\/cbb\/lfbm\/files\/2026\/01\/IMG-20250407-WA0034-1024x768.jpg 1024w, https:\/\/uenf.br\/cbb\/lfbm\/files\/2026\/01\/IMG-20250407-WA0034-768x576.jpg 768w, https:\/\/uenf.br\/cbb\/lfbm\/files\/2026\/01\/IMG-20250407-WA0034-1200x900.jpg 1200w, https:\/\/uenf.br\/cbb\/lfbm\/files\/2026\/01\/IMG-20250407-WA0034-320x240.jpg 320w, https:\/\/uenf.br\/cbb\/lfbm\/files\/2026\/01\/IMG-20250407-WA0034.jpg 1280w\" sizes=\"auto, (max-width: 300px) 100vw, 300px\" \/><\/a><\/p>\n<hr \/>\n<ul>\n<li>Acesso \u00e0 marca\u00e7\u00e3o do Shaker Innova:\u00a0<strong><a href=\"https:\/\/www.supersaas.com.br\/schedule\/LFBM\/Shaker_Innova_S44i\" target=\"_blank\" rel=\"noopener\">https:\/\/www.supersaas.com.br\/schedule\/LFBM\/Shaker_Innova_S44i<\/a><\/strong><\/li>\n<\/ul>\n<p style=\"text-align: center\"><span style=\"color: #ff0000\"><strong>ATEN\u00c7\u00c3O: O usu\u00e1rio dever\u00e1 informar, obrigatoriamente, a temperatura e rota\u00e7\u00e3o (rpm) de opera\u00e7\u00e3o, e se seu experimento permite o compartilhamento com outros usu\u00e1rios.<\/strong><\/span><\/p>\n<p><a href=\"https:\/\/uenf.br\/cbb\/lfbm\/files\/2026\/01\/IMG-20250407-WA0040.jpg\"><img loading=\"lazy\" decoding=\"async\" class=\"aligncenter size-medium wp-image-562\" src=\"https:\/\/uenf.br\/cbb\/lfbm\/files\/2026\/01\/IMG-20250407-WA0040-300x225.jpg\" alt=\"\" width=\"300\" height=\"225\" srcset=\"https:\/\/uenf.br\/cbb\/lfbm\/files\/2026\/01\/IMG-20250407-WA0040-300x225.jpg 300w, https:\/\/uenf.br\/cbb\/lfbm\/files\/2026\/01\/IMG-20250407-WA0040-1024x768.jpg 1024w, https:\/\/uenf.br\/cbb\/lfbm\/files\/2026\/01\/IMG-20250407-WA0040-768x576.jpg 768w, https:\/\/uenf.br\/cbb\/lfbm\/files\/2026\/01\/IMG-20250407-WA0040-1200x900.jpg 1200w, https:\/\/uenf.br\/cbb\/lfbm\/files\/2026\/01\/IMG-20250407-WA0040-320x240.jpg 320w, https:\/\/uenf.br\/cbb\/lfbm\/files\/2026\/01\/IMG-20250407-WA0040.jpg 1280w\" sizes=\"auto, (max-width: 300px) 100vw, 300px\" \/><\/a><\/p>\n<hr \/>\n<ul>\n<li>Acesso \u00e0 marca\u00e7\u00e3o do sistema de cromatografia AKTA PURE 25 M:\u00a0<strong><a href=\"https:\/\/www.supersaas.com.br\/schedule\/LFBM\/AKTA_PURE_25_M\" target=\"_blank\" rel=\"noopener\">https:\/\/www.supersaas.com.br\/schedule\/LFBM\/AKTA_PURE_25_M<\/a><\/strong><\/li>\n<\/ul>\n<p style=\"text-align: center\"><strong><span style=\"color: #ff0000\">ATEN\u00c7\u00c3O: O usu\u00e1rio dever\u00e1 informar, obrigatoriamente, o tipo de t\u00e9cnica cromatogr\u00e1fica utilizada e a coluna utilizada.<\/span><\/strong><\/p>\n<p><a href=\"https:\/\/uenf.br\/cbb\/lfbm\/files\/2025\/04\/IMG-20250407-WA0039_editada.jpg\"><img loading=\"lazy\" decoding=\"async\" class=\"aligncenter size-medium wp-image-469\" src=\"https:\/\/uenf.br\/cbb\/lfbm\/files\/2025\/04\/IMG-20250407-WA0039_editada-300x214.jpg\" alt=\"\" width=\"300\" height=\"214\" srcset=\"https:\/\/uenf.br\/cbb\/lfbm\/files\/2025\/04\/IMG-20250407-WA0039_editada-300x214.jpg 300w, https:\/\/uenf.br\/cbb\/lfbm\/files\/2025\/04\/IMG-20250407-WA0039_editada-1024x732.jpg 1024w, https:\/\/uenf.br\/cbb\/lfbm\/files\/2025\/04\/IMG-20250407-WA0039_editada-768x549.jpg 768w, https:\/\/uenf.br\/cbb\/lfbm\/files\/2025\/04\/IMG-20250407-WA0039_editada.jpg 1096w\" sizes=\"auto, (max-width: 300px) 100vw, 300px\" \/><\/a><\/p>\n<hr \/>\n<ul>\n<li>Acesso \u00e0 marca\u00e7\u00e3o do Termociclador Eppendorf X40: <a href=\"https:\/\/www.supersaas.com.br\/schedule\/LFBM\/Termociclador_Eppendorf_X40\" target=\"_blank\" rel=\"noopener\">https:\/\/www.supersaas.com.br\/schedule\/LFBM\/Termociclador_Eppendorf_X40<\/a><\/li>\n<\/ul>\n<p><a href=\"https:\/\/uenf.br\/cbb\/lfbm\/files\/2026\/03\/Foto-Termociclador-scaled.jpeg\"><img loading=\"lazy\" decoding=\"async\" class=\"aligncenter size-medium wp-image-589\" src=\"https:\/\/uenf.br\/cbb\/lfbm\/files\/2026\/03\/Foto-Termociclador-225x300.jpeg\" alt=\"\" width=\"225\" height=\"300\" srcset=\"https:\/\/uenf.br\/cbb\/lfbm\/files\/2026\/03\/Foto-Termociclador-225x300.jpeg 225w, https:\/\/uenf.br\/cbb\/lfbm\/files\/2026\/03\/Foto-Termociclador-768x1024.jpeg 768w, https:\/\/uenf.br\/cbb\/lfbm\/files\/2026\/03\/Foto-Termociclador-1152x1536.jpeg 1152w, https:\/\/uenf.br\/cbb\/lfbm\/files\/2026\/03\/Foto-Termociclador-1536x2048.jpeg 1536w, https:\/\/uenf.br\/cbb\/lfbm\/files\/2026\/03\/Foto-Termociclador-1200x1600.jpeg 1200w, https:\/\/uenf.br\/cbb\/lfbm\/files\/2026\/03\/Foto-Termociclador-320x427.jpeg 320w, https:\/\/uenf.br\/cbb\/lfbm\/files\/2026\/03\/Foto-Termociclador-scaled.jpeg 1920w\" sizes=\"auto, (max-width: 225px) 100vw, 225px\" \/><\/a><\/p>\n<hr \/>\n<ul>\n<li>Acesso \u00e0 marca\u00e7\u00e3o da SpeedVac SPD120<\/li>\n<\/ul>\n<p style=\"text-align: left\">\u00a0 \u00a0 \u00a0 \u00a0 \u00a0 \u00a0<a href=\"https:\/\/www.supersaas.com.br\/schedule\/LFBM\/SpeedVac\">https:\/\/www.supersaas.com.br\/schedule\/LFBM\/SpeedVac<\/a><\/p>\n<p>&nbsp;<\/p>\n<p><a href=\"https:\/\/uenf.br\/cbb\/lfbm\/files\/2026\/04\/SpeedVac-scaled.jpeg\"><img loading=\"lazy\" decoding=\"async\" class=\"aligncenter size-medium wp-image-615\" src=\"https:\/\/uenf.br\/cbb\/lfbm\/files\/2026\/04\/SpeedVac-300x225.jpeg\" alt=\"\" width=\"300\" height=\"225\" srcset=\"https:\/\/uenf.br\/cbb\/lfbm\/files\/2026\/04\/SpeedVac-300x225.jpeg 300w, https:\/\/uenf.br\/cbb\/lfbm\/files\/2026\/04\/SpeedVac-1024x768.jpeg 1024w, https:\/\/uenf.br\/cbb\/lfbm\/files\/2026\/04\/SpeedVac-768x576.jpeg 768w, https:\/\/uenf.br\/cbb\/lfbm\/files\/2026\/04\/SpeedVac-1536x1152.jpeg 1536w, https:\/\/uenf.br\/cbb\/lfbm\/files\/2026\/04\/SpeedVac-2048x1536.jpeg 2048w, https:\/\/uenf.br\/cbb\/lfbm\/files\/2026\/04\/SpeedVac-1200x900.jpeg 1200w, https:\/\/uenf.br\/cbb\/lfbm\/files\/2026\/04\/SpeedVac-320x240.jpeg 320w\" sizes=\"auto, (max-width: 300px) 100vw, 300px\" \/><\/a><\/p>\n<hr \/>\n<ul>\n<li>Acesso \u00e0 marca\u00e7\u00e3o da Cabine de Seguran\u00e7a Biol\u00f3gica\/Fluxo Laminar<\/li>\n<\/ul>\n<p><a href=\"https:\/\/www.supersaas.com.br\/schedule\/LFBM\/Cabine_de_Seguran%C3%A7a_Biol%C3%B3gica\">https:\/\/www.supersaas.com.br\/schedule\/LFBM\/Cabine_de_Seguran%C3%A7a_Biol%C3%B3gica<\/a><\/p>\n<p style=\"text-align: center\"><strong><span style=\"color: #ff0000\">ATEN\u00c7\u00c3O: Equipamento de uso priorit\u00e1rio para bact\u00e9rias e leveduras geneticamente modificadas (OGM), destinado \u00e0 express\u00e3o de prote\u00ednas.<\/span><\/strong><\/p>\n<p><a href=\"https:\/\/uenf.br\/cbb\/lfbm\/files\/2026\/04\/capela-fluxo.jpeg\"><img loading=\"lazy\" decoding=\"async\" class=\"aligncenter size-medium wp-image-597\" src=\"https:\/\/uenf.br\/cbb\/lfbm\/files\/2026\/04\/capela-fluxo-225x300.jpeg\" alt=\"\" width=\"225\" height=\"300\" srcset=\"https:\/\/uenf.br\/cbb\/lfbm\/files\/2026\/04\/capela-fluxo-225x300.jpeg 225w, https:\/\/uenf.br\/cbb\/lfbm\/files\/2026\/04\/capela-fluxo-768x1024.jpeg 768w, https:\/\/uenf.br\/cbb\/lfbm\/files\/2026\/04\/capela-fluxo-320x427.jpeg 320w, https:\/\/uenf.br\/cbb\/lfbm\/files\/2026\/04\/capela-fluxo.jpeg 960w\" sizes=\"auto, (max-width: 225px) 100vw, 225px\" \/><\/a><\/p>\n<hr \/>\n<h2 style=\"text-align: center\">A PIEPPR ainda conta com equipamentos que n\u00e3o necessitam marca\u00e7\u00e3o pr\u00e9via<\/h2>\n<p>&nbsp;<\/p>\n<p><a href=\"https:\/\/uenf.br\/cbb\/lfbm\/files\/2026\/04\/Sistema-purificador-de-agua-1.jpg\"><img loading=\"lazy\" decoding=\"async\" class=\"size-medium wp-image-601 alignnone\" src=\"https:\/\/uenf.br\/cbb\/lfbm\/files\/2026\/04\/Sistema-purificador-de-agua-1-206x300.jpg\" alt=\"\" width=\"206\" height=\"300\" srcset=\"https:\/\/uenf.br\/cbb\/lfbm\/files\/2026\/04\/Sistema-purificador-de-agua-1-206x300.jpg 206w, https:\/\/uenf.br\/cbb\/lfbm\/files\/2026\/04\/Sistema-purificador-de-agua-1-320x466.jpg 320w, https:\/\/uenf.br\/cbb\/lfbm\/files\/2026\/04\/Sistema-purificador-de-agua-1.jpg 496w\" sizes=\"auto, (max-width: 206px) 100vw, 206px\" \/><\/a>\u00a0 \u00a0 \u00a0 \u00a0 \u00a0 \u00a0 \u00a0 \u00a0<a href=\"https:\/\/uenf.br\/cbb\/lfbm\/files\/2026\/04\/Sistema-de-registro-de-geis.jpg\"><img loading=\"lazy\" decoding=\"async\" class=\"size-medium wp-image-602 alignnone\" src=\"https:\/\/uenf.br\/cbb\/lfbm\/files\/2026\/04\/Sistema-de-registro-de-geis-205x300.jpg\" alt=\"\" width=\"205\" height=\"300\" srcset=\"https:\/\/uenf.br\/cbb\/lfbm\/files\/2026\/04\/Sistema-de-registro-de-geis-205x300.jpg 205w, https:\/\/uenf.br\/cbb\/lfbm\/files\/2026\/04\/Sistema-de-registro-de-geis-320x469.jpg 320w, https:\/\/uenf.br\/cbb\/lfbm\/files\/2026\/04\/Sistema-de-registro-de-geis.jpg 493w\" sizes=\"auto, (max-width: 205px) 100vw, 205px\" \/><\/a>\u00a0 \u00a0 \u00a0 \u00a0 \u00a0 \u00a0 \u00a0 \u00a0 <a href=\"https:\/\/uenf.br\/cbb\/lfbm\/files\/2026\/04\/Disruptor-de-celulas.jpg\"><img loading=\"lazy\" decoding=\"async\" class=\"size-medium wp-image-604 alignnone\" src=\"https:\/\/uenf.br\/cbb\/lfbm\/files\/2026\/04\/Disruptor-de-celulas-267x300.jpg\" alt=\"\" width=\"267\" height=\"300\" data-wp-editing=\"1\" srcset=\"https:\/\/uenf.br\/cbb\/lfbm\/files\/2026\/04\/Disruptor-de-celulas-267x300.jpg 267w, https:\/\/uenf.br\/cbb\/lfbm\/files\/2026\/04\/Disruptor-de-celulas-320x360.jpg 320w, https:\/\/uenf.br\/cbb\/lfbm\/files\/2026\/04\/Disruptor-de-celulas.jpg 644w\" sizes=\"auto, (max-width: 267px) 100vw, 267px\" \/><\/a><\/p>\n<p>&nbsp;<\/p>\n<p><a href=\"https:\/\/uenf.br\/cbb\/lfbm\/files\/2026\/04\/Espectrofotometro.jpg\"><img loading=\"lazy\" decoding=\"async\" class=\"size-medium wp-image-605 alignnone\" src=\"https:\/\/uenf.br\/cbb\/lfbm\/files\/2026\/04\/Espectrofotometro-204x300.jpg\" alt=\"\" width=\"204\" height=\"300\" srcset=\"https:\/\/uenf.br\/cbb\/lfbm\/files\/2026\/04\/Espectrofotometro-204x300.jpg 204w, https:\/\/uenf.br\/cbb\/lfbm\/files\/2026\/04\/Espectrofotometro-320x470.jpg 320w, https:\/\/uenf.br\/cbb\/lfbm\/files\/2026\/04\/Espectrofotometro.jpg 494w\" sizes=\"auto, (max-width: 204px) 100vw, 204px\" \/><\/a> \u00a0 \u00a0 \u00a0 \u00a0 \u00a0 \u00a0 \u00a0 \u00a0 <a href=\"https:\/\/uenf.br\/cbb\/lfbm\/files\/2026\/04\/ThermomixerC-1.jpg\"><img loading=\"lazy\" decoding=\"async\" class=\"size-medium wp-image-609 alignnone\" src=\"https:\/\/uenf.br\/cbb\/lfbm\/files\/2026\/04\/ThermomixerC-1-204x300.jpg\" alt=\"\" width=\"204\" height=\"300\" srcset=\"https:\/\/uenf.br\/cbb\/lfbm\/files\/2026\/04\/ThermomixerC-1-204x300.jpg 204w, https:\/\/uenf.br\/cbb\/lfbm\/files\/2026\/04\/ThermomixerC-1-320x470.jpg 320w, https:\/\/uenf.br\/cbb\/lfbm\/files\/2026\/04\/ThermomixerC-1.jpg 491w\" sizes=\"auto, (max-width: 204px) 100vw, 204px\" \/><\/a><\/p>\n","protected":false},"excerpt":{"rendered":"<p>*** \u00c9 mandat\u00f3rio que todos os usu\u00e1rios leiam o REGIMENTO da PIEPPR antes de iniciar suas atividades *** D\u00favidas sobre&#8230;<\/p>\n","protected":false},"author":15,"featured_media":0,"parent":0,"menu_order":10,"comment_status":"closed","ping_status":"closed","template":"","meta":{"footnotes":""},"class_list":["post-354","page","type-page","status-publish","hentry"],"_links":{"self":[{"href":"https:\/\/uenf.br\/cbb\/lfbm\/wp-json\/wp\/v2\/pages\/354","targetHints":{"allow":["GET"]}}],"collection":[{"href":"https:\/\/uenf.br\/cbb\/lfbm\/wp-json\/wp\/v2\/pages"}],"about":[{"href":"https:\/\/uenf.br\/cbb\/lfbm\/wp-json\/wp\/v2\/types\/page"}],"author":[{"embeddable":true,"href":"https:\/\/uenf.br\/cbb\/lfbm\/wp-json\/wp\/v2\/users\/15"}],"replies":[{"embeddable":true,"href":"https:\/\/uenf.br\/cbb\/lfbm\/wp-json\/wp\/v2\/comments?post=354"}],"version-history":[{"count":0,"href":"https:\/\/uenf.br\/cbb\/lfbm\/wp-json\/wp\/v2\/pages\/354\/revisions"}],"wp:attachment":[{"href":"https:\/\/uenf.br\/cbb\/lfbm\/wp-json\/wp\/v2\/media?parent=354"}],"curies":[{"name":"wp","href":"https:\/\/api.w.org\/{rel}","templated":true}]}}