{"id":43,"date":"2021-12-08T13:29:50","date_gmt":"2021-12-08T13:29:50","guid":{"rendered":"https:\/\/uenf.br\/cbb\/lfbm\/?page_id=43"},"modified":"2025-03-19T19:59:26","modified_gmt":"2025-03-19T19:59:26","slug":"pagina-da-juliana","status":"publish","type":"page","link":"https:\/\/uenf.br\/cbb\/lfbm\/pagina-da-juliana\/","title":{"rendered":"T\u00e9cnicos"},"content":{"rendered":"<h4>T\u00e9cnico de N\u00edvel Superior Especializado<\/h4>\n<ul>\n<li>M.Sc. Valeria Miguelote Kokis &#8211;\u00a0 <a href=\"http:\/\/lattes.cnpq.br\/3481956670204038\" target=\"_blank\" rel=\"noopener\">CV Lattes<\/a><\/li>\n<\/ul>\n<h4>T\u00e9cnico de N\u00edvel M\u00e9dio Especializado<\/h4>\n<ul>\n<li>Noil Gomes de Freitas &#8211;\u00a0 <a href=\"http:\/\/lattes.cnpq.br\/5455125238183408\" target=\"_blank\" rel=\"noopener\">CV Lattes<\/a><\/li>\n<li>Zila Sousa de Macedo &#8211;\u00a0 <a href=\"http:\/\/lattes.cnpq.br\/4437339996800294\" target=\"_blank\" rel=\"noopener\">CV Lattes<\/a><\/li>\n<\/ul>\n<h4>Auxiliar Operacional<\/h4>\n<ul>\n<li>Luiz Carlos Dutra de Souza<\/li>\n<\/ul>\n<p>&nbsp;<\/p>\n","protected":false},"excerpt":{"rendered":"<p>T\u00e9cnico de N\u00edvel Superior Especializado M.Sc. Valeria Miguelote Kokis &#8211;\u00a0 CV Lattes T\u00e9cnico de N\u00edvel M\u00e9dio Especializado Noil Gomes de&#8230;<\/p>\n","protected":false},"author":13,"featured_media":0,"parent":0,"menu_order":6,"comment_status":"closed","ping_status":"closed","template":"","meta":{"footnotes":""},"class_list":["post-43","page","type-page","status-publish","hentry"],"_links":{"self":[{"href":"https:\/\/uenf.br\/cbb\/lfbm\/wp-json\/wp\/v2\/pages\/43","targetHints":{"allow":["GET"]}}],"collection":[{"href":"https:\/\/uenf.br\/cbb\/lfbm\/wp-json\/wp\/v2\/pages"}],"about":[{"href":"https:\/\/uenf.br\/cbb\/lfbm\/wp-json\/wp\/v2\/types\/page"}],"author":[{"embeddable":true,"href":"https:\/\/uenf.br\/cbb\/lfbm\/wp-json\/wp\/v2\/users\/13"}],"replies":[{"embeddable":true,"href":"https:\/\/uenf.br\/cbb\/lfbm\/wp-json\/wp\/v2\/comments?post=43"}],"version-history":[{"count":0,"href":"https:\/\/uenf.br\/cbb\/lfbm\/wp-json\/wp\/v2\/pages\/43\/revisions"}],"wp:attachment":[{"href":"https:\/\/uenf.br\/cbb\/lfbm\/wp-json\/wp\/v2\/media?parent=43"}],"curies":[{"name":"wp","href":"https:\/\/api.w.org\/{rel}","templated":true}]}}