{"id":61,"date":"2021-12-18T15:09:44","date_gmt":"2021-12-18T15:09:44","guid":{"rendered":"https:\/\/uenf.br\/cbb\/lfbm\/?page_id=61"},"modified":"2022-11-24T20:50:40","modified_gmt":"2022-11-24T20:50:40","slug":"professores","status":"publish","type":"page","link":"https:\/\/uenf.br\/cbb\/lfbm\/professores\/","title":{"rendered":"Docentes Pesquisadores"},"content":{"rendered":"<p style=\"text-align: left\">As principais linhas de pesquisa desenvolvidas pelos docentes do LFBM incluem:<\/p>\n<p style=\"text-align: left\">&#8211; Uso de leveduras como modelo para estudo de transdu\u00e7\u00e3o de sinais mediados por \u00edons de c\u00e1lcio e pr\u00f3ton no crescimento celular polarizado associado a morfog\u00eanese, e no estresse do ret\u00edculo endoplasm\u00e1tico associado a patologias moleculares que envolvem fen\u00f4menos hiper-proliferativos (tumorig\u00eanese e virul\u00eancia microbiana);\u00a0 emprego das t\u00e9cnicas de bioqu\u00edmica, gen\u00e9tica molecular e biologia celular ;<\/p>\n<p style=\"text-align: left\">&#8211; Estudo do papel fisiol\u00f3gico de prote\u00ednas envolvidas na detoxifica\u00e7\u00e3o de esp\u00e9cies reativas de oxig\u00eanio em bact\u00e9rias e fungos, com o foco principal no estudo de tiol peroxidases.<\/p>\n<p style=\"text-align: left\">Al\u00e9m disso o LFBM possui projetos de extens\u00e3o em andamento que analisam\u00a0 quest\u00f5es de gera\u00e7\u00e3o de renda, arte, ci\u00eancia e sa\u00fade, gerando dados cient\u00edficos e os transpondo para um contexto pedag\u00f3gico-educacional, numa perspectiva de pesquisa-a\u00e7\u00e3o. Realiza divulga\u00e7\u00e3o e populariza\u00e7\u00e3o da ci\u00eancia, trabalhando com conceitos cient\u00edficos, art\u00edsticos e culturais. Investiga ainda pressupostos bio\u00e9ticos relacionados a quest\u00f5es como o desenvolvimento biotecnol\u00f3gico e problemas emergentes da intera\u00e7\u00e3o da biotecnologia e medicina com a sociedade, como procedimentos e decis\u00f5es de profissionais de sa\u00fade frente \u00e0 pandemia de Covid-19, quest\u00f5es relacionadas a t\u00e9cnicas de edi\u00e7\u00e3o g\u00eanica e de reprodu\u00e7\u00e3o assistida, entre outras.<\/p>\n<p style=\"text-align: left\">\n","protected":false},"excerpt":{"rendered":"<p>As principais linhas de pesquisa desenvolvidas pelos docentes do LFBM incluem: &#8211; Uso de leveduras como modelo para estudo de&#8230;<\/p>\n","protected":false},"author":15,"featured_media":0,"parent":0,"menu_order":4,"comment_status":"closed","ping_status":"closed","template":"","meta":{"footnotes":""},"class_list":["post-61","page","type-page","status-publish","hentry"],"_links":{"self":[{"href":"https:\/\/uenf.br\/cbb\/lfbm\/wp-json\/wp\/v2\/pages\/61","targetHints":{"allow":["GET"]}}],"collection":[{"href":"https:\/\/uenf.br\/cbb\/lfbm\/wp-json\/wp\/v2\/pages"}],"about":[{"href":"https:\/\/uenf.br\/cbb\/lfbm\/wp-json\/wp\/v2\/types\/page"}],"author":[{"embeddable":true,"href":"https:\/\/uenf.br\/cbb\/lfbm\/wp-json\/wp\/v2\/users\/15"}],"replies":[{"embeddable":true,"href":"https:\/\/uenf.br\/cbb\/lfbm\/wp-json\/wp\/v2\/comments?post=61"}],"version-history":[{"count":0,"href":"https:\/\/uenf.br\/cbb\/lfbm\/wp-json\/wp\/v2\/pages\/61\/revisions"}],"wp:attachment":[{"href":"https:\/\/uenf.br\/cbb\/lfbm\/wp-json\/wp\/v2\/media?parent=61"}],"curies":[{"name":"wp","href":"https:\/\/api.w.org\/{rel}","templated":true}]}}