{"id":73,"date":"2021-12-23T02:25:49","date_gmt":"2021-12-23T02:25:49","guid":{"rendered":"https:\/\/uenf.br\/cbb\/lfbm\/?page_id=73"},"modified":"2025-06-16T11:29:44","modified_gmt":"2025-06-16T11:29:44","slug":"andre-de-oliveira-carvalho","status":"publish","type":"page","link":"https:\/\/uenf.br\/cbb\/lfbm\/professores\/andre-de-oliveira-carvalho\/","title":{"rendered":"Prof. Dr. Andr\u00e9 de Oliveira Carvalho"},"content":{"rendered":"<p style=\"text-align: left\"><a href=\"https:\/\/uenf.br\/cbb\/lfbm\/files\/2025\/06\/Andre.jpg\"><img loading=\"lazy\" decoding=\"async\" class=\"size-medium wp-image-484 alignleft\" src=\"https:\/\/uenf.br\/cbb\/lfbm\/files\/2025\/06\/Andre-140x300.jpg\" alt=\"\" width=\"140\" height=\"300\" srcset=\"https:\/\/uenf.br\/cbb\/lfbm\/files\/2025\/06\/Andre-140x300.jpg 140w, https:\/\/uenf.br\/cbb\/lfbm\/files\/2025\/06\/Andre-478x1024.jpg 478w, https:\/\/uenf.br\/cbb\/lfbm\/files\/2025\/06\/Andre-716x1536.jpg 716w, https:\/\/uenf.br\/cbb\/lfbm\/files\/2025\/06\/Andre.jpg 720w\" sizes=\"auto, (max-width: 140px) 100vw, 140px\" \/><\/a><\/p>\n<p>Descri\u00e7\u00e3o:<\/p>\n<p>Possui gradua\u00e7\u00e3o em Ci\u00eancias Biol\u00f3gicas pela Universidade Estadual do Norte Fluminense Darcy Ribeiro (UENF). \u00c9 professor associado da UENF desde 12\/2009, e tem experi\u00eancia na \u00e1rea de Bioqu\u00edmica, com \u00eanfase em Qu\u00edmica de Macromol\u00e9culas, Biologia Molecular e Microbiologia. Atua principalmente nos seguintes temas: pept\u00eddeos antimicrobianos, procedimentos gerais para estudo de pept\u00eddeos antimicrobianos como cromatografia, eletroforese, ensaios antimicrobianos, microscopia \u00f3ptica e de fluoresc\u00eancia e mecanismo de a\u00e7\u00e3o respons\u00e1vel pela inibi\u00e7\u00e3o\/morte dos microrganismos por diversas t\u00e9cnicas bioqu\u00edmicas e microbiol\u00f3gicas. Possui experi\u00eancia na orienta\u00e7\u00e3o de alunos de gradua\u00e7\u00e3o e p\u00f3s-gradua\u00e7\u00e3o e coordena\u00e7\u00e3o de projetos de pesquisa.<\/p>\n<p>E-mail para contato: andre@uenf.br<\/p>\n<p>Lattes: <a href=\"http:\/\/lattes.cnpq.br\/9321225256365199\">http:\/\/lattes.cnpq.br\/9321225256365199<\/a><\/p>\n<p>ORCID: <a href=\"https:\/\/orcid.org\/0000-0002-0031-1357\">https:\/\/orcid.org\/0000-0002-0031-1357<\/a><\/p>\n","protected":false},"excerpt":{"rendered":"<p>Descri\u00e7\u00e3o: Possui gradua\u00e7\u00e3o em Ci\u00eancias Biol\u00f3gicas pela Universidade Estadual do Norte Fluminense Darcy Ribeiro (UENF). \u00c9 professor associado da UENF&#8230;<\/p>\n","protected":false},"author":15,"featured_media":0,"parent":61,"menu_order":0,"comment_status":"closed","ping_status":"closed","template":"","meta":{"footnotes":""},"class_list":["post-73","page","type-page","status-publish","hentry"],"_links":{"self":[{"href":"https:\/\/uenf.br\/cbb\/lfbm\/wp-json\/wp\/v2\/pages\/73","targetHints":{"allow":["GET"]}}],"collection":[{"href":"https:\/\/uenf.br\/cbb\/lfbm\/wp-json\/wp\/v2\/pages"}],"about":[{"href":"https:\/\/uenf.br\/cbb\/lfbm\/wp-json\/wp\/v2\/types\/page"}],"author":[{"embeddable":true,"href":"https:\/\/uenf.br\/cbb\/lfbm\/wp-json\/wp\/v2\/users\/15"}],"replies":[{"embeddable":true,"href":"https:\/\/uenf.br\/cbb\/lfbm\/wp-json\/wp\/v2\/comments?post=73"}],"version-history":[{"count":0,"href":"https:\/\/uenf.br\/cbb\/lfbm\/wp-json\/wp\/v2\/pages\/73\/revisions"}],"up":[{"embeddable":true,"href":"https:\/\/uenf.br\/cbb\/lfbm\/wp-json\/wp\/v2\/pages\/61"}],"wp:attachment":[{"href":"https:\/\/uenf.br\/cbb\/lfbm\/wp-json\/wp\/v2\/media?parent=73"}],"curies":[{"name":"wp","href":"https:\/\/api.w.org\/{rel}","templated":true}]}}