{"id":75,"date":"2021-12-23T02:26:51","date_gmt":"2021-12-23T02:26:51","guid":{"rendered":"https:\/\/uenf.br\/cbb\/lfbm\/?page_id=75"},"modified":"2023-12-21T01:43:10","modified_gmt":"2023-12-21T01:43:10","slug":"anna-lvovna-okorokova-facanha","status":"publish","type":"page","link":"https:\/\/uenf.br\/cbb\/lfbm\/professores\/anna-lvovna-okorokova-facanha\/","title":{"rendered":"Profa. Dra. Anna Lvovna Okorokova Fa\u00e7anha"},"content":{"rendered":"<p><a href=\"https:\/\/uenf.br\/cbb\/lfbm\/files\/2022\/05\/24831440_330759917403471_8149347154947682813_o-e1652114284148.jpg\"><img loading=\"lazy\" decoding=\"async\" class=\"alignleft wp-image-165\" src=\"https:\/\/uenf.br\/cbb\/lfbm\/files\/2022\/05\/24831440_330759917403471_8149347154947682813_o-e1652114284148.jpg\" alt=\"\" width=\"165\" height=\"190\" \/><\/a>Bacharel em Biologia (especialidade Gen\u00e9tica) e Mestre em Biologia Molecular pela Universidade de Moscou Lomonosov (1992), Doutora em Qu\u00edmica Biol\u00f3gica pela UFRJ (1997). Professora pesquisadora da UENF desde 1999. Atualmente \u00e9 Professora Associada I no LFBM\/CBB, onde ministra as disciplinas de Virologia e Microbiologia M\u00e9dica para Gradua\u00e7\u00e3o; Bases Moleculares e Celulares de Doen\u00e7as Humanas, e Homeostase I\u00f4nica e Transdu\u00e7\u00e3o de Sinal para P\u00f3s-Gradua\u00e7\u00e3o, dentre outras atividades acad\u00eamicas. Docente credenciada e atual Coordenadora do Programa de P\u00f3s-Gradua\u00e7\u00e3o em Bioci\u00eancias e Biotecnologia (PGBB). Principal linha de pesquisa: Uso de leveduras como modelo para estudo de transdu\u00e7\u00e3o de sinais mediados por \u00edons de c\u00e1lcio e pr\u00f3ton no crescimento celular polarizado associado a morfog\u00eanese, e no estresse do ret\u00edculo endoplasm\u00e1tico associado a patologias moleculares que envolvem fen\u00f4menos hiper-proliferativos (tumorig\u00eanese e virul\u00eancia microbiana).<\/p>\n<p>E-mail para contato: <a href=\"mailto:anna@uenf.br\">anna@uenf.br<\/a><\/p>\n<p>Lattes:\u00a0<a href=\"http:\/\/lattes.cnpq.br\/9963673886384569\">http:\/\/lattes.cnpq.br\/9963673886384569<\/a><\/p>\n<p>ORCID: <a href=\"https:\/\/orcid.org\/0000-0002-6856-7711\">https:\/\/orcid.org\/0000-0002-6856-7711<\/a><\/p>\n","protected":false},"excerpt":{"rendered":"<p>Bacharel em Biologia (especialidade Gen\u00e9tica) e Mestre em Biologia Molecular pela Universidade de Moscou Lomonosov (1992), Doutora em Qu\u00edmica Biol\u00f3gica&#8230;<\/p>\n","protected":false},"author":15,"featured_media":0,"parent":61,"menu_order":2,"comment_status":"closed","ping_status":"closed","template":"","meta":{"footnotes":""},"class_list":["post-75","page","type-page","status-publish","hentry"],"_links":{"self":[{"href":"https:\/\/uenf.br\/cbb\/lfbm\/wp-json\/wp\/v2\/pages\/75","targetHints":{"allow":["GET"]}}],"collection":[{"href":"https:\/\/uenf.br\/cbb\/lfbm\/wp-json\/wp\/v2\/pages"}],"about":[{"href":"https:\/\/uenf.br\/cbb\/lfbm\/wp-json\/wp\/v2\/types\/page"}],"author":[{"embeddable":true,"href":"https:\/\/uenf.br\/cbb\/lfbm\/wp-json\/wp\/v2\/users\/15"}],"replies":[{"embeddable":true,"href":"https:\/\/uenf.br\/cbb\/lfbm\/wp-json\/wp\/v2\/comments?post=75"}],"version-history":[{"count":0,"href":"https:\/\/uenf.br\/cbb\/lfbm\/wp-json\/wp\/v2\/pages\/75\/revisions"}],"up":[{"embeddable":true,"href":"https:\/\/uenf.br\/cbb\/lfbm\/wp-json\/wp\/v2\/pages\/61"}],"wp:attachment":[{"href":"https:\/\/uenf.br\/cbb\/lfbm\/wp-json\/wp\/v2\/media?parent=75"}],"curies":[{"name":"wp","href":"https:\/\/api.w.org\/{rel}","templated":true}]}}