{"id":77,"date":"2021-12-23T02:27:13","date_gmt":"2021-12-23T02:27:13","guid":{"rendered":"https:\/\/uenf.br\/cbb\/lfbm\/?page_id=77"},"modified":"2026-03-02T19:20:27","modified_gmt":"2026-03-02T19:20:27","slug":"diogo-de-abreu-meireles","status":"publish","type":"page","link":"https:\/\/uenf.br\/cbb\/lfbm\/professores\/diogo-de-abreu-meireles\/","title":{"rendered":"Prof. Dr. Diogo de Abreu Meireles"},"content":{"rendered":"<h1 style=\"text-align: center\"><strong>GRUPO DE MICROBIOLOGIA REDOX<br \/>\n<\/strong><\/h1>\n<p><a style=\"color: #13aff0\" href=\"https:\/\/uenf.br\/cbb\/lfbm\/files\/2022\/02\/foto-congresso.jpeg\"><img loading=\"lazy\" decoding=\"async\" class=\"wp-image-102 size-full alignleft\" src=\"https:\/\/uenf.br\/cbb\/lfbm\/files\/2022\/02\/foto-congresso.jpeg\" alt=\"\" width=\"206\" height=\"299\" \/><\/a><a href=\"https:\/\/uenf.br\/cbb\/lfbm\/files\/2023\/04\/Dora3.png\"><img loading=\"lazy\" decoding=\"async\" class=\"wp-image-282 size-thumbnail alignleft\" src=\"https:\/\/uenf.br\/cbb\/lfbm\/files\/2023\/04\/Dora3-150x150.png\" alt=\"\" width=\"150\" height=\"150\" srcset=\"https:\/\/uenf.br\/cbb\/lfbm\/files\/2023\/04\/Dora3-150x150.png 150w, https:\/\/uenf.br\/cbb\/lfbm\/files\/2023\/04\/Dora3-300x300.png 300w, https:\/\/uenf.br\/cbb\/lfbm\/files\/2023\/04\/Dora3.png 400w\" sizes=\"auto, (max-width: 150px) 100vw, 150px\" \/><\/a>Bacharel em Ci\u00eancias Biol\u00f3gicas (2002) e mestre em Bioci\u00eancias e Biotecnologia (2006) pela UENF. Realizou seu doutoramento em Ci\u00eancias pelo Departamento de Bioqu\u00edmica do Instituto de Qu\u00edmica na USP com per\u00edodo sandwich no Mass General Hospital\/Harvard Medical School\/Boston\/MA. Possui oito anos de est\u00e1gio de p\u00f3s-doutorado na \u00e1rea REDOX no Instituto de Bioci\u00eancias da USP (2012-2020) desenvolvendo projeto vinculado ao grupo CEPID REDOXOMA. Atua nas \u00e1rea de Biologia Molecular e Bioqu\u00edmica de Microrganismos, com \u00eanfase no metabolismo REDOX, al\u00e9m de atuar na \u00e1rea de Gen\u00e9tica e Biologia Molecular de bact\u00e9rias e fungos. As linhas de pesquisa atuais envolvem o estudo das tiol peroxidases presentes em organismos procariotos e fungos atrav\u00e9s de ensaios bioqu\u00edmicos\/funcionais guiados por an\u00e1lise estrutural quanto a caracteriza\u00e7\u00e3o fenot\u00edpica de mutantes nulos em genes que codificam estas enzimas. Entre as bact\u00e9rias, utilizamos como organismo de estudo o pat\u00f3geno oportunista <em>Pseudomonas aeruginosa.<\/em> Busca tamb\u00e9m desenvolver ferramentas gen\u00e9ticas que possibilitem a an\u00e1lise em tempo real da express\u00e3o destes genes, investigando seu poss\u00edvel papel no contexto da intera\u00e7\u00e3o pat\u00f3geno-hospedeiro. Com o objetivo de entender o papel do componente oxidativo na resposta do hospedeiro a infec\u00e7\u00e3o utilizamos como modelo a larva da cera <em>Galleria mellonella<\/em>. Em fungos,\u00a0 visa entender como uma tiol peroxidase denominada Ohr atua na fisiologia mitocondrial de fitopat\u00f3genos.<\/p>\n<p><a href=\"https:\/\/uenf.br\/cbb\/lfbm\/files\/2022\/12\/Flag_of_the_United_Kingdom_3-5.svg_.png\"><img loading=\"lazy\" decoding=\"async\" class=\"alignnone wp-image-265\" src=\"https:\/\/uenf.br\/cbb\/lfbm\/files\/2022\/12\/Flag_of_the_United_Kingdom_3-5.svg_.png\" alt=\"\" width=\"30\" height=\"18\" srcset=\"https:\/\/uenf.br\/cbb\/lfbm\/files\/2022\/12\/Flag_of_the_United_Kingdom_3-5.svg_.png 383w, https:\/\/uenf.br\/cbb\/lfbm\/files\/2022\/12\/Flag_of_the_United_Kingdom_3-5.svg_-300x180.png 300w\" sizes=\"auto, (max-width: 30px) 100vw, 30px\" \/><\/a><strong>REDOX MICROBIOLOGY GROUP<\/strong><\/p>\n<p>Bachelor degree in Biological Sciences and Master degree in Biosciences and Biotechnology granted at Universidade Estadual do Norte Fluminense Darcy Ribeiro and PhD in Sciences granted at Department of Biochemistry of the Institute of Chemistry at USP, with a sandwich period at Mass General Hospital\/Harvard Medical School\/Boston\/MA. Many years of postdoctoral research in the REDOX field at the Institute of Biosciences of USP, where he developed projects linked to the CEPID REDOXOMA group. Currently, I am establishing my own research group at UENF. We are committed to understand biochemical and evolutionary aspects of thiol peroxidases present in bacteria and fungi. We are also committed to research how these proteins act in bacterial and fungal physiology, especially in the context of the interaction with the environment and\/or its hosts.<\/p>\n<hr \/>\n<h1>Principais linhas de pesquisa<\/h1>\n<h1 style=\"text-align: center\"><span style=\"color: #ff0000\"><a style=\"color: #ff0000\" href=\"https:\/\/uenf.br\/cbb\/lfbm\/files\/2023\/05\/divulgacao-2023.pdf\" target=\"_blank\" rel=\"noopener\">VAGAS ABERTAS PARA I.C., MESTRADO E DOUTORADO<\/a><\/span><\/h1>\n<p><a style=\"color: #13aff0\" href=\"https:\/\/uenf.br\/cbb\/lfbm\/files\/2024\/02\/Imagem4.png\"><img loading=\"lazy\" decoding=\"async\" class=\"aligncenter wp-image-392 size-full\" src=\"https:\/\/uenf.br\/cbb\/lfbm\/files\/2024\/02\/Imagem4.png\" alt=\"\" width=\"3235\" height=\"1109\" srcset=\"https:\/\/uenf.br\/cbb\/lfbm\/files\/2024\/02\/Imagem4.png 3235w, https:\/\/uenf.br\/cbb\/lfbm\/files\/2024\/02\/Imagem4-300x103.png 300w, https:\/\/uenf.br\/cbb\/lfbm\/files\/2024\/02\/Imagem4-1024x351.png 1024w, https:\/\/uenf.br\/cbb\/lfbm\/files\/2024\/02\/Imagem4-768x263.png 768w, https:\/\/uenf.br\/cbb\/lfbm\/files\/2024\/02\/Imagem4-1536x527.png 1536w, https:\/\/uenf.br\/cbb\/lfbm\/files\/2024\/02\/Imagem4-2048x702.png 2048w\" sizes=\"auto, (max-width: 3235px) 100vw, 3235px\" \/><\/a><\/p>\n<p style=\"text-align: left\"><strong>Outras publica\u00e7\u00f5es recentes:<\/strong> Meireles, D.A., Yokomizo, C.H,\u00a0 Silva, F. P., Ven\u00e2ncio, T.M., Degenhardtd, M.F.S., de Oliveira, C.L.P. and Netto, L.E.S. (2024) Functional diversity of YbbN\/CnoX proteins: Insights from a comparative analysis of three thioredoxin-like oxidoreductases from <em>Pseudomonas aeruginosa<\/em>, <em>Xylella fastidiosa<\/em> and <em>Escherichia coli<\/em>. Redox Biology, v. 72, p. 103128, 2024.<\/p>\n<hr \/>\n<h1>CONGRESSOS<\/h1>\n<h3>CONFICT\/CONPG Jul\/2025 &#8211; UENF &#8211; Campos dos Goytacazes\/RJ<\/h3>\n<p>Durante o XVII Congresso Fluminense de Inicia\u00e7\u00e3o Cient\u00edfica e Tecnol\u00f3gica (CONFICT) e o X Congresso Fluminense de P\u00f3s-Gradua\u00e7\u00e3o, foram apresentados os trabalhos desenvolvidos no grupo de pesquisa por alunas de Inicia\u00e7\u00e3o Cient\u00edfica e de P\u00f3s-Gradua\u00e7\u00e3o.<\/p>\n<p><a href=\"https:\/\/uenf.br\/cbb\/lfbm\/files\/2025\/07\/WhatsApp-Image-2025-07-22-at-12.12.21_bf846866.jpg\"><img loading=\"lazy\" decoding=\"async\" class=\"size-medium wp-image-491 alignleft\" src=\"https:\/\/uenf.br\/cbb\/lfbm\/files\/2025\/07\/WhatsApp-Image-2025-07-22-at-12.12.21_bf846866-225x300.jpg\" alt=\"\" width=\"225\" height=\"300\" srcset=\"https:\/\/uenf.br\/cbb\/lfbm\/files\/2025\/07\/WhatsApp-Image-2025-07-22-at-12.12.21_bf846866-225x300.jpg 225w, https:\/\/uenf.br\/cbb\/lfbm\/files\/2025\/07\/WhatsApp-Image-2025-07-22-at-12.12.21_bf846866-768x1024.jpg 768w, https:\/\/uenf.br\/cbb\/lfbm\/files\/2025\/07\/WhatsApp-Image-2025-07-22-at-12.12.21_bf846866.jpg 960w\" sizes=\"auto, (max-width: 225px) 100vw, 225px\" \/><\/a><a href=\"https:\/\/uenf.br\/cbb\/lfbm\/files\/2025\/07\/WhatsApp-Image-2025-07-22-at-12.12.21_194b034c.jpg\"><img loading=\"lazy\" decoding=\"async\" class=\"size-medium wp-image-493 alignleft\" src=\"https:\/\/uenf.br\/cbb\/lfbm\/files\/2025\/07\/WhatsApp-Image-2025-07-22-at-12.12.21_194b034c-225x300.jpg\" alt=\"\" width=\"225\" height=\"300\" srcset=\"https:\/\/uenf.br\/cbb\/lfbm\/files\/2025\/07\/WhatsApp-Image-2025-07-22-at-12.12.21_194b034c-225x300.jpg 225w, https:\/\/uenf.br\/cbb\/lfbm\/files\/2025\/07\/WhatsApp-Image-2025-07-22-at-12.12.21_194b034c-768x1024.jpg 768w, https:\/\/uenf.br\/cbb\/lfbm\/files\/2025\/07\/WhatsApp-Image-2025-07-22-at-12.12.21_194b034c.jpg 960w\" sizes=\"auto, (max-width: 225px) 100vw, 225px\" \/><\/a><\/p>\n<p><span style=\"color: #13aff0\"><a style=\"color: #13aff0\" href=\"https:\/\/uenf.br\/cbb\/lfbm\/files\/2025\/07\/WhatsApp-Image-2025-07-22-at-12.12.21_4bfd0148.jpg\"><img loading=\"lazy\" decoding=\"async\" class=\"size-medium wp-image-490 alignleft\" src=\"https:\/\/uenf.br\/cbb\/lfbm\/files\/2025\/07\/WhatsApp-Image-2025-07-22-at-12.12.21_4bfd0148-225x300.jpg\" alt=\"\" width=\"225\" height=\"300\" srcset=\"https:\/\/uenf.br\/cbb\/lfbm\/files\/2025\/07\/WhatsApp-Image-2025-07-22-at-12.12.21_4bfd0148-225x300.jpg 225w, https:\/\/uenf.br\/cbb\/lfbm\/files\/2025\/07\/WhatsApp-Image-2025-07-22-at-12.12.21_4bfd0148-768x1024.jpg 768w, https:\/\/uenf.br\/cbb\/lfbm\/files\/2025\/07\/WhatsApp-Image-2025-07-22-at-12.12.21_4bfd0148.jpg 960w\" sizes=\"auto, (max-width: 225px) 100vw, 225px\" \/><\/a><\/span><\/p>\n<p><span style=\"color: #13aff0\"><a href=\"https:\/\/uenf.br\/cbb\/lfbm\/files\/2025\/07\/WhatsApp-Image-2025-07-22-at-12.12.21_d5155d16.jpg\"><img loading=\"lazy\" decoding=\"async\" class=\"size-medium wp-image-492 alignleft\" src=\"https:\/\/uenf.br\/cbb\/lfbm\/files\/2025\/07\/WhatsApp-Image-2025-07-22-at-12.12.21_d5155d16-225x300.jpg\" alt=\"\" width=\"225\" height=\"300\" srcset=\"https:\/\/uenf.br\/cbb\/lfbm\/files\/2025\/07\/WhatsApp-Image-2025-07-22-at-12.12.21_d5155d16-225x300.jpg 225w, https:\/\/uenf.br\/cbb\/lfbm\/files\/2025\/07\/WhatsApp-Image-2025-07-22-at-12.12.21_d5155d16-768x1024.jpg 768w, https:\/\/uenf.br\/cbb\/lfbm\/files\/2025\/07\/WhatsApp-Image-2025-07-22-at-12.12.21_d5155d16.jpg 960w\" sizes=\"auto, (max-width: 225px) 100vw, 225px\" \/><\/a><\/span><\/p>\n<p>Na imagem superior, da esquerda para a direita, est\u00e3o os banners apresentados pelas alunas de Inicia\u00e7\u00e3o Cient\u00edfica Rayssa Muzi, Brunna Rosa, Rafaela Coelho e, logo abaixo, pela mestranda Lais Nogueira Machado.<\/p>\n<p>&nbsp;<\/p>\n<p>&nbsp;<\/p>\n<hr \/>\n<h1>Defesas:<\/h1>\n<h2>Realizadas:<\/h2>\n<p>06\/02\/2026 &#8211; Lais Nogueira Machado &#8211; Disserta\u00e7\u00e3o de mestrado: &#8220;Constru\u00e7\u00e3o de um mutante nulo no gene que codifica uma ciclopropano sintase de \u00e1cidos graxos (Cfa) de <em>Pseudomonas aeruginosa<\/em> para avaliar sua influ\u00eancia sobre o estresse oxidativo&#8221;<\/p>\n<p>02\/12\/2025 &#8211; Rafaela Pinheiro Coelho &#8211; TCC: &#8220;Padroniza\u00e7\u00e3o de ensaios de infec\u00e7\u00e3o em <em>Galleria mellonella<\/em> para investigar o papel da Peroxirredoxina Q (PrxQ) na virul\u00eancia e fisiologia de <em>Pseudomonas aeruginosa&#8221;<\/em><\/p>\n<p>28\/11\/2025 &#8211; Rayssa Roberta Gon\u00e7alves e Muzi\u00a0 TCC: &#8220;<span style=\"font-weight: 400\">Avalia\u00e7\u00e3o estrutural do papel do res\u00edduo conservado Y126 na prote\u00edna de resist\u00eancia a hidroper\u00f3xidos org\u00e2nicos (Ohr) de <\/span><i><span style=\"font-weight: 400\">Pseudomonas aeruginosa&#8221;<\/span><\/i><\/p>\n<p>25\/02\/2025 &#8211; Igor Nascimento de Carvalho &#8211; Disserta\u00e7\u00e3o de mestrado &#8220;An\u00e1lise das tiol peroxidases Ohr, OsmC e Gpx na virul\u00eancia de <em>Pseudomonas aeruginosa<\/em> utilizando como modelo de infec\u00e7\u00e3o larvas de <em>Galleria mellonella<\/em>&#8221;<\/p>\n<p>28\/11\/2024 &#8211; J\u00falia Mello da Silva &#8211; I.C. &#8211; TCC: &#8220;Padroniza\u00e7\u00e3o dos ensaios de infec\u00e7\u00e3o em <em>Galleria mellonella<\/em>\u00a0por\u00a0<em>Pseudomonas aeruginosa<\/em>, com o objetivo de validar este modelo experimental para investigar o papel das tiol peroxidases na infec\u00e7\u00e3o&#8221;<\/p>\n<p>&nbsp;<\/p>\n<p><a href=\"https:\/\/uenf.br\/cbb\/lfbm\/files\/2025\/12\/Defes-Rayssa.jpg\"><img loading=\"lazy\" decoding=\"async\" class=\"wp-image-540 size-medium alignnone\" src=\"https:\/\/uenf.br\/cbb\/lfbm\/files\/2025\/12\/Defes-Rayssa-e1765317571965-300x300.jpg\" alt=\"\" width=\"300\" height=\"300\" srcset=\"https:\/\/uenf.br\/cbb\/lfbm\/files\/2025\/12\/Defes-Rayssa-e1765317571965-300x300.jpg 300w, https:\/\/uenf.br\/cbb\/lfbm\/files\/2025\/12\/Defes-Rayssa-e1765317571965-150x150.jpg 150w, https:\/\/uenf.br\/cbb\/lfbm\/files\/2025\/12\/Defes-Rayssa-e1765317571965-768x771.jpg 768w, https:\/\/uenf.br\/cbb\/lfbm\/files\/2025\/12\/Defes-Rayssa-e1765317571965-600x600.jpg 600w, https:\/\/uenf.br\/cbb\/lfbm\/files\/2025\/12\/Defes-Rayssa-e1765317571965.jpg 864w\" sizes=\"auto, (max-width: 300px) 100vw, 300px\" \/><\/a><a href=\"https:\/\/uenf.br\/cbb\/lfbm\/files\/2025\/12\/Defesa-Rafaela.jpg\"><img loading=\"lazy\" decoding=\"async\" class=\"alignnone wp-image-539 size-medium\" src=\"https:\/\/uenf.br\/cbb\/lfbm\/files\/2025\/12\/Defesa-Rafaela-e1765317515763-266x300.jpg\" alt=\"\" width=\"266\" height=\"300\" srcset=\"https:\/\/uenf.br\/cbb\/lfbm\/files\/2025\/12\/Defesa-Rafaela-e1765317515763-266x300.jpg 266w, https:\/\/uenf.br\/cbb\/lfbm\/files\/2025\/12\/Defesa-Rafaela-e1765317515763.jpg 720w\" sizes=\"auto, (max-width: 266px) 100vw, 266px\" \/><\/a><a href=\"https:\/\/uenf.br\/cbb\/lfbm\/files\/2026\/03\/defesa-Lais-N-Diogo.jpg\"><img loading=\"lazy\" decoding=\"async\" class=\"size-medium wp-image-581 alignnone\" src=\"https:\/\/uenf.br\/cbb\/lfbm\/files\/2026\/03\/defesa-Lais-N-Diogo-225x300.jpg\" alt=\"\" width=\"225\" height=\"300\" srcset=\"https:\/\/uenf.br\/cbb\/lfbm\/files\/2026\/03\/defesa-Lais-N-Diogo-225x300.jpg 225w, https:\/\/uenf.br\/cbb\/lfbm\/files\/2026\/03\/defesa-Lais-N-Diogo-768x1024.jpg 768w, https:\/\/uenf.br\/cbb\/lfbm\/files\/2026\/03\/defesa-Lais-N-Diogo-320x427.jpg 320w, https:\/\/uenf.br\/cbb\/lfbm\/files\/2026\/03\/defesa-Lais-N-Diogo.jpg 960w\" sizes=\"auto, (max-width: 225px) 100vw, 225px\" \/><\/a><\/p>\n<p>Defesa TCC: Foto da esquerda, Rayssa Roberta Gon\u00e7alves e Muzi e os membros da banca Dra. Ana Eliza Zeraik e Dr. Felipe Astolpho de Almeida, ambos do LQFPP\/UENF. Foto central: Rafaela Pinheiro Coelho e os membros da banca: Dra. \u00c9rica de Oliveira Mello e M.Sc. Arielle Pinheiro Bessiatti Fava Oliveira, ambas do LFBM\/CBB. Foto da esquerda, Defesa de mestrado: Lais Nogueira Machado e os membros da banca Dr. Felipe Astolpho de Almeida, do LQFPP\/UENF e Dra. Regina L. Baldini, do IQ\/USP.<\/p>\n<p>&nbsp;<\/p>\n<hr \/>\n<h1 style=\"text-align: left\">Membros atuais (current members):<\/h1>\n<h4>&#8211; Inicia\u00e7\u00e3o Cient\u00edfica (Undergraduate students)<\/h4>\n<p><a href=\"https:\/\/lattes.cnpq.br\/8595559941529891\" target=\"_blank\" rel=\"noopener\"><span class=\"il\">Jaime<\/span> Daniel Fernandes<\/a> &#8211; Bacharelado em Biomedicina na Universidade Est\u00e1cio de S\u00e1 &#8211; Bolsista PIBi\/UENF\/CNPq<\/p>\n<p><a href=\"http:\/\/lattes.cnpq.br\/8810863284343042\" target=\"_blank\" rel=\"noopener\">Brunna Moura Silveira Rosa<\/a> &#8211; Bacharelado em Ci\u00eancias Biol\u00f3gicas &#8211; Bolsista PIBi\/UENF\/CNPq<\/p>\n<h4><strong>&#8211; Mestrado (G<\/strong><strong>raduate students)<\/strong><\/h4>\n<p><a href=\"https:\/\/lattes.cnpq.br\/9099538093468898\" target=\"_blank\" rel=\"noopener\">B.Sc. Edison Palomino Guerrera<\/a>\u00a0&#8211; Bacharel em Biologia\u00a0Universidad Nacional San Cristobal de Huamanga, Peru &#8211; Bolsista PPGBB\/UENF<\/p>\n<p><strong>&#8211; Lab Alumni:<\/strong><\/p>\n<p><a href=\"http:\/\/lattes.cnpq.br\/9481847809691855\" target=\"_blank\" rel=\"noopener\">B.Sc. Louyse Rangel Chagas<\/a> &#8211; Licenciatura em Ci\u00eancias Biol\u00f3gicas (fev\/2022 &#8211; mar\/2024)<\/p>\n<p><a href=\"http:\/\/lattes.cnpq.br\/8186384730813471\" target=\"_blank\" rel=\"noopener\">B.Sc. J\u00falia Mello da Silva<\/a> &#8211; Licenciatura em Ci\u00eancias Biol\u00f3gicas &#8211; (fev\/2022 &#8211; dez\/2024)<\/p>\n<p><a href=\"http:\/\/lattes.cnpq.br\/8186384730813471\" target=\"_blank\" rel=\"noopener\">B.Sc.<\/a><a href=\"http:\/\/buscatextual.cnpq.br\/buscatextual\/visualizacv.do?id=K9039677Z5&amp;tokenCaptchar=03AEkXODDmNVQpQ0Jzq77qBhQv0woDAyff6FDpvQZGx9nDPy3HjeXtU-W7TlYq_PBjtTzlyyJ3bQjaDiqVj7vd4Y7dv-4q0RDlilnKe-VO7_KL2VcOYJl-HkgANt_ZntxZlSU7Ry2CZDedxUIAmFEMs7WRo424cGstVBD1jiVE2ua2Fz1XssYhMtAIL65XcZDkDPdzIdvf94ZuunaDJjiGMa8aQH_zRJdf-gPjSbMZp6nMMW_WULBHk6mw9qa3qCHAFcDIrDnfQazF4dePp6A7ygev-A79SX9fmAeTS3w5xpmYui4MwVyEoXAmrD6ZvwIcaaFm6Zq5WscypRTZjXK3xMgrhNAgYuw85ubGudAudQoBuuAikFjDtmc1r3ig9JWlgFvVFIl0CDW3P6V4O55-FsEvs9oS9pcAQ8l02FQeQZgG8LJSnvuVM9EDS1QJLlaQHStNZnQ8B8tQWD6R4_UbhshOYN1dK2vcKJrOrDYN1_hfSMd7u5s8gim8uqKRNmgQLEO0px_yvLhwz1JpthM5sRQUS4NGkhtMnci29E8Ply5uZidKmmMOt8kohfg62zjZhRmiJc5CwRMXtg0iU0H2LzBgkWax8z-8ZA\" target=\"_blank\" rel=\"noopener\"> Rafaela Pinheiro Coelho<\/a> &#8211; Bacharelado em Ci\u00eancias Biol\u00f3gicas &#8211; (fev\/2022 &#8211; dez\/2025)<\/p>\n<p><a href=\"http:\/\/lattes.cnpq.br\/8186384730813471\" target=\"_blank\" rel=\"noopener\">B.Sc.<\/a><a href=\"http:\/\/lattes.cnpq.br\/3513737932986453\" target=\"_blank\" rel=\"noopener\"> Rayssa Roberta Gon\u00e7alves e Muzi<\/a> &#8211; Bacharelado em Ci\u00eancias Biol\u00f3gicas &#8211; (fev\/2024-dez\/2025)<\/p>\n<p><a href=\"http:\/\/lattes.cnpq.br\/2541026156598839\" target=\"_blank\" rel=\"noopener\">M.Sc. Igor Nascimento de Carvalho<\/a> &#8211; Bacharel em Ci\u00eancias Biol\u00f3gicas pela UENF (mar\/2023 &#8211; fev\/2025)<\/p>\n<p><a href=\"http:\/\/lattes.cnpq.br\/2541026156598839\" target=\"_blank\" rel=\"noopener\">M.Sc.<\/a><a href=\"http:\/\/lattes.cnpq.br\/4392438190214208\" target=\"_blank\" rel=\"noopener\">\u00a0<\/a><a href=\"http:\/\/lattes.cnpq.br\/4392438190214208\" target=\"_blank\" rel=\"noopener\">Lais Nogueira Machado<\/a> &#8211; Bacharel em Ci\u00eancias Biol\u00f3gicas pela UENF &#8211; (fev\/2024-fev\/2026)<\/p>\n<hr \/>\n<h1>Contato (contact):<\/h1>\n<p>Telefone: +55 22 2748-6194<br \/>\nE-mail: diogo@uenf.br<\/p>\n<p>Lattes: <a href=\"http:\/\/lattes.cnpq.br\/0484084945580832\" target=\"_blank\" rel=\"noopener\">http:\/\/lattes.cnpq.br\/0484084945580832<\/a><\/p>\n<p>ORCID: <a href=\"https:\/\/orcid.org\/0000-0002-8451-2083\" target=\"_blank\" rel=\"noopener\">https:\/\/orcid.org\/0000-0002-8451-2083<\/a><\/p>\n","protected":false},"excerpt":{"rendered":"<p>GRUPO DE MICROBIOLOGIA REDOX Bacharel em Ci\u00eancias Biol\u00f3gicas (2002) e mestre em Bioci\u00eancias e Biotecnologia (2006) pela UENF. Realizou seu&#8230;<\/p>\n","protected":false},"author":15,"featured_media":0,"parent":61,"menu_order":3,"comment_status":"closed","ping_status":"closed","template":"","meta":{"footnotes":""},"class_list":["post-77","page","type-page","status-publish","hentry"],"_links":{"self":[{"href":"https:\/\/uenf.br\/cbb\/lfbm\/wp-json\/wp\/v2\/pages\/77","targetHints":{"allow":["GET"]}}],"collection":[{"href":"https:\/\/uenf.br\/cbb\/lfbm\/wp-json\/wp\/v2\/pages"}],"about":[{"href":"https:\/\/uenf.br\/cbb\/lfbm\/wp-json\/wp\/v2\/types\/page"}],"author":[{"embeddable":true,"href":"https:\/\/uenf.br\/cbb\/lfbm\/wp-json\/wp\/v2\/users\/15"}],"replies":[{"embeddable":true,"href":"https:\/\/uenf.br\/cbb\/lfbm\/wp-json\/wp\/v2\/comments?post=77"}],"version-history":[{"count":0,"href":"https:\/\/uenf.br\/cbb\/lfbm\/wp-json\/wp\/v2\/pages\/77\/revisions"}],"up":[{"embeddable":true,"href":"https:\/\/uenf.br\/cbb\/lfbm\/wp-json\/wp\/v2\/pages\/61"}],"wp:attachment":[{"href":"https:\/\/uenf.br\/cbb\/lfbm\/wp-json\/wp\/v2\/media?parent=77"}],"curies":[{"name":"wp","href":"https:\/\/api.w.org\/{rel}","templated":true}]}}