{"id":81,"date":"2021-12-23T02:28:36","date_gmt":"2021-12-23T02:28:36","guid":{"rendered":"https:\/\/uenf.br\/cbb\/lfbm\/?page_id=81"},"modified":"2022-04-29T18:28:25","modified_gmt":"2022-04-29T18:28:25","slug":"joao-carlos-de-aquino-almeida","status":"publish","type":"page","link":"https:\/\/uenf.br\/cbb\/lfbm\/professores\/joao-carlos-de-aquino-almeida\/","title":{"rendered":"Prof. Dr. Jo\u00e3o Carlos de Aquino Almeida"},"content":{"rendered":"<p><a href=\"https:\/\/uenf.br\/cbb\/lfbm\/files\/2022\/04\/Foto_Joao_site.jpg\"><img loading=\"lazy\" decoding=\"async\" class=\"alignnone size-medium wp-image-134\" src=\"https:\/\/uenf.br\/cbb\/lfbm\/files\/2022\/04\/Foto_Joao_site-300x300.jpg\" alt=\"\" width=\"300\" height=\"300\" srcset=\"https:\/\/uenf.br\/cbb\/lfbm\/files\/2022\/04\/Foto_Joao_site-300x300.jpg 300w, https:\/\/uenf.br\/cbb\/lfbm\/files\/2022\/04\/Foto_Joao_site-150x150.jpg 150w, https:\/\/uenf.br\/cbb\/lfbm\/files\/2022\/04\/Foto_Joao_site.jpg 319w\" sizes=\"auto, (max-width: 300px) 100vw, 300px\" \/><\/a><\/p>\n<p>Descri\u00e7\u00e3o:<\/p>\n<p>Trabalho em duas linhas principais. Uma utiliza t\u00e9cnicas de morfologia estrutural (microscopia \u00f3ptica, eletr\u00f4nica e outras) para verificar o efeito de subst\u00e2ncias bioativas (candidatos a f\u00e1rmacos, toxinas, poluentes) em c\u00e9lulas, em particular c\u00e9lulas neopl\u00e1sicas e micoorganismos. Na outra linha realizamos uma interface entre a biotecnologia e a filosofia e as ci\u00eancias humanas, buscando avaliar o impacto, do ponto de vista bio\u00e9tico, da tecnologia em nossas vidas. Trabalhamos assim com temas como fake news e ci\u00eancia, zootecnia celular, vida e reprodu\u00e7\u00e3o humana, \u00e9tica em sa\u00fade e na pesquisa cient\u00edfica, bio\u00e9tica animal, entre outros temas.<\/p>\n<p>E-mail para contato: jalmeida@uenf.br<\/p>\n<p>Lattes: <a href=\"http:\/\/lattes.cnpq.br\/3061079332211219\">http:\/\/lattes.cnpq.br\/3061079332211219<\/a><\/p>\n<p>ORCID: <a href=\"http:\/\/orcid.org\/0000-0002-4059-9930\">http:\/\/orcid.org\/0000-0002-4059-9930<\/a><\/p>\n","protected":false},"excerpt":{"rendered":"<p>Descri\u00e7\u00e3o: Trabalho em duas linhas principais. Uma utiliza t\u00e9cnicas de morfologia estrutural (microscopia \u00f3ptica, eletr\u00f4nica e outras) para verificar o&#8230;<\/p>\n","protected":false},"author":15,"featured_media":0,"parent":61,"menu_order":5,"comment_status":"closed","ping_status":"closed","template":"","meta":{"footnotes":""},"class_list":["post-81","page","type-page","status-publish","hentry"],"_links":{"self":[{"href":"https:\/\/uenf.br\/cbb\/lfbm\/wp-json\/wp\/v2\/pages\/81","targetHints":{"allow":["GET"]}}],"collection":[{"href":"https:\/\/uenf.br\/cbb\/lfbm\/wp-json\/wp\/v2\/pages"}],"about":[{"href":"https:\/\/uenf.br\/cbb\/lfbm\/wp-json\/wp\/v2\/types\/page"}],"author":[{"embeddable":true,"href":"https:\/\/uenf.br\/cbb\/lfbm\/wp-json\/wp\/v2\/users\/15"}],"replies":[{"embeddable":true,"href":"https:\/\/uenf.br\/cbb\/lfbm\/wp-json\/wp\/v2\/comments?post=81"}],"version-history":[{"count":0,"href":"https:\/\/uenf.br\/cbb\/lfbm\/wp-json\/wp\/v2\/pages\/81\/revisions"}],"up":[{"embeddable":true,"href":"https:\/\/uenf.br\/cbb\/lfbm\/wp-json\/wp\/v2\/pages\/61"}],"wp:attachment":[{"href":"https:\/\/uenf.br\/cbb\/lfbm\/wp-json\/wp\/v2\/media?parent=81"}],"curies":[{"name":"wp","href":"https:\/\/api.w.org\/{rel}","templated":true}]}}