{"id":84,"date":"2021-12-23T02:30:38","date_gmt":"2021-12-23T02:30:38","guid":{"rendered":"https:\/\/uenf.br\/cbb\/lfbm\/?page_id=84"},"modified":"2022-04-29T18:27:59","modified_gmt":"2022-04-29T18:27:59","slug":"profa-dra-valdirene-moreira-gomes","status":"publish","type":"page","link":"https:\/\/uenf.br\/cbb\/lfbm\/professores\/profa-dra-valdirene-moreira-gomes\/","title":{"rendered":"Profa. Dra. Valdirene Moreira Gomes"},"content":{"rendered":"<p><a href=\"https:\/\/uenf.br\/cbb\/lfbm\/files\/2022\/02\/Foto_Val_Site_LFBM.jpg\"><img loading=\"lazy\" decoding=\"async\" class=\"alignnone size-medium wp-image-114\" src=\"https:\/\/uenf.br\/cbb\/lfbm\/files\/2022\/02\/Foto_Val_Site_LFBM-296x300.jpg\" alt=\"\" width=\"296\" height=\"300\" srcset=\"https:\/\/uenf.br\/cbb\/lfbm\/files\/2022\/02\/Foto_Val_Site_LFBM-296x300.jpg 296w, https:\/\/uenf.br\/cbb\/lfbm\/files\/2022\/02\/Foto_Val_Site_LFBM.jpg 373w\" sizes=\"auto, (max-width: 296px) 100vw, 296px\" \/><\/a><\/p>\n<p>Descri\u00e7\u00e3o: Professora Titular do Laborat\u00f3rio de Fisiologia e Bioqu\u00edmica de Microrganismos. Pesquisadora 1D do CNPq e Cientista do Nosso Estado da FAPERJ, tem experi\u00eancia na \u00e1rea de Bioqu\u00edmica, com \u00eanfase em prote\u00ednas, atuando principalmente nos seguintes temas: Isolamento e caracteriza\u00e7\u00e3o de prote\u00ednas antimicrobianas de plantas, entre elas as pertencentes as fam\u00edlias dos pept\u00eddeos antimicrobianos (defensinas, tioninas, inibidores de proteinases e prote\u00ednas transportadoras de lip\u00eddeos (LTPs)); bioatividade desses pept\u00eddeos sobre o crescimentos de fungos fitopatog\u00eanicos e leveduras; mecanismo de a\u00e7\u00e3o de pept\u00eddeos sobre a permeabiliza\u00e7\u00e3o de membranas, estresses oxidativos, funcionalidade mitocondrial entre outros; an\u00e1lise morfol\u00f3gico e ultraestrutural dos efeitos dos pept\u00eddeos antimicrobianos sobre c\u00e9lulas f\u00fangicas.<\/p>\n<p><strong>Lattes: <\/strong><a href=\"http:\/\/lattes.cnpq.br\/1764637588910599\"><strong>http:\/\/lattes.cnpq.br\/1764637588910599<\/strong><\/a><\/p>\n<p><strong>ORCID: <\/strong><a href=\"https:\/\/orcid.org\/0000-0003-4145-428X\"><strong>https:\/\/orcid.org\/0000-0003-4145-428X<\/strong><\/a><\/p>\n","protected":false},"excerpt":{"rendered":"<p>Descri\u00e7\u00e3o: Professora Titular do Laborat\u00f3rio de Fisiologia e Bioqu\u00edmica de Microrganismos. Pesquisadora 1D do CNPq e Cientista do Nosso Estado&#8230;<\/p>\n","protected":false},"author":15,"featured_media":0,"parent":61,"menu_order":6,"comment_status":"closed","ping_status":"closed","template":"","meta":{"footnotes":""},"class_list":["post-84","page","type-page","status-publish","hentry"],"_links":{"self":[{"href":"https:\/\/uenf.br\/cbb\/lfbm\/wp-json\/wp\/v2\/pages\/84","targetHints":{"allow":["GET"]}}],"collection":[{"href":"https:\/\/uenf.br\/cbb\/lfbm\/wp-json\/wp\/v2\/pages"}],"about":[{"href":"https:\/\/uenf.br\/cbb\/lfbm\/wp-json\/wp\/v2\/types\/page"}],"author":[{"embeddable":true,"href":"https:\/\/uenf.br\/cbb\/lfbm\/wp-json\/wp\/v2\/users\/15"}],"replies":[{"embeddable":true,"href":"https:\/\/uenf.br\/cbb\/lfbm\/wp-json\/wp\/v2\/comments?post=84"}],"version-history":[{"count":0,"href":"https:\/\/uenf.br\/cbb\/lfbm\/wp-json\/wp\/v2\/pages\/84\/revisions"}],"up":[{"embeddable":true,"href":"https:\/\/uenf.br\/cbb\/lfbm\/wp-json\/wp\/v2\/pages\/61"}],"wp:attachment":[{"href":"https:\/\/uenf.br\/cbb\/lfbm\/wp-json\/wp\/v2\/media?parent=84"}],"curies":[{"name":"wp","href":"https:\/\/api.w.org\/{rel}","templated":true}]}}