{"id":2,"date":"2024-05-07T15:04:33","date_gmt":"2024-05-07T18:04:33","guid":{"rendered":"https:\/\/uenf.br\/cbb\/lqfpp\/?page_id=2"},"modified":"2025-02-13T11:02:14","modified_gmt":"2025-02-13T14:02:14","slug":"pagina-exemplo","status":"publish","type":"page","link":"https:\/\/uenf.br\/cbb\/lqfpp\/","title":{"rendered":"Apresenta\u00e7\u00e3o"},"content":{"rendered":"<p><img loading=\"lazy\" decoding=\"async\" class=\" wp-image-108 alignleft\" src=\"http:\/\/uenf.br\/cbb\/lqfpp\/files\/2024\/08\/logo_lqfpp_340-300x177.png\" alt=\"Logo_LQFPP\/CBB\" width=\"269\" height=\"159\" srcset=\"https:\/\/uenf.br\/cbb\/lqfpp\/files\/2024\/08\/logo_lqfpp_340-300x177.png 300w, https:\/\/uenf.br\/cbb\/lqfpp\/files\/2024\/08\/logo_lqfpp_340.png 340w\" sizes=\"auto, (max-width: 269px) 100vw, 269px\" \/><\/p>\n<p>&nbsp;<\/p>\n<p style=\"text-align: justify\">O <strong>Laborat\u00f3rio de Qu\u00edmica e Fun\u00e7\u00e3o de Prote\u00ednas e Pept\u00eddeos (LQFPP)<\/strong> foi estruturado em tr\u00eas setores de pesquisa cl\u00e1ssicos: Estrutura de Prote\u00ednas, Bioqu\u00edmica de Insetos e Bioqu\u00edmica Vegetal, atuando em \u00e1reas de pesquisa de interesses econ\u00f4mico e sanit\u00e1rio. Atualmente, o LQFPP conta com 10 professores em regime de dedica\u00e7\u00e3o exclusiva. Professores, alunos e t\u00e9cnicos dedicam-se ao estudo de linhas de pesquisa que combinam computa\u00e7\u00e3o de alto desempenho, modelagem e din\u00e2mica molecular, gen\u00f4mica comparativa e bioinform\u00e1tica, evolu\u00e7\u00e3o de fatores de transcri\u00e7\u00e3o bacterianos, embriologia molecular de insetos vetores de doen\u00e7as e sele\u00e7\u00e3o de novos compostos com atividade anti-inflamat\u00f3ria, antimetast\u00e1tica, inseticida, antiparasit\u00e1ria, antiviral e medicamentos para o combate de doen\u00e7as al\u00e9rgicas.<\/p>\n<h3><span style=\"color: #333399\"><strong>L<\/strong><\/span><strong style=\"color: #333399\">QFPP\/CBB\/UENF<br \/>\n<\/strong><span style=\"color: #333399\">Pr\u00e9dio P5 &#8211; 2\u00ba Pavimento<\/span><\/h3>\n","protected":false},"excerpt":{"rendered":"<p>&nbsp; O Laborat\u00f3rio de Qu\u00edmica e Fun\u00e7\u00e3o de Prote\u00ednas e Pept\u00eddeos (LQFPP) foi estruturado em tr\u00eas setores de pesquisa cl\u00e1ssicos:&#8230;<\/p>\n","protected":false},"author":30,"featured_media":0,"parent":0,"menu_order":0,"comment_status":"closed","ping_status":"open","template":"","meta":{"footnotes":""},"class_list":["post-2","page","type-page","status-publish","hentry"],"_links":{"self":[{"href":"https:\/\/uenf.br\/cbb\/lqfpp\/wp-json\/wp\/v2\/pages\/2","targetHints":{"allow":["GET"]}}],"collection":[{"href":"https:\/\/uenf.br\/cbb\/lqfpp\/wp-json\/wp\/v2\/pages"}],"about":[{"href":"https:\/\/uenf.br\/cbb\/lqfpp\/wp-json\/wp\/v2\/types\/page"}],"author":[{"embeddable":true,"href":"https:\/\/uenf.br\/cbb\/lqfpp\/wp-json\/wp\/v2\/users\/30"}],"replies":[{"embeddable":true,"href":"https:\/\/uenf.br\/cbb\/lqfpp\/wp-json\/wp\/v2\/comments?post=2"}],"version-history":[{"count":0,"href":"https:\/\/uenf.br\/cbb\/lqfpp\/wp-json\/wp\/v2\/pages\/2\/revisions"}],"wp:attachment":[{"href":"https:\/\/uenf.br\/cbb\/lqfpp\/wp-json\/wp\/v2\/media?parent=2"}],"curies":[{"name":"wp","href":"https:\/\/api.w.org\/{rel}","templated":true}]}}