{"id":47,"date":"2024-05-22T16:40:12","date_gmt":"2024-05-22T19:40:12","guid":{"rendered":"https:\/\/uenf.br\/cbb\/lqfpp\/?page_id=47"},"modified":"2024-10-30T15:15:43","modified_gmt":"2024-10-30T18:15:43","slug":"graduacao","status":"publish","type":"page","link":"https:\/\/uenf.br\/cbb\/lqfpp\/disciplinas-oferecidas\/graduacao\/","title":{"rendered":"Gradua\u00e7\u00e3o"},"content":{"rendered":"<h5><strong><span style=\"color: #333399\">Disciplinas oferecidas aos cursos de gradua\u00e7\u00e3o<\/span><\/strong><\/h5>\n<p style=\"padding-left: 40px\"><span style=\"color: #999999\">QFP02102 &#8211;<\/span> Bioqu\u00edmica II<br \/>\n<span style=\"color: #999999\">QFP02103 &#8211;<\/span> Bioqu\u00edmica para Zootecnia (CCTA)<br \/>\n<span style=\"color: #999999\">QFP02205 &#8211;<\/span> Bioqu\u00edmica Geral (LCQUI)<br \/>\n<span style=\"color: #999999\">QFP02202 &#8211;<\/span> Bioqu\u00edmica para Agronomia (CCTA)<br \/>\n<span style=\"color: #999999\">QFP02203 &#8211;<\/span> Bioqu\u00edmica I<br \/>\n<span style=\"color: #999999\">QFP02301 &#8211;<\/span> Biologia Evolutiva do Desenvolvimento (Optativa)<br \/>\n<span style=\"color: #999999\">QFP02303 &#8211;<\/span> T\u00f3picos Atuais em Bioqu\u00edmica II<br \/>\n<span style=\"color: #999999\">QFP02335 &#8211;<\/span> Instrumenta\u00e7\u00e3o para O Ensino de Bioqu\u00edmica (LCBIO)<br \/>\n<span style=\"color: #999999\">QFP02401 &#8211;<\/span> Introdu\u00e7\u00e3o \u00e0 Enzimologia<br \/>\n<span style=\"color: #999999\">QFP02402 &#8211;<\/span> T\u00f3picos Atuais em Bioqu\u00edmica I<br \/>\n<span style=\"color: #999999\">QFP02404 &#8211;<\/span> T\u00f3picos Especiais em Bioqu\u00edmica (Optativa)<br \/>\n<span style=\"color: #999999\">QFP02405 &#8211;<\/span> T\u00f3picos Atuais do Metabolismo Energ\u00e9tico (Optativa)<br \/>\n<span style=\"color: #999999\">CBB02401 &#8211;<\/span> Metodologia B\u00e1sica<\/p>\n","protected":false},"excerpt":{"rendered":"<p>Disciplinas oferecidas aos cursos de gradua\u00e7\u00e3o QFP02102 &#8211; Bioqu\u00edmica II QFP02103 &#8211; Bioqu\u00edmica para Zootecnia (CCTA) QFP02205 &#8211; Bioqu\u00edmica Geral&#8230;<\/p>\n","protected":false},"author":31,"featured_media":0,"parent":41,"menu_order":1,"comment_status":"closed","ping_status":"closed","template":"","meta":{"footnotes":""},"class_list":["post-47","page","type-page","status-publish","hentry"],"_links":{"self":[{"href":"https:\/\/uenf.br\/cbb\/lqfpp\/wp-json\/wp\/v2\/pages\/47","targetHints":{"allow":["GET"]}}],"collection":[{"href":"https:\/\/uenf.br\/cbb\/lqfpp\/wp-json\/wp\/v2\/pages"}],"about":[{"href":"https:\/\/uenf.br\/cbb\/lqfpp\/wp-json\/wp\/v2\/types\/page"}],"author":[{"embeddable":true,"href":"https:\/\/uenf.br\/cbb\/lqfpp\/wp-json\/wp\/v2\/users\/31"}],"replies":[{"embeddable":true,"href":"https:\/\/uenf.br\/cbb\/lqfpp\/wp-json\/wp\/v2\/comments?post=47"}],"version-history":[{"count":0,"href":"https:\/\/uenf.br\/cbb\/lqfpp\/wp-json\/wp\/v2\/pages\/47\/revisions"}],"up":[{"embeddable":true,"href":"https:\/\/uenf.br\/cbb\/lqfpp\/wp-json\/wp\/v2\/pages\/41"}],"wp:attachment":[{"href":"https:\/\/uenf.br\/cbb\/lqfpp\/wp-json\/wp\/v2\/media?parent=47"}],"curies":[{"name":"wp","href":"https:\/\/api.w.org\/{rel}","templated":true}]}}