{"id":133,"date":"2012-09-26T15:31:29","date_gmt":"2012-09-26T15:31:29","guid":{"rendered":"http:\/\/uenf.br\/cbb\/sercas\/?page_id=133"},"modified":"2019-02-20T01:59:18","modified_gmt":"2019-02-20T01:59:18","slug":"133-2","status":"publish","type":"page","link":"https:\/\/uenf.br\/cbb\/sercas\/estudos-atuais\/133-2\/","title":{"rendered":"Projeto Trinca-ferro"},"content":{"rendered":"<p style=\"text-align: justify\">\u00a0 \u00a0 \u00a0 O\u00a0trinca-ferro verdadeiro (<em>Saltator similis<\/em>) \u00e9 uma esp\u00e9cie fortemente comercializada atrav\u00e9s do tr\u00e1fico. \u00c9 uma ave cobi\u00e7ada por &#8220;passarinheiros&#8221; (criadores e particulares) devido ao seu bom desempenho em torneios de canto. O SERCAS mant\u00e9m um criadouro cient\u00edfico abrigando trinca-ferros apreendidos oriundos dos CETAS e desenvolve projetos relacionados ao comportamento, reprodu\u00e7\u00e3o e reintrodu\u00e7\u00e3o do\u00a0<em>Saltator similis.<\/em>\u00a0 Estudos sobre o Etograma da esp\u00e9cie, prefer\u00eancias de parceiro e tamanho de recinto tem sido realizados para o alcance de reintrodu\u00e7\u00f5es\u00a0 satisfat\u00f3rias e eficientes.<\/p>\n<p style=\"text-align: justify\">Estudos em andamento:<\/p>\n<p><strong>Simone Porto\u00a0<\/strong>&#8211; Ci\u00eancias\u00a0Biol\u00f3gicas, UENF. Prefer\u00eancia de f\u00eameas de Trinca-Ferro (<em>Saltator similis<\/em>) na escolha de seus parceiros em cativeiro.<\/p>\n","protected":false},"excerpt":{"rendered":"<p>\u00a0 \u00a0 \u00a0 O\u00a0trinca-ferro verdadeiro (Saltator similis) \u00e9 uma esp\u00e9cie fortemente comercializada atrav\u00e9s do tr\u00e1fico. \u00c9 uma ave cobi\u00e7ada por&#8230;<\/p>\n","protected":false},"author":5,"featured_media":0,"parent":113,"menu_order":4,"comment_status":"open","ping_status":"open","template":"","meta":{"footnotes":""},"class_list":["post-133","page","type-page","status-publish","hentry"],"_links":{"self":[{"href":"https:\/\/uenf.br\/cbb\/sercas\/wp-json\/wp\/v2\/pages\/133","targetHints":{"allow":["GET"]}}],"collection":[{"href":"https:\/\/uenf.br\/cbb\/sercas\/wp-json\/wp\/v2\/pages"}],"about":[{"href":"https:\/\/uenf.br\/cbb\/sercas\/wp-json\/wp\/v2\/types\/page"}],"author":[{"embeddable":true,"href":"https:\/\/uenf.br\/cbb\/sercas\/wp-json\/wp\/v2\/users\/5"}],"replies":[{"embeddable":true,"href":"https:\/\/uenf.br\/cbb\/sercas\/wp-json\/wp\/v2\/comments?post=133"}],"version-history":[{"count":0,"href":"https:\/\/uenf.br\/cbb\/sercas\/wp-json\/wp\/v2\/pages\/133\/revisions"}],"up":[{"embeddable":true,"href":"https:\/\/uenf.br\/cbb\/sercas\/wp-json\/wp\/v2\/pages\/113"}],"wp:attachment":[{"href":"https:\/\/uenf.br\/cbb\/sercas\/wp-json\/wp\/v2\/media?parent=133"}],"curies":[{"name":"wp","href":"https:\/\/api.w.org\/{rel}","templated":true}]}}