{"id":222,"date":"2012-10-03T19:14:31","date_gmt":"2012-10-03T19:14:31","guid":{"rendered":"http:\/\/uenf.br\/cbb\/sercas\/?page_id=222"},"modified":"2019-02-20T01:58:00","modified_gmt":"2019-02-20T01:58:00","slug":"fotos-sercas-2","status":"publish","type":"page","link":"https:\/\/uenf.br\/cbb\/sercas\/fotos\/fotos-sercas-2\/","title":{"rendered":"Fotos SERCAS"},"content":{"rendered":"\n\t\t<style>\n\t\t\t#gallery-1 {\n\t\t\t\tmargin: auto;\n\t\t\t}\n\t\t\t#gallery-1 .gallery-item {\n\t\t\t\tfloat: left;\n\t\t\t\tmargin-top: 10px;\n\t\t\t\ttext-align: center;\n\t\t\t\twidth: 50%;\n\t\t\t}\n\t\t\t#gallery-1 img {\n\t\t\t\tborder: 2px solid #cfcfcf;\n\t\t\t}\n\t\t\t#gallery-1 .gallery-caption {\n\t\t\t\tmargin-left: 0;\n\t\t\t}\n\t\t\t\/* see gallery_shortcode() in wp-includes\/media.php *\/\n\t\t<\/style>\n\t\t<div id='gallery-1' class='gallery galleryid-222 gallery-columns-2 gallery-size-medium'><dl class='gallery-item'>\n\t\t\t<dt class='gallery-icon landscape'>\n\t\t\t\t<a href='https:\/\/uenf.br\/cbb\/sercas\/files\/2012\/10\/P10705641.jpg'><img decoding=\"async\" width=\"300\" height=\"225\" src=\"https:\/\/uenf.br\/cbb\/sercas\/files\/2012\/10\/P10705641-300x225.jpg\" class=\"attachment-medium size-medium\" alt=\"\" aria-describedby=\"gallery-1-232\" srcset=\"https:\/\/uenf.br\/cbb\/sercas\/files\/2012\/10\/P10705641-300x225.jpg 300w, https:\/\/uenf.br\/cbb\/sercas\/files\/2012\/10\/P10705641-1024x768.jpg 1024w, https:\/\/uenf.br\/cbb\/sercas\/files\/2012\/10\/P10705641-150x112.jpg 150w, https:\/\/uenf.br\/cbb\/sercas\/files\/2012\/10\/P10705641-400x300.jpg 400w\" sizes=\"auto, (max-width: 300px) 100vw, 300px\" loading=\"lazy\" \/><\/a>\n\t\t\t<\/dt>\n\t\t\t\t<dd class='wp-caption-text gallery-caption' id='gallery-1-232'>\n\t\t\t\t<p>Vista Lateral pr\u00e9dio SERCAS<\/p>\n\n\t\t\t\t<\/dd><\/dl><dl class='gallery-item'>\n\t\t\t<dt class='gallery-icon landscape'>\n\t\t\t\t<a href='https:\/\/uenf.br\/cbb\/sercas\/files\/2012\/10\/P1070566.jpg'><img decoding=\"async\" width=\"300\" height=\"225\" src=\"https:\/\/uenf.br\/cbb\/sercas\/files\/2012\/10\/P1070566-300x225.jpg\" class=\"attachment-medium size-medium\" alt=\"\" aria-describedby=\"gallery-1-233\" srcset=\"https:\/\/uenf.br\/cbb\/sercas\/files\/2012\/10\/P1070566-300x225.jpg 300w, https:\/\/uenf.br\/cbb\/sercas\/files\/2012\/10\/P1070566-1024x768.jpg 1024w, https:\/\/uenf.br\/cbb\/sercas\/files\/2012\/10\/P1070566-150x112.jpg 150w, https:\/\/uenf.br\/cbb\/sercas\/files\/2012\/10\/P1070566-400x300.jpg 400w\" sizes=\"auto, (max-width: 300px) 100vw, 300px\" loading=\"lazy\" \/><\/a>\n\t\t\t<\/dt>\n\t\t\t\t<dd class='wp-caption-text gallery-caption' id='gallery-1-233'>\n\t\t\t\t<p>Vista frontal pr\u00e9dio SERCAS<\/p>\n\n\t\t\t\t<\/dd><\/dl><br style=\"clear: both\" \/><dl class='gallery-item'>\n\t\t\t<dt class='gallery-icon landscape'>\n\t\t\t\t<a href='https:\/\/uenf.br\/cbb\/sercas\/files\/2012\/10\/P10705681.jpg'><img decoding=\"async\" width=\"300\" height=\"225\" src=\"https:\/\/uenf.br\/cbb\/sercas\/files\/2012\/10\/P10705681-300x225.jpg\" class=\"attachment-medium size-medium\" alt=\"\" aria-describedby=\"gallery-1-234\" srcset=\"https:\/\/uenf.br\/cbb\/sercas\/files\/2012\/10\/P10705681-300x225.jpg 300w, https:\/\/uenf.br\/cbb\/sercas\/files\/2012\/10\/P10705681-1024x768.jpg 1024w, https:\/\/uenf.br\/cbb\/sercas\/files\/2012\/10\/P10705681-150x112.jpg 150w, https:\/\/uenf.br\/cbb\/sercas\/files\/2012\/10\/P10705681-400x300.jpg 400w\" sizes=\"auto, (max-width: 300px) 100vw, 300px\" loading=\"lazy\" \/><\/a>\n\t\t\t<\/dt>\n\t\t\t\t<dd class='wp-caption-text gallery-caption' id='gallery-1-234'>\n\t\t\t\t<p>Vista frontal pr\u00e9dio SERCAS<\/p>\n\n\t\t\t\t<\/dd><\/dl><dl class='gallery-item'>\n\t\t\t<dt class='gallery-icon landscape'>\n\t\t\t\t<a href='https:\/\/uenf.br\/cbb\/sercas\/files\/2012\/10\/P1070573.jpg'><img decoding=\"async\" width=\"300\" height=\"225\" src=\"https:\/\/uenf.br\/cbb\/sercas\/files\/2012\/10\/P1070573-300x225.jpg\" class=\"attachment-medium size-medium\" alt=\"\" aria-describedby=\"gallery-1-237\" srcset=\"https:\/\/uenf.br\/cbb\/sercas\/files\/2012\/10\/P1070573-300x225.jpg 300w, https:\/\/uenf.br\/cbb\/sercas\/files\/2012\/10\/P1070573-1024x768.jpg 1024w, https:\/\/uenf.br\/cbb\/sercas\/files\/2012\/10\/P1070573-150x112.jpg 150w, https:\/\/uenf.br\/cbb\/sercas\/files\/2012\/10\/P1070573-400x300.jpg 400w\" sizes=\"auto, (max-width: 300px) 100vw, 300px\" loading=\"lazy\" \/><\/a>\n\t\t\t<\/dt>\n\t\t\t\t<dd class='wp-caption-text gallery-caption' id='gallery-1-237'>\n\t\t\t\t<p>Recinto<\/p>\n\n\t\t\t\t<\/dd><\/dl><br style=\"clear: both\" \/><dl class='gallery-item'>\n\t\t\t<dt class='gallery-icon portrait'>\n\t\t\t\t<a href='https:\/\/uenf.br\/cbb\/sercas\/files\/2012\/10\/P1060918-C\u00f3pia.jpg'><img decoding=\"async\" width=\"225\" height=\"300\" src=\"https:\/\/uenf.br\/cbb\/sercas\/files\/2012\/10\/P1060918-C\u00f3pia-225x300.jpg\" class=\"attachment-medium size-medium\" alt=\"\" aria-describedby=\"gallery-1-238\" srcset=\"https:\/\/uenf.br\/cbb\/sercas\/files\/2012\/10\/P1060918-C\u00f3pia-225x300.jpg 225w, https:\/\/uenf.br\/cbb\/sercas\/files\/2012\/10\/P1060918-C\u00f3pia-768x1024.jpg 768w, https:\/\/uenf.br\/cbb\/sercas\/files\/2012\/10\/P1060918-C\u00f3pia-112x150.jpg 112w, https:\/\/uenf.br\/cbb\/sercas\/files\/2012\/10\/P1060918-C\u00f3pia-400x533.jpg 400w, https:\/\/uenf.br\/cbb\/sercas\/files\/2012\/10\/P1060918-C\u00f3pia.jpg 1920w\" sizes=\"auto, (max-width: 225px) 100vw, 225px\" loading=\"lazy\" \/><\/a>\n\t\t\t<\/dt>\n\t\t\t\t<dd class='wp-caption-text gallery-caption' id='gallery-1-238'>\n\t\t\t\t<p>Corredor central do SERCAS, com vista para todos os recintos<\/p>\n\n\t\t\t\t<\/dd><\/dl><dl class='gallery-item'>\n\t\t\t<dt class='gallery-icon landscape'>\n\t\t\t\t<a href='https:\/\/uenf.br\/cbb\/sercas\/files\/2012\/10\/P1060922-C\u00f3pia.jpg'><img decoding=\"async\" width=\"300\" height=\"225\" src=\"https:\/\/uenf.br\/cbb\/sercas\/files\/2012\/10\/P1060922-C\u00f3pia-300x225.jpg\" class=\"attachment-medium size-medium\" alt=\"\" aria-describedby=\"gallery-1-239\" srcset=\"https:\/\/uenf.br\/cbb\/sercas\/files\/2012\/10\/P1060922-C\u00f3pia-300x225.jpg 300w, https:\/\/uenf.br\/cbb\/sercas\/files\/2012\/10\/P1060922-C\u00f3pia-1024x768.jpg 1024w, https:\/\/uenf.br\/cbb\/sercas\/files\/2012\/10\/P1060922-C\u00f3pia-150x112.jpg 150w, https:\/\/uenf.br\/cbb\/sercas\/files\/2012\/10\/P1060922-C\u00f3pia-400x300.jpg 400w\" sizes=\"auto, (max-width: 300px) 100vw, 300px\" loading=\"lazy\" \/><\/a>\n\t\t\t<\/dt>\n\t\t\t\t<dd class='wp-caption-text gallery-caption' id='gallery-1-239'>\n\t\t\t\t<p>Corredor central do SERCAS<\/p>\n\n\t\t\t\t<\/dd><\/dl><br style=\"clear: both\" \/><dl class='gallery-item'>\n\t\t\t<dt class='gallery-icon landscape'>\n\t\t\t\t<a href='https:\/\/uenf.br\/cbb\/sercas\/files\/2012\/10\/P1060981-C\u00f3pia.jpg'><img decoding=\"async\" width=\"300\" height=\"225\" src=\"https:\/\/uenf.br\/cbb\/sercas\/files\/2012\/10\/P1060981-C\u00f3pia-300x225.jpg\" class=\"attachment-medium size-medium\" alt=\"\" aria-describedby=\"gallery-1-240\" srcset=\"https:\/\/uenf.br\/cbb\/sercas\/files\/2012\/10\/P1060981-C\u00f3pia-300x225.jpg 300w, https:\/\/uenf.br\/cbb\/sercas\/files\/2012\/10\/P1060981-C\u00f3pia-1024x768.jpg 1024w, https:\/\/uenf.br\/cbb\/sercas\/files\/2012\/10\/P1060981-C\u00f3pia-150x112.jpg 150w, https:\/\/uenf.br\/cbb\/sercas\/files\/2012\/10\/P1060981-C\u00f3pia-400x300.jpg 400w\" sizes=\"auto, (max-width: 300px) 100vw, 300px\" loading=\"lazy\" \/><\/a>\n\t\t\t<\/dt>\n\t\t\t\t<dd class='wp-caption-text gallery-caption' id='gallery-1-240'>\n\t\t\t\t<p>Corredor lateral do SERCAS com acesso aos recintos<\/p>\n\n\t\t\t\t<\/dd><\/dl><dl class='gallery-item'>\n\t\t\t<dt class='gallery-icon landscape'>\n\t\t\t\t<a href='https:\/\/uenf.br\/cbb\/sercas\/files\/2012\/10\/P1070624.jpg'><img decoding=\"async\" width=\"300\" height=\"225\" src=\"https:\/\/uenf.br\/cbb\/sercas\/files\/2012\/10\/P1070624-300x225.jpg\" class=\"attachment-medium size-medium\" alt=\"\" aria-describedby=\"gallery-1-255\" srcset=\"https:\/\/uenf.br\/cbb\/sercas\/files\/2012\/10\/P1070624-300x225.jpg 300w, https:\/\/uenf.br\/cbb\/sercas\/files\/2012\/10\/P1070624-1024x768.jpg 1024w, https:\/\/uenf.br\/cbb\/sercas\/files\/2012\/10\/P1070624-150x112.jpg 150w, https:\/\/uenf.br\/cbb\/sercas\/files\/2012\/10\/P1070624-400x300.jpg 400w\" sizes=\"auto, (max-width: 300px) 100vw, 300px\" loading=\"lazy\" \/><\/a>\n\t\t\t<\/dt>\n\t\t\t\t<dd class='wp-caption-text gallery-caption' id='gallery-1-255'>\n\t\t\t\t<p>Cria\u00e7\u00e3o de ten\u00e9brios: complemento nutricional e enriquecimento ambiental<\/p>\n\n\t\t\t\t<\/dd><\/dl><br style=\"clear: both\" \/>\n\t\t<\/div>\n\n","protected":false},"excerpt":{"rendered":"","protected":false},"author":5,"featured_media":0,"parent":171,"menu_order":0,"comment_status":"open","ping_status":"open","template":"","meta":{"footnotes":""},"class_list":["post-222","page","type-page","status-publish","hentry"],"_links":{"self":[{"href":"https:\/\/uenf.br\/cbb\/sercas\/wp-json\/wp\/v2\/pages\/222","targetHints":{"allow":["GET"]}}],"collection":[{"href":"https:\/\/uenf.br\/cbb\/sercas\/wp-json\/wp\/v2\/pages"}],"about":[{"href":"https:\/\/uenf.br\/cbb\/sercas\/wp-json\/wp\/v2\/types\/page"}],"author":[{"embeddable":true,"href":"https:\/\/uenf.br\/cbb\/sercas\/wp-json\/wp\/v2\/users\/5"}],"replies":[{"embeddable":true,"href":"https:\/\/uenf.br\/cbb\/sercas\/wp-json\/wp\/v2\/comments?post=222"}],"version-history":[{"count":0,"href":"https:\/\/uenf.br\/cbb\/sercas\/wp-json\/wp\/v2\/pages\/222\/revisions"}],"up":[{"embeddable":true,"href":"https:\/\/uenf.br\/cbb\/sercas\/wp-json\/wp\/v2\/pages\/171"}],"wp:attachment":[{"href":"https:\/\/uenf.br\/cbb\/sercas\/wp-json\/wp\/v2\/media?parent=222"}],"curies":[{"name":"wp","href":"https:\/\/api.w.org\/{rel}","templated":true}]}}