{"id":224,"date":"2012-10-03T19:15:11","date_gmt":"2012-10-03T19:15:11","guid":{"rendered":"http:\/\/uenf.br\/cbb\/sercas\/?page_id=224"},"modified":"2018-07-06T15:07:35","modified_gmt":"2018-07-06T15:07:35","slug":"educacao-ambiental","status":"publish","type":"page","link":"https:\/\/uenf.br\/cbb\/sercas\/educacao-ambiental-2\/educacao-ambiental\/","title":{"rendered":"Livro"},"content":{"rendered":"<h3>Livro <a href=\"http:\/\/www.micoleao.org.br\/ptg\/como_trabalhamos\/divulgando\/livros\/conservacao_mico_leao_dourado.pdf\">&#8220;Conserva\u00e7\u00e3o do Mico Le\u00e3o Dourado<\/a>&#8220;<\/h3>\n<h3><\/h3>\n<p>&nbsp;<\/p>\n","protected":false},"excerpt":{"rendered":"<p>Livro &#8220;Conserva\u00e7\u00e3o do Mico Le\u00e3o Dourado&#8220; &nbsp;<\/p>\n","protected":false},"author":5,"featured_media":0,"parent":278,"menu_order":1,"comment_status":"open","ping_status":"open","template":"","meta":{"footnotes":""},"class_list":["post-224","page","type-page","status-publish","hentry"],"_links":{"self":[{"href":"https:\/\/uenf.br\/cbb\/sercas\/wp-json\/wp\/v2\/pages\/224","targetHints":{"allow":["GET"]}}],"collection":[{"href":"https:\/\/uenf.br\/cbb\/sercas\/wp-json\/wp\/v2\/pages"}],"about":[{"href":"https:\/\/uenf.br\/cbb\/sercas\/wp-json\/wp\/v2\/types\/page"}],"author":[{"embeddable":true,"href":"https:\/\/uenf.br\/cbb\/sercas\/wp-json\/wp\/v2\/users\/5"}],"replies":[{"embeddable":true,"href":"https:\/\/uenf.br\/cbb\/sercas\/wp-json\/wp\/v2\/comments?post=224"}],"version-history":[{"count":0,"href":"https:\/\/uenf.br\/cbb\/sercas\/wp-json\/wp\/v2\/pages\/224\/revisions"}],"up":[{"embeddable":true,"href":"https:\/\/uenf.br\/cbb\/sercas\/wp-json\/wp\/v2\/pages\/278"}],"wp:attachment":[{"href":"https:\/\/uenf.br\/cbb\/sercas\/wp-json\/wp\/v2\/media?parent=224"}],"curies":[{"name":"wp","href":"https:\/\/api.w.org\/{rel}","templated":true}]}}