{"id":283,"date":"2012-10-08T19:34:55","date_gmt":"2012-10-08T19:34:55","guid":{"rendered":"http:\/\/uenf.br\/cbb\/sercas\/?page_id=283"},"modified":"2018-07-10T13:30:17","modified_gmt":"2018-07-10T13:30:17","slug":"filipeta-mico-estrela","status":"publish","type":"page","link":"https:\/\/uenf.br\/cbb\/sercas\/educacao-ambiental-2\/filipeta-mico-estrela\/","title":{"rendered":"Filipeta Mico-Estrela"},"content":{"rendered":"<p style=\"text-align: center\"><a href=\"https:\/\/uenf.br\/cbb\/sercas\/files\/2012\/10\/Filipeta-mico-estrela.jpg\"><img loading=\"lazy\" decoding=\"async\" class=\"wp-image-284 aligncenter\" title=\"Filipeta mico-estrela\" src=\"https:\/\/uenf.br\/cbb\/sercas\/files\/2012\/10\/Filipeta-mico-estrela.jpg\" alt=\"\" width=\"425\" height=\"300\" srcset=\"https:\/\/uenf.br\/cbb\/sercas\/files\/2012\/10\/Filipeta-mico-estrela.jpg 425w, https:\/\/uenf.br\/cbb\/sercas\/files\/2012\/10\/Filipeta-mico-estrela-300x211.jpg 300w, https:\/\/uenf.br\/cbb\/sercas\/files\/2012\/10\/Filipeta-mico-estrela-150x105.jpg 150w, https:\/\/uenf.br\/cbb\/sercas\/files\/2012\/10\/Filipeta-mico-estrela-400x282.jpg 400w\" sizes=\"auto, (max-width: 425px) 100vw, 425px\" \/><\/a><\/p>\n<h3 style=\"text-align: center\">Material produzido para divulga\u00e7\u00e3o sobre o impacto do tr\u00e1fico de animais silvestres<\/h3>\n<p>&nbsp;<\/p>\n<p>&nbsp;<\/p>\n","protected":false},"excerpt":{"rendered":"<p>Material produzido para divulga\u00e7\u00e3o sobre o impacto do tr\u00e1fico de animais silvestres &nbsp; &nbsp;<\/p>\n","protected":false},"author":5,"featured_media":0,"parent":278,"menu_order":0,"comment_status":"open","ping_status":"open","template":"","meta":{"footnotes":""},"class_list":["post-283","page","type-page","status-publish","hentry"],"_links":{"self":[{"href":"https:\/\/uenf.br\/cbb\/sercas\/wp-json\/wp\/v2\/pages\/283","targetHints":{"allow":["GET"]}}],"collection":[{"href":"https:\/\/uenf.br\/cbb\/sercas\/wp-json\/wp\/v2\/pages"}],"about":[{"href":"https:\/\/uenf.br\/cbb\/sercas\/wp-json\/wp\/v2\/types\/page"}],"author":[{"embeddable":true,"href":"https:\/\/uenf.br\/cbb\/sercas\/wp-json\/wp\/v2\/users\/5"}],"replies":[{"embeddable":true,"href":"https:\/\/uenf.br\/cbb\/sercas\/wp-json\/wp\/v2\/comments?post=283"}],"version-history":[{"count":0,"href":"https:\/\/uenf.br\/cbb\/sercas\/wp-json\/wp\/v2\/pages\/283\/revisions"}],"up":[{"embeddable":true,"href":"https:\/\/uenf.br\/cbb\/sercas\/wp-json\/wp\/v2\/pages\/278"}],"wp:attachment":[{"href":"https:\/\/uenf.br\/cbb\/sercas\/wp-json\/wp\/v2\/media?parent=283"}],"curies":[{"name":"wp","href":"https:\/\/api.w.org\/{rel}","templated":true}]}}