{"id":293,"date":"2012-10-08T19:47:06","date_gmt":"2012-10-08T19:47:06","guid":{"rendered":"http:\/\/uenf.br\/cbb\/sercas\/?page_id=293"},"modified":"2012-10-08T19:53:20","modified_gmt":"2012-10-08T19:53:20","slug":"globo-ecologia-fala-sobre-saguis-invasores","status":"publish","type":"page","link":"https:\/\/uenf.br\/cbb\/sercas\/educacao-ambiental-2\/globo-ecologia-fala-sobre-saguis-invasores\/","title":{"rendered":"Globo Ecologia fala sobre saguis invasores"},"content":{"rendered":"<p>_____________________________________________________________________________________<\/p>\n<h4 style=\"text-align: justify;\">\u00a0\u00a0\u00a0\u00a0\u00a0\u00a0\u00a0 <span style=\"color: #000000;\">Programa Globo Ecologia exibiu epis\u00f3dio que fala sobre duas esp\u00e9cies de primatas (o mico-le\u00e3o-dourado e o sagui-da-serra-escuro) que est\u00e3o sendo amea\u00e7adas pelo mico-estrela. O epis\u00f3dio contou com a participa\u00e7\u00e3o, dentre outros, do pesquisador da UENF Carlos Ram\u00f3n-Ruiz Miranda e suas alunas Roberta Santos e Val\u00e9ria Romano.<\/span><\/h4>\n<h4 style=\"text-align: justify;\"><span style=\"color: #000000;\">\u00a0<\/span><\/h4>\n<h4 style=\"text-align: justify;\"><span style=\"color: #000000;\">Para visualizar a mat\u00e9ria, acesse o link abaixo:<\/span><\/h4>\n<p><a href=\"http:\/\/globotv.globo.com\/rede-globo\/globo-ecologia\/v\/especies-que-ameacam-especies\/1569495\/\">http:\/\/globotv.globo.com\/rede-globo\/globo-ecologia\/v\/especies-que-ameacam-especies\/1569495\/<\/a><\/p>\n","protected":false},"excerpt":{"rendered":"<p>_____________________________________________________________________________________ \u00a0\u00a0\u00a0\u00a0\u00a0\u00a0\u00a0 Programa Globo Ecologia exibiu epis\u00f3dio que fala sobre duas esp\u00e9cies de primatas (o mico-le\u00e3o-dourado e o sagui-da-serra-escuro) que&#8230;<\/p>\n","protected":false},"author":5,"featured_media":0,"parent":278,"menu_order":0,"comment_status":"open","ping_status":"open","template":"","meta":{"footnotes":""},"class_list":["post-293","page","type-page","status-publish","hentry"],"_links":{"self":[{"href":"https:\/\/uenf.br\/cbb\/sercas\/wp-json\/wp\/v2\/pages\/293","targetHints":{"allow":["GET"]}}],"collection":[{"href":"https:\/\/uenf.br\/cbb\/sercas\/wp-json\/wp\/v2\/pages"}],"about":[{"href":"https:\/\/uenf.br\/cbb\/sercas\/wp-json\/wp\/v2\/types\/page"}],"author":[{"embeddable":true,"href":"https:\/\/uenf.br\/cbb\/sercas\/wp-json\/wp\/v2\/users\/5"}],"replies":[{"embeddable":true,"href":"https:\/\/uenf.br\/cbb\/sercas\/wp-json\/wp\/v2\/comments?post=293"}],"version-history":[{"count":0,"href":"https:\/\/uenf.br\/cbb\/sercas\/wp-json\/wp\/v2\/pages\/293\/revisions"}],"up":[{"embeddable":true,"href":"https:\/\/uenf.br\/cbb\/sercas\/wp-json\/wp\/v2\/pages\/278"}],"wp:attachment":[{"href":"https:\/\/uenf.br\/cbb\/sercas\/wp-json\/wp\/v2\/media?parent=293"}],"curies":[{"name":"wp","href":"https:\/\/api.w.org\/{rel}","templated":true}]}}