{"id":384,"date":"2018-07-10T13:19:01","date_gmt":"2018-07-10T13:19:01","guid":{"rendered":"http:\/\/uenf.br\/cbb\/sercas\/?page_id=384"},"modified":"2018-08-02T03:03:48","modified_gmt":"2018-08-02T03:03:48","slug":"projeto-mico-leao-dourado","status":"publish","type":"page","link":"https:\/\/uenf.br\/cbb\/sercas\/estudos-atuais\/projeto-mico-leao-dourado\/","title":{"rendered":"Projeto Mico Le\u00e3o Dourado"},"content":{"rendered":"<p>O coordenador do SERCAS, Carlos Ruiz, desenvolve pesquisas de prote\u00e7\u00e3o e reintrodu\u00e7\u00e3o do Mico-le\u00e3o-dourado (<a class=\"texto14p\"><i>Leontopithecus rosalia<\/i><\/a>) junto a\u00a0<a class=\"texto14p\" href=\"http:\/\/www.micoleao.org.br\/\">Associa\u00e7\u00e3o Mico-Le\u00e3o-Dourado (AMLD)<\/a>\u00a0desde 1992. Como atual presidente da ONG, elabora pesquisas e planejamento estrat\u00e9gico para a associa\u00e7\u00e3o sobre conserva\u00e7\u00e3o, monitoramento e conscientiza\u00e7\u00e3o. O SERCAS realiza trabalhos de extens\u00e3o em escolas e comunidades em colabora\u00e7\u00e3o com a AMLD, a fim de promover informa\u00e7\u00e3o aos moradores sobre biodiversidade, fragmenta\u00e7\u00e3o de habitats e esp\u00e9cies invasoras (<a href=\"http:\/\/projetosaguisinvasores.blogspot.com\/\">Blog saguis invasores<\/a>), atrav\u00e9s de palestras, filipetas e m\u00eddias.<\/p>\n<p>Estudos em andamento:<\/p>\n<p><strong>Vale-Faperj<\/strong><\/p>\n<p><strong>Petrobras<\/strong><\/p>\n<p><strong>Proex<\/strong><\/p>\n<p>&nbsp;<\/p>\n","protected":false},"excerpt":{"rendered":"<p>O coordenador do SERCAS, Carlos Ruiz, desenvolve pesquisas de prote\u00e7\u00e3o e reintrodu\u00e7\u00e3o do Mico-le\u00e3o-dourado (Leontopithecus rosalia) junto a\u00a0Associa\u00e7\u00e3o Mico-Le\u00e3o-Dourado (AMLD)\u00a0desde&#8230;<\/p>\n","protected":false},"author":19,"featured_media":0,"parent":113,"menu_order":0,"comment_status":"closed","ping_status":"closed","template":"","meta":{"footnotes":""},"class_list":["post-384","page","type-page","status-publish","hentry"],"_links":{"self":[{"href":"https:\/\/uenf.br\/cbb\/sercas\/wp-json\/wp\/v2\/pages\/384","targetHints":{"allow":["GET"]}}],"collection":[{"href":"https:\/\/uenf.br\/cbb\/sercas\/wp-json\/wp\/v2\/pages"}],"about":[{"href":"https:\/\/uenf.br\/cbb\/sercas\/wp-json\/wp\/v2\/types\/page"}],"author":[{"embeddable":true,"href":"https:\/\/uenf.br\/cbb\/sercas\/wp-json\/wp\/v2\/users\/19"}],"replies":[{"embeddable":true,"href":"https:\/\/uenf.br\/cbb\/sercas\/wp-json\/wp\/v2\/comments?post=384"}],"version-history":[{"count":0,"href":"https:\/\/uenf.br\/cbb\/sercas\/wp-json\/wp\/v2\/pages\/384\/revisions"}],"up":[{"embeddable":true,"href":"https:\/\/uenf.br\/cbb\/sercas\/wp-json\/wp\/v2\/pages\/113"}],"wp:attachment":[{"href":"https:\/\/uenf.br\/cbb\/sercas\/wp-json\/wp\/v2\/media?parent=384"}],"curies":[{"name":"wp","href":"https:\/\/api.w.org\/{rel}","templated":true}]}}