{"id":386,"date":"2018-07-10T13:21:24","date_gmt":"2018-07-10T13:21:24","guid":{"rendered":"http:\/\/uenf.br\/cbb\/sercas\/?page_id=386"},"modified":"2019-07-08T16:50:44","modified_gmt":"2019-07-08T16:50:44","slug":"projeto-jacutinga","status":"publish","type":"page","link":"https:\/\/uenf.br\/cbb\/sercas\/estudos-atuais\/projeto-jacutinga\/","title":{"rendered":"Projeto Jacutinga"},"content":{"rendered":"<p>A Aburria jacutinga (jacutinga) \u00e9 uma ave da fam\u00edlia Cracidae, end\u00eamica da Mata Atl\u00e2ntica,\u00a0 e amea\u00e7ada de extin\u00e7\u00e3o segundo a IUCN (2017). Em 2015, a\u00a0\u00a0<a href=\"http:\/\/www.savebrasil.org.br\/\">Sociedade para a Conserva\u00e7\u00e3o das Aves do Brasil <\/a>( SAVE-Brasil) iniciou o projeto \u201cPrograma de Conserva\u00e7\u00e3o de Aves Cineg\u00e9ticas da Mata Atl\u00e2ntica: Reintrodu\u00e7\u00e3o e Monitoramento de Jacutingas (Aburria jacutinga)\u201d.\u00a0 A SAVE-Brasil entrou em parceria com o SERCAS em 2017 para estabelecer um criadouro cientifico e realizar estudos comportamentais e reprodutivos, em cativeiro e vida livre, e aprimorar t\u00e9cnicas de reintrodu\u00e7\u00e3o na Mata Atl\u00e2ntica.<\/p>\n<p>Estudos em andamento:<\/p>\n<p><strong>Livia Dias\u00a0<\/strong>&#8211;\u00a0Ecologia e Recursos Naturais, LCA, UENF. Reintrodu\u00e7\u00e3o de Jacutingas <em>Aburria jacutinga <\/em>(Ave, Cracidae) na Mata Atl\u00e2ntica.<\/p>\n<p><strong>Ca\u00edque Soares <\/strong>&#8211; Licenciatura em Biologia, Universo. Descri\u00e7\u00e3o do crescimento de filhotes\u00a0da Jacutinga (<em>Aburria jacutinga<\/em>).<\/p>\n<p align=\"justify\"><strong>Larissa Vazzoler\u00a0<\/strong>&#8211; Ci\u00eancias\u00a0Biol\u00f3gicas, UENF. Comportamento Reprodutivo da Jacutinga (<em>Aburria jacutinga).<\/em><\/p>\n<p align=\"justify\"><strong>Vanessa Dias\u00a0<\/strong>&#8211; Ci\u00eancias\u00a0Biol\u00f3gicas, UENF. Descri\u00e7\u00e3o do repert\u00f3rio vocal da Jacutinga (<em>Aburria jacutinga<\/em>).<\/p>\n<p><strong>PhD. Renato DaMatta <\/strong>&#8211; Professor associado, UENF. Parasitologia.<\/p>\n<p><strong>Ot\u00e1vio<\/strong><\/p>\n<p>&nbsp;<\/p>\n","protected":false},"excerpt":{"rendered":"<p>A Aburria jacutinga (jacutinga) \u00e9 uma ave da fam\u00edlia Cracidae, end\u00eamica da Mata Atl\u00e2ntica,\u00a0 e amea\u00e7ada de extin\u00e7\u00e3o segundo a&#8230;<\/p>\n","protected":false},"author":19,"featured_media":0,"parent":113,"menu_order":1,"comment_status":"closed","ping_status":"closed","template":"","meta":{"footnotes":""},"class_list":["post-386","page","type-page","status-publish","hentry"],"_links":{"self":[{"href":"https:\/\/uenf.br\/cbb\/sercas\/wp-json\/wp\/v2\/pages\/386","targetHints":{"allow":["GET"]}}],"collection":[{"href":"https:\/\/uenf.br\/cbb\/sercas\/wp-json\/wp\/v2\/pages"}],"about":[{"href":"https:\/\/uenf.br\/cbb\/sercas\/wp-json\/wp\/v2\/types\/page"}],"author":[{"embeddable":true,"href":"https:\/\/uenf.br\/cbb\/sercas\/wp-json\/wp\/v2\/users\/19"}],"replies":[{"embeddable":true,"href":"https:\/\/uenf.br\/cbb\/sercas\/wp-json\/wp\/v2\/comments?post=386"}],"version-history":[{"count":0,"href":"https:\/\/uenf.br\/cbb\/sercas\/wp-json\/wp\/v2\/pages\/386\/revisions"}],"up":[{"embeddable":true,"href":"https:\/\/uenf.br\/cbb\/sercas\/wp-json\/wp\/v2\/pages\/113"}],"wp:attachment":[{"href":"https:\/\/uenf.br\/cbb\/sercas\/wp-json\/wp\/v2\/media?parent=386"}],"curies":[{"name":"wp","href":"https:\/\/api.w.org\/{rel}","templated":true}]}}