{"id":500,"date":"2019-07-08T16:34:50","date_gmt":"2019-07-08T16:34:50","guid":{"rendered":"http:\/\/uenf.br\/cbb\/sercas\/?page_id=500"},"modified":"2019-07-08T17:07:54","modified_gmt":"2019-07-08T17:07:54","slug":"associacao-mico-leao-dourado","status":"publish","type":"page","link":"https:\/\/uenf.br\/cbb\/sercas\/links\/associacao-mico-leao-dourado\/","title":{"rendered":"Associa\u00e7\u00e3o Mico-Le\u00e3o-Dourado"},"content":{"rendered":"<p><a href=\"https:\/\/www.micoleao.org.br\/\">https:\/\/www.micoleao.org.br\/<\/a><\/p>\n","protected":false},"excerpt":{"rendered":"<p>https:\/\/www.micoleao.org.br\/<\/p>\n","protected":false},"author":19,"featured_media":0,"parent":435,"menu_order":0,"comment_status":"closed","ping_status":"closed","template":"","meta":{"footnotes":""},"class_list":["post-500","page","type-page","status-publish","hentry"],"_links":{"self":[{"href":"https:\/\/uenf.br\/cbb\/sercas\/wp-json\/wp\/v2\/pages\/500","targetHints":{"allow":["GET"]}}],"collection":[{"href":"https:\/\/uenf.br\/cbb\/sercas\/wp-json\/wp\/v2\/pages"}],"about":[{"href":"https:\/\/uenf.br\/cbb\/sercas\/wp-json\/wp\/v2\/types\/page"}],"author":[{"embeddable":true,"href":"https:\/\/uenf.br\/cbb\/sercas\/wp-json\/wp\/v2\/users\/19"}],"replies":[{"embeddable":true,"href":"https:\/\/uenf.br\/cbb\/sercas\/wp-json\/wp\/v2\/comments?post=500"}],"version-history":[{"count":0,"href":"https:\/\/uenf.br\/cbb\/sercas\/wp-json\/wp\/v2\/pages\/500\/revisions"}],"up":[{"embeddable":true,"href":"https:\/\/uenf.br\/cbb\/sercas\/wp-json\/wp\/v2\/pages\/435"}],"wp:attachment":[{"href":"https:\/\/uenf.br\/cbb\/sercas\/wp-json\/wp\/v2\/media?parent=500"}],"curies":[{"name":"wp","href":"https:\/\/api.w.org\/{rel}","templated":true}]}}