{"id":59,"date":"2012-09-25T16:45:57","date_gmt":"2012-09-25T16:45:57","guid":{"rendered":"http:\/\/uenf.br\/cbb\/sercas\/?page_id=59"},"modified":"2019-07-08T16:35:55","modified_gmt":"2019-07-08T16:35:55","slug":"pesquisadores","status":"publish","type":"page","link":"https:\/\/uenf.br\/cbb\/sercas\/pesquisadores\/","title":{"rendered":"Equipe"},"content":{"rendered":"<p><span style=\"color: #666699\"><strong>Membros gerais<\/strong><\/span><\/p>\n<p><strong>PhD. Carlos Ramon Ruiz-Miranda<\/strong>\u00a0 &#8211; Coordenador &#8211;\u00a0<span style=\"color: #333399;text-decoration: underline\">cruiz@uenf.br<\/span> &#8211; <a href=\"http:\/\/buscatextual.cnpq.br\/buscatextual\/visualizacv.do?id=K4703660Z1\" target=\"_blank\" rel=\"noopener noreferrer\">CV lattes<\/a><\/p>\n<p><strong>Ivanilton Ribeiro<\/strong> &#8211; T\u00e9cnico<\/p>\n<p><strong>Larissa Vazzoler<\/strong> &#8211; Bolsista de apoio acad\u00eamico<\/p>\n<p><strong>Fl\u00e1vio<\/strong>\u00a0<strong>Soffiati <\/strong>&#8211; M\u00e9dico veterin\u00e1rio<\/p>\n<p><strong>Livia Dias<\/strong> &#8211; Doutoranda<\/p>\n<p><strong>Lunara J\u00f3ia<\/strong> &#8211; Bolsista de extens\u00e3o<\/p>\n<p><strong>Vanessa Dias<\/strong> &#8211; Bolsista de inicia\u00e7\u00e3o cient\u00edfica<\/p>\n<p><strong>Simone Porto\u00a0<\/strong>&#8211;\u00a0Bolsista de inicia\u00e7\u00e3o cient\u00edfica<\/p>\n<p><span style=\"color: #666699\"><strong>P\u00f3s-Docs<\/strong><\/span><\/p>\n<p><strong>Talitha Mayumi\u00a0<\/strong>&#8211; Ecologia das Intera\u00e7\u00f5es<\/p>\n<p><strong>Milene<\/strong><\/p>\n<p><strong>Priscila<\/strong><\/p>\n<p align=\"justify\"><span style=\"color: #666699\"><strong>Estagi\u00e1rios<\/strong><\/span><\/p>\n<p align=\"justify\"><strong>Carl\u00edcia Batista\u00a0<\/strong>&#8211; Ci\u00eancias\u00a0Biol\u00f3gicas, UENF.<\/p>\n<p align=\"justify\"><strong>Ca\u00edque Soares <\/strong>&#8211; Licenciatura em Biologia, Universo.<\/p>\n<p align=\"justify\"><strong>Mariana Bulh\u00f5es\u00a0<\/strong>&#8211; Medicina Veterin\u00e1ria, UENF.<\/p>\n<p align=\"justify\"><strong>Henrique Valle <\/strong>&#8211; Ci\u00eancias\u00a0Biol\u00f3gicas, UENF.<\/p>\n<p align=\"justify\"><strong>Karen Barreto\u00a0<\/strong>&#8211; Medicina veterin\u00e1ria, UENF.<\/p>\n<p align=\"justify\"><span style=\"color: #666699\"><strong>Professores colaboradores<\/strong><\/span><\/p>\n<p align=\"justify\"><strong>Prof. Dr.\u00a0Leandro Monteiro\u00a0<\/strong>&#8211; Biologia evolutiva<\/p>\n<p align=\"justify\"><strong>Prof. Dr.\u00a0Leonardo Serafim<\/strong>&#8211; M\u00e9dico veterin\u00e1rio<\/p>\n<p align=\"justify\"><strong>Prof. Dr. Olney\u00a0Vieira<\/strong>\u00a0&#8211; M\u00e9dico\u00a0Veterin\u00e1rio &#8211; Microbiologia<\/p>\n<p align=\"justify\"><strong>Prof. Dr. Cl\u00f3vis Santos<\/strong> \u2013 Parasitologia &#8211; Helmintos.<\/p>\n<p><strong>Dra. Andr\u00e9ia Magro <\/strong>\u00a0&#8211; Ecologia da paisagem e gen\u00e9tica da conserva\u00e7\u00e3o<\/p>\n<p align=\"justify\"><strong>Dra.\u00a0Val\u00e9ria Romano de Paula<\/strong> &#8211; Biologia evolutiva,\u00a0ecologia e comportamento social.<\/p>\n<p align=\"justify\">\n","protected":false},"excerpt":{"rendered":"<p>Membros gerais PhD. Carlos Ramon Ruiz-Miranda\u00a0 &#8211; Coordenador &#8211;\u00a0cruiz@uenf.br &#8211; CV lattes Ivanilton Ribeiro &#8211; T\u00e9cnico Larissa Vazzoler &#8211; Bolsista&#8230;<\/p>\n","protected":false},"author":5,"featured_media":0,"parent":0,"menu_order":1,"comment_status":"open","ping_status":"open","template":"","meta":{"footnotes":""},"class_list":["post-59","page","type-page","status-publish","hentry"],"_links":{"self":[{"href":"https:\/\/uenf.br\/cbb\/sercas\/wp-json\/wp\/v2\/pages\/59","targetHints":{"allow":["GET"]}}],"collection":[{"href":"https:\/\/uenf.br\/cbb\/sercas\/wp-json\/wp\/v2\/pages"}],"about":[{"href":"https:\/\/uenf.br\/cbb\/sercas\/wp-json\/wp\/v2\/types\/page"}],"author":[{"embeddable":true,"href":"https:\/\/uenf.br\/cbb\/sercas\/wp-json\/wp\/v2\/users\/5"}],"replies":[{"embeddable":true,"href":"https:\/\/uenf.br\/cbb\/sercas\/wp-json\/wp\/v2\/comments?post=59"}],"version-history":[{"count":0,"href":"https:\/\/uenf.br\/cbb\/sercas\/wp-json\/wp\/v2\/pages\/59\/revisions"}],"wp:attachment":[{"href":"https:\/\/uenf.br\/cbb\/sercas\/wp-json\/wp\/v2\/media?parent=59"}],"curies":[{"name":"wp","href":"https:\/\/api.w.org\/{rel}","templated":true}]}}