{"id":32,"date":"2012-07-18T16:01:09","date_gmt":"2012-07-18T19:01:09","guid":{"rendered":"http:\/\/uenf.br\/cch\/biblioteca\/?page_id=32"},"modified":"2026-03-30T17:52:37","modified_gmt":"2026-03-30T20:52:37","slug":"servicos","status":"publish","type":"page","link":"https:\/\/uenf.br\/cch\/biblioteca\/servicos\/","title":{"rendered":"Servi\u00e7os"},"content":{"rendered":"<p>A Biblioteca do CCH possui servi\u00e7os que ajudam no apoio ao ensino, pesquisa e extens\u00e3o da universidade. S\u00e3o eles:<\/p>\n<ul>\n<li><strong>Sistema de Empr\u00e9stimo<\/strong>: empr\u00e9stimo de livros e outros materiais;<\/li>\n<li><a href=\"https:\/\/biblioteca.sophia.com.br\/terminal\/9688\"><strong>Cat\u00e1logo online<\/strong><\/a>: para consulta ao <strong>acervo geral da biblioteca<\/strong> e acesso aos <strong>ebooks<\/strong>;<\/li>\n<li><strong>Levantamento bibliogr\u00e1fico<\/strong> para a pesquisa do docente e discente;<\/li>\n<li><strong>Ficha catalogr\u00e1fica<\/strong> para livros e outros materiais impressos ou digitais;<\/li>\n<li><strong>Orienta\u00e7\u00f5es \u00e0s normas da ABNT<\/strong> para material bibliogr\u00e1fico;<\/li>\n<li><strong>Comut<\/strong>: para acesso a artigos, peri\u00f3dicos, teses e disserta\u00e7\u00f5es, cap\u00edtulo de livros que n\u00e3o est\u00e3o dispon\u00edveis em formato digital no Brasil ou no exterior;<\/li>\n<li><strong>Espa\u00e7os para estudos em grupo e individual<\/strong><\/li>\n<li><strong>Uso de computadores, com acesso \u00e0 Internet<\/strong>, para trabalhos ou pesquisa;<\/li>\n<li><strong>Empr\u00e9stimo entre bibliotecas<\/strong>;<\/li>\n<li><strong>Exposi\u00e7\u00e3o<\/strong> no interior da Biblioteca;<\/li>\n<li><strong>Divulga\u00e7\u00e3o do acervo<\/strong> e avisos atrav\u00e9s do Facebook<\/li>\n<li><strong>Wifi<\/strong><\/li>\n<\/ul>\n","protected":false},"excerpt":{"rendered":"<p>A Biblioteca do CCH possui servi\u00e7os que ajudam no apoio ao ensino, pesquisa e extens\u00e3o da universidade. S\u00e3o eles: Sistema&#8230;<\/p>\n","protected":false},"author":4,"featured_media":0,"parent":0,"menu_order":10,"comment_status":"closed","ping_status":"open","template":"","meta":{"footnotes":""},"class_list":["post-32","page","type-page","status-publish","hentry"],"_links":{"self":[{"href":"https:\/\/uenf.br\/cch\/biblioteca\/wp-json\/wp\/v2\/pages\/32","targetHints":{"allow":["GET"]}}],"collection":[{"href":"https:\/\/uenf.br\/cch\/biblioteca\/wp-json\/wp\/v2\/pages"}],"about":[{"href":"https:\/\/uenf.br\/cch\/biblioteca\/wp-json\/wp\/v2\/types\/page"}],"author":[{"embeddable":true,"href":"https:\/\/uenf.br\/cch\/biblioteca\/wp-json\/wp\/v2\/users\/4"}],"replies":[{"embeddable":true,"href":"https:\/\/uenf.br\/cch\/biblioteca\/wp-json\/wp\/v2\/comments?post=32"}],"version-history":[{"count":0,"href":"https:\/\/uenf.br\/cch\/biblioteca\/wp-json\/wp\/v2\/pages\/32\/revisions"}],"wp:attachment":[{"href":"https:\/\/uenf.br\/cch\/biblioteca\/wp-json\/wp\/v2\/media?parent=32"}],"curies":[{"name":"wp","href":"https:\/\/api.w.org\/{rel}","templated":true}]}}