{"id":36,"date":"2012-07-18T16:04:02","date_gmt":"2012-07-18T19:04:02","guid":{"rendered":"http:\/\/uenf.br\/cch\/biblioteca\/?page_id=36"},"modified":"2026-03-30T17:08:57","modified_gmt":"2026-03-30T20:08:57","slug":"36-2","status":"publish","type":"page","link":"https:\/\/uenf.br\/cch\/biblioteca\/servicos\/36-2\/","title":{"rendered":"Sistema de empr\u00e9stimo"},"content":{"rendered":"<p><strong><a href=\"https:\/\/uenf.br\/cch\/biblioteca\/files\/2022\/04\/image4-scaled.jpeg\"><img loading=\"lazy\" decoding=\"async\" class=\"size-medium wp-image-222 alignleft\" src=\"https:\/\/uenf.br\/cch\/biblioteca\/files\/2022\/04\/image4-225x300.jpeg\" alt=\"Balcao de Atendimento\" width=\"225\" height=\"300\" srcset=\"https:\/\/uenf.br\/cch\/biblioteca\/files\/2022\/04\/image4-225x300.jpeg 225w, https:\/\/uenf.br\/cch\/biblioteca\/files\/2022\/04\/image4-768x1024.jpeg 768w, https:\/\/uenf.br\/cch\/biblioteca\/files\/2022\/04\/image4-1152x1536.jpeg 1152w, https:\/\/uenf.br\/cch\/biblioteca\/files\/2022\/04\/image4-1536x2048.jpeg 1536w, https:\/\/uenf.br\/cch\/biblioteca\/files\/2022\/04\/image4-scaled.jpeg 1920w\" sizes=\"auto, (max-width: 225px) 100vw, 225px\" \/><\/a>Inscri\u00e7\u00e3o<\/strong><\/p>\n<p>A Inscri\u00e7\u00e3o para obten\u00e7\u00e3o de empr\u00e9stimo domiciliar \u00e9 permitida para os membros do corpo docente, discente e funcion\u00e1rios da UENF, estagi\u00e1rios,\u00a0 bolsistas e alunos especiais, com comprova\u00e7\u00e3o de v\u00ednculo com a universidade e assinatura de Termo de Autoriza\u00e7\u00e3o quando for o caso.<\/p>\n<p><strong>Documentos<\/strong>: carteira de identidade; contra-cheque (funcion\u00e1rios e docentes), comprovante de matr\u00edcula (aluno) ou de v\u00ednculo com a universidade, termo de autoriza\u00e7\u00e3o assinada pelo chefe do setor, professor (no caso de estagi\u00e1rio, bolsistas e alunos especiais).<\/p>\n<p>&nbsp;<\/p>\n<p>&nbsp;<\/p>\n<p><strong>Empr\u00e9stimo Domiciliar<\/strong><\/p>\n<ul>\n<li>Cada <strong>usu\u00e1rio<\/strong> poder\u00e1 ter em seu poder, no m\u00e1ximo, <strong>5 volumes por 20 dias<\/strong><\/li>\n<li><strong>Corpo Docente:<\/strong> poder\u00e1 dispor de <strong>10 volumes por 30 dias<\/strong>.<br \/>\n<strong>O atraso na devolu\u00e7\u00e3o das obras implicar\u00e1 na suspens\u00e3o do direito do usu\u00e1rio<\/strong>. <strong>Para cada dia corrido de atraso ser\u00e1 computado 01 dia corrido de suspens\u00e3o<\/strong>.<\/li>\n<\/ul>\n<p><strong>Renova\u00e7\u00e3o<\/strong>:<br \/>\nA renova\u00e7\u00e3o do prazo de empr\u00e9stimo \u00e9 permitida, caso a obra n\u00e3o esteja reservada para outro usu\u00e1rio e pode ser feita no pr\u00f3prio site do cat\u00e1logo online ou no balc\u00e3o de atendimento da Biblioteca. A solicita\u00e7\u00e3o para renova\u00e7\u00e3o deve ser feita, no m\u00e1ximo, at\u00e9 a data da devolu\u00e7\u00e3o. As obras em atraso n\u00e3o podem ser renovadas. Caso o usu\u00e1rio tenha dificuldade em renovar pela Internet, no site do cat\u00e1logo online das bibliotecas, o mesmo dever\u00e1 entrar em contato com a biblioteca atrav\u00e9s do e-mail: <strong><a href=\"mailto:bibcch@uenf.br\">bibcch@uenf.br<\/a><\/strong>\u00a0ou pelo telefone: 22 27239-7225, para evitar suspens\u00e3o por atraso.<\/p>\n<p><strong>Reserva<\/strong>:<br \/>\nA reserva de obras \u00e9 feita para publica\u00e7\u00f5es que est\u00e3o emprestadas. A obra reservada ficar\u00e1 \u00e0 disposi\u00e7\u00e3o do usu\u00e1rio pelo prazo de 48 horas. Findo este prazo, a reserva ser\u00e1 anulada.<br \/>\nNo caso de reservas m\u00faltiplas para uma mesma publica\u00e7\u00e3o, ser\u00e1 obedecida a ordem cronol\u00f3gica de pedidos. A reserva poder\u00e1 tamb\u00e9m ser feita pela Internet.<\/p>\n<p><strong>Empr\u00e9stimo Especial<\/strong>:<br \/>\nO empr\u00e9stimo Especial \u00e9 concedido para materiais que n\u00e3o saem para empr\u00e9stimo domiciliar ou que possuem apenas um exemplar de consulta. O empr\u00e9stimo nos finais de semana s\u00f3 poder\u00e1 ser feito com uma hora antes do fechamento da Biblioteca e deve ser devolvido no pr\u00f3ximo dia \u00fatil at\u00e9 uma hora ap\u00f3s a abertura da mesma. Para os materiais que n\u00e3o podem ser retirados para empr\u00e9stimo domiciliar, o prazo da devolu\u00e7\u00e3o \u00e9 no mesmo dia do empr\u00e9stimo. O atraso na devolu\u00e7\u00e3o de Obras emprestadas atrav\u00e9s do Empr\u00e9stimo Especial implicar\u00e1 em suspens\u00e3o dobrada, ou seja, para cada dia de atraso, 2 dias de suspens\u00e3o.<\/p>\n<p><strong>Empr\u00e9stimo entre Bibliotecas<\/strong>:<br \/>\nO empr\u00e9stimo \u00e9 feito entre bibliotecas Cooperantes, ficando o material sob a responsabilidade das\/os institui\u00e7\u00f5es\/usu\u00e1rios.<\/p>\n<p>Toda publica\u00e7\u00e3o deve ser devolvida na data marcada a fim de atender melhor a todos.<br \/>\nMutila\u00e7\u00e3o ou perda do volume emprestado implicar\u00e1 na reposi\u00e7\u00e3o da obra.<\/p>\n","protected":false},"excerpt":{"rendered":"<p>Inscri\u00e7\u00e3o A Inscri\u00e7\u00e3o para obten\u00e7\u00e3o de empr\u00e9stimo domiciliar \u00e9 permitida para os membros do corpo docente, discente e funcion\u00e1rios da&#8230;<\/p>\n","protected":false},"author":4,"featured_media":0,"parent":32,"menu_order":12,"comment_status":"closed","ping_status":"open","template":"","meta":{"footnotes":""},"class_list":["post-36","page","type-page","status-publish","hentry"],"_links":{"self":[{"href":"https:\/\/uenf.br\/cch\/biblioteca\/wp-json\/wp\/v2\/pages\/36","targetHints":{"allow":["GET"]}}],"collection":[{"href":"https:\/\/uenf.br\/cch\/biblioteca\/wp-json\/wp\/v2\/pages"}],"about":[{"href":"https:\/\/uenf.br\/cch\/biblioteca\/wp-json\/wp\/v2\/types\/page"}],"author":[{"embeddable":true,"href":"https:\/\/uenf.br\/cch\/biblioteca\/wp-json\/wp\/v2\/users\/4"}],"replies":[{"embeddable":true,"href":"https:\/\/uenf.br\/cch\/biblioteca\/wp-json\/wp\/v2\/comments?post=36"}],"version-history":[{"count":0,"href":"https:\/\/uenf.br\/cch\/biblioteca\/wp-json\/wp\/v2\/pages\/36\/revisions"}],"up":[{"embeddable":true,"href":"https:\/\/uenf.br\/cch\/biblioteca\/wp-json\/wp\/v2\/pages\/32"}],"wp:attachment":[{"href":"https:\/\/uenf.br\/cch\/biblioteca\/wp-json\/wp\/v2\/media?parent=36"}],"curies":[{"name":"wp","href":"https:\/\/api.w.org\/{rel}","templated":true}]}}