{"id":42,"date":"2012-07-18T16:09:28","date_gmt":"2012-07-18T19:09:28","guid":{"rendered":"http:\/\/uenf.br\/cch\/biblioteca\/?page_id=42"},"modified":"2026-03-30T18:06:46","modified_gmt":"2026-03-30T21:06:46","slug":"httpwww-bibliotecas-uenf-brinformacgi-binbiblio-dllggeral","status":"publish","type":"page","link":"https:\/\/uenf.br\/cch\/biblioteca\/servicos\/httpwww-bibliotecas-uenf-brinformacgi-binbiblio-dllggeral\/","title":{"rendered":"Cat\u00e1logo online"},"content":{"rendered":"<p>O site do <a href=\"https:\/\/biblioteca.sophia.com.br\/terminal\/9688\"><strong>Cat\u00e1logo online<\/strong><\/a> (Terminal Sophia Web) <strong>permite a pesquisa do acervo de todas as bibliotecas dos centros da universidade<\/strong>: CCH, CBB, CCT, CCTA e Lenep, por todos os tipos de materiais: livros, ebooks, teses, disserta\u00e7\u00f5es, TCCs, peri\u00f3dicos, artigos de peri\u00f3dicos, obras raras, etc. No <strong><a href=\"https:\/\/biblioteca.sophia.com.br\/terminalri\/9688\/\">Reposit\u00f3rio Institucional da UENF<\/a><\/strong> s\u00e3o disponibilizados tamb\u00e9m TCCs, Teses, Disserta\u00e7\u00f5es, ebooks, etc, divulgando a produ\u00e7\u00e3o cient\u00edfica da UENF. Selecione <strong>Biblioteca do CCH<\/strong> para pesquisa somente no centro.<\/p>\n<ul>\n<li>No <a href=\"https:\/\/biblioteca.sophia.com.br\/terminal\/9688\"><strong>campo de busca &#8220;Todos os campos&#8221;<\/strong><\/a> \u00e9 poss\u00edvel fazer pesquisa digitando autor, t\u00edtulo, assunto e o resultado pode ser filtrado clicando no menu do lado esuerdo por tipo de material, autor, asunto, ano, etc.<\/li>\n<li>\u00c9 prefer\u00edvel fazer a <strong><a href=\"https:\/\/biblioteca.sophia.com.br\/terminal\/9688\">busca &#8220;Todos os campos&#8221;<\/a><\/strong>\u00a0para obter mais resultados e ainda pode combinar palavras referente ao autor, t\u00edtulo, resumo, assuntos, tipo, etc. Exemplo: Marx (sobrenome do autor) capital. <strong><a href=\"http:\/\/bibliotecas.uenf.br:8011\/informa\/cgi-bin\/biblio.dll\/book?g=geral&amp;bd=&amp;p=ESPECIFICA&amp;unide=&amp;t=\">Busca Avan\u00e7ada<\/a><\/strong>\u00a0resultado \u00e9 reduzido, pois ser\u00e1 muito espec\u00edfico.<\/li>\n<li><strong>Reserva online<\/strong>: No resultado das buscas geral ou espec\u00edfica, aparece sempre a quantide de exemplares e se o livro encontra-se dispon\u00edvel ou se est\u00e1 emprestado. A <strong>Reserva online<\/strong> \u00e9 feita <strong>ap\u00f3s login<\/strong>.<\/li>\n<li>No item <strong>Peri\u00f3dicos<\/strong>, ser\u00e3o encontrados as revistas, com visualiza\u00e7\u00e3o dos n\u00fameros dos fasc\u00edculos dispon\u00edveis. Caso o usu\u00e1rio procure por alguma artigo de revista que n\u00e3o temos, \u00e9 poss\u00edvel fazer uma busca no <a href=\"https:\/\/www-periodicos-capes-gov-br.ez81.periodicos.capes.gov.br\/index.php?\"><strong>Portal de Peri\u00f3dicos da Capes<\/strong><\/a>, para saber se disp\u00f5e de texto completo, ou, caso n\u00e3o tenha, solicitar atrav\u00e9s do <a href=\"https:\/\/uenf.br\/cch\/biblioteca\/servicos\/comut\/\"><strong>Comut<\/strong><\/a>. N\u00e3o \u00e9 permitido o empr\u00e9stimo domiciliar de peri\u00f3dicos.<\/li>\n<li><strong>Sugest\u00e3o<\/strong>: aceitamos sugest\u00f5es para compras de livros e pedimos que, ao solicitar, colocar no pr\u00f3prio texto que \u00e9 para o CCH.<\/li>\n<li><strong>Empr\u00e9stimo<\/strong>: Nesse link \u00e9 poss\u00edvel consultar os livros emprestados, ver a data de devolu\u00e7\u00e3o e renovar (at\u00e9 a data limite da devolu\u00e7\u00e3o). Caso tenham dificuldade em renovar online, envie email para bibcch@uenf.br.<\/li>\n<\/ul>\n<p>&nbsp;<\/p>\n","protected":false},"excerpt":{"rendered":"<p>O site do Cat\u00e1logo online (Terminal Sophia Web) permite a pesquisa do acervo de todas as bibliotecas dos centros da&#8230;<\/p>\n","protected":false},"author":4,"featured_media":0,"parent":32,"menu_order":13,"comment_status":"closed","ping_status":"open","template":"","meta":{"footnotes":""},"class_list":["post-42","page","type-page","status-publish","hentry"],"_links":{"self":[{"href":"https:\/\/uenf.br\/cch\/biblioteca\/wp-json\/wp\/v2\/pages\/42","targetHints":{"allow":["GET"]}}],"collection":[{"href":"https:\/\/uenf.br\/cch\/biblioteca\/wp-json\/wp\/v2\/pages"}],"about":[{"href":"https:\/\/uenf.br\/cch\/biblioteca\/wp-json\/wp\/v2\/types\/page"}],"author":[{"embeddable":true,"href":"https:\/\/uenf.br\/cch\/biblioteca\/wp-json\/wp\/v2\/users\/4"}],"replies":[{"embeddable":true,"href":"https:\/\/uenf.br\/cch\/biblioteca\/wp-json\/wp\/v2\/comments?post=42"}],"version-history":[{"count":0,"href":"https:\/\/uenf.br\/cch\/biblioteca\/wp-json\/wp\/v2\/pages\/42\/revisions"}],"up":[{"embeddable":true,"href":"https:\/\/uenf.br\/cch\/biblioteca\/wp-json\/wp\/v2\/pages\/32"}],"wp:attachment":[{"href":"https:\/\/uenf.br\/cch\/biblioteca\/wp-json\/wp\/v2\/media?parent=42"}],"curies":[{"name":"wp","href":"https:\/\/api.w.org\/{rel}","templated":true}]}}