{"id":51,"date":"2012-07-18T16:21:25","date_gmt":"2012-07-18T19:21:25","guid":{"rendered":"http:\/\/uenf.br\/cch\/biblioteca\/?page_id=51"},"modified":"2022-04-07T16:57:13","modified_gmt":"2022-04-07T19:57:13","slug":"acesso-a-internet","status":"publish","type":"page","link":"https:\/\/uenf.br\/cch\/biblioteca\/servicos\/acesso-a-internet\/","title":{"rendered":"Exposi\u00e7\u00e3o na Biblioteca do CCH"},"content":{"rendered":"<div id=\"materiaPrincipal\"><a href=\"https:\/\/uenf.br\/cch\/biblioteca\/files\/2022\/04\/image0-1-scaled.jpeg\"><img loading=\"lazy\" decoding=\"async\" class=\"alignleft wp-image-210 size-medium\" src=\"https:\/\/uenf.br\/cch\/biblioteca\/files\/2022\/04\/image0-1-225x300.jpeg\" alt=\"Exposi\u00e7\u00e3o e Arm\u00e1rios\" width=\"225\" height=\"300\" srcset=\"https:\/\/uenf.br\/cch\/biblioteca\/files\/2022\/04\/image0-1-225x300.jpeg 225w, https:\/\/uenf.br\/cch\/biblioteca\/files\/2022\/04\/image0-1-768x1024.jpeg 768w, https:\/\/uenf.br\/cch\/biblioteca\/files\/2022\/04\/image0-1-1152x1536.jpeg 1152w, https:\/\/uenf.br\/cch\/biblioteca\/files\/2022\/04\/image0-1-1536x2048.jpeg 1536w, https:\/\/uenf.br\/cch\/biblioteca\/files\/2022\/04\/image0-1-scaled.jpeg 1920w\" sizes=\"auto, (max-width: 225px) 100vw, 225px\" \/><\/a>Disponibilizamos um espa\u00e7o para exposi\u00e7\u00e3o no hall da Biblioteca, para que nossos usu\u00e1rios possam apreciar e conhecer trabalhos de diferentes autores. Atualmente temos uma exposi\u00e7\u00e3o do trabalho do Ronaldo J\u00fanior, Forma e Verso.<\/div>\n","protected":false},"excerpt":{"rendered":"<p>Disponibilizamos um espa\u00e7o para exposi\u00e7\u00e3o no hall da Biblioteca, para que nossos usu\u00e1rios possam apreciar e conhecer trabalhos de diferentes&#8230;<\/p>\n","protected":false},"author":4,"featured_media":0,"parent":32,"menu_order":15,"comment_status":"closed","ping_status":"open","template":"","meta":{"footnotes":""},"class_list":["post-51","page","type-page","status-publish","hentry"],"_links":{"self":[{"href":"https:\/\/uenf.br\/cch\/biblioteca\/wp-json\/wp\/v2\/pages\/51","targetHints":{"allow":["GET"]}}],"collection":[{"href":"https:\/\/uenf.br\/cch\/biblioteca\/wp-json\/wp\/v2\/pages"}],"about":[{"href":"https:\/\/uenf.br\/cch\/biblioteca\/wp-json\/wp\/v2\/types\/page"}],"author":[{"embeddable":true,"href":"https:\/\/uenf.br\/cch\/biblioteca\/wp-json\/wp\/v2\/users\/4"}],"replies":[{"embeddable":true,"href":"https:\/\/uenf.br\/cch\/biblioteca\/wp-json\/wp\/v2\/comments?post=51"}],"version-history":[{"count":0,"href":"https:\/\/uenf.br\/cch\/biblioteca\/wp-json\/wp\/v2\/pages\/51\/revisions"}],"up":[{"embeddable":true,"href":"https:\/\/uenf.br\/cch\/biblioteca\/wp-json\/wp\/v2\/pages\/32"}],"wp:attachment":[{"href":"https:\/\/uenf.br\/cch\/biblioteca\/wp-json\/wp\/v2\/media?parent=51"}],"curies":[{"name":"wp","href":"https:\/\/api.w.org\/{rel}","templated":true}]}}