{"id":55,"date":"2012-07-18T16:26:24","date_gmt":"2012-07-18T19:26:24","guid":{"rendered":"http:\/\/uenf.br\/cch\/biblioteca\/?page_id=55"},"modified":"2026-03-30T17:01:08","modified_gmt":"2026-03-30T20:01:08","slug":"comut","status":"publish","type":"page","link":"https:\/\/uenf.br\/cch\/biblioteca\/servicos\/comut\/","title":{"rendered":"Comut e Levantamento Bibliogr\u00e1fico"},"content":{"rendered":"<p><strong>Comut<\/strong><\/p>\n<p>O <a href=\"http:\/\/comut.ibict.br\/comut\/do\/index?op=filtroForm\">Comut\u00a0<\/a>&#8211; Programa de Comuta\u00e7\u00e3o Bibliogr\u00e1fica, desenvolvido pelo <a href=\"https:\/\/www.gov.br\/ibict\/pt-br\">IBICT<\/a> (Instituto Brasileiro de Informa\u00e7\u00e3o em Ci\u00eancia e Tecnologia, do CNPq) &#8211; permite acesso \u00e0s c\u00f3pias de artigos de peri\u00f3dicos nacionais e estrangeiros, teses, anais e cap\u00edtulos de livros que n\u00e3o est\u00e3o dispon\u00edveis nas bibliotecas mais pr\u00f3xima do usu\u00e1rio. Orientamos que, antes de fazer um pedido pelo Comut, fa\u00e7a uma pesquisa no <a href=\"https:\/\/www-periodicos-capes-gov-br.ez81.periodicos.capes.gov.br\/index.php?\">Portal de Peri\u00f3dicos da Capes<\/a> para saber se o portal disponibiliza o artigo de peri\u00f3dico que procura. O usu\u00e1rio poder\u00e1 fazer o pedido atrav\u00e9s da biblioteca ou de sua casa. Informa\u00e7\u00f5es adicionais podem ser obtidas com o(a) bibliotec\u00e1rio(a) ou no pr\u00f3prio site do Comut.<\/p>\n<p align=\"justify\"><strong>Levantamento Bibliogr\u00e1fico<\/strong><\/p>\n<p align=\"justify\">S\u00e3o oferecidos servi\u00e7os de levantamento bibliogr\u00e1fico, de acordo com a pesquisa do usu\u00e1rio, para docentes e estudantes da p\u00f3s-gradua\u00e7\u00e3o. S\u00e3o listas bibliogr\u00e1ficas ou material em pdf.<\/p>\n","protected":false},"excerpt":{"rendered":"<p>Comut O Comut\u00a0&#8211; Programa de Comuta\u00e7\u00e3o Bibliogr\u00e1fica, desenvolvido pelo IBICT (Instituto Brasileiro de Informa\u00e7\u00e3o em Ci\u00eancia e Tecnologia, do CNPq)&#8230;<\/p>\n","protected":false},"author":4,"featured_media":0,"parent":32,"menu_order":16,"comment_status":"closed","ping_status":"open","template":"","meta":{"footnotes":""},"class_list":["post-55","page","type-page","status-publish","hentry"],"_links":{"self":[{"href":"https:\/\/uenf.br\/cch\/biblioteca\/wp-json\/wp\/v2\/pages\/55","targetHints":{"allow":["GET"]}}],"collection":[{"href":"https:\/\/uenf.br\/cch\/biblioteca\/wp-json\/wp\/v2\/pages"}],"about":[{"href":"https:\/\/uenf.br\/cch\/biblioteca\/wp-json\/wp\/v2\/types\/page"}],"author":[{"embeddable":true,"href":"https:\/\/uenf.br\/cch\/biblioteca\/wp-json\/wp\/v2\/users\/4"}],"replies":[{"embeddable":true,"href":"https:\/\/uenf.br\/cch\/biblioteca\/wp-json\/wp\/v2\/comments?post=55"}],"version-history":[{"count":0,"href":"https:\/\/uenf.br\/cch\/biblioteca\/wp-json\/wp\/v2\/pages\/55\/revisions"}],"up":[{"embeddable":true,"href":"https:\/\/uenf.br\/cch\/biblioteca\/wp-json\/wp\/v2\/pages\/32"}],"wp:attachment":[{"href":"https:\/\/uenf.br\/cch\/biblioteca\/wp-json\/wp\/v2\/media?parent=55"}],"curies":[{"name":"wp","href":"https:\/\/api.w.org\/{rel}","templated":true}]}}