{"id":61,"date":"2012-07-18T16:33:10","date_gmt":"2012-07-18T19:33:10","guid":{"rendered":"http:\/\/uenf.br\/cch\/biblioteca\/?page_id=61"},"modified":"2022-04-07T17:17:50","modified_gmt":"2022-04-07T20:17:50","slug":"ficha-catalografica","status":"publish","type":"page","link":"https:\/\/uenf.br\/cch\/biblioteca\/servicos\/ficha-catalografica\/","title":{"rendered":"Ficha catalogr\u00e1fica"},"content":{"rendered":"<p>A Biblioteca do CCH elabora fichas catalogr\u00e1ficas de livros e outros materiais publicados pela EdUENF ou solicitadas pelo autor, vinculado \u00e0 universidade. \u00c9 necess\u00e1rio o ISBN e o <a href=\"https:\/\/uenf.br\/cch\/biblioteca\/files\/2022\/04\/Solicitacao-de-Ficha-para-outros-materiais-1.doc\">Requerimento de Ficha Catalogr\u00e1fica para outros materiais<\/a>, anexando folha de rosto, cr\u00e9ditos, pref\u00e1cio e sum\u00e1rio. Esse servi\u00e7o \u00e9 feito online, atrav\u00e9s do email: bibcch@uenf.br.<\/p>\n<p>O servi\u00e7o de elabora\u00e7\u00e3o de ficha catalogr\u00e1fica de teses e disserta\u00e7\u00f5es \u00e9 feito pelo pr\u00f3prio autor do trabalho, diretamente no <a href=\"https:\/\/academico.uenf.br\/usuarios\/sign_in\" target=\"_blank\" rel=\"noopener\">Sistema Acad\u00eamico<\/a> adaptado pela Universidade, usando o c\u00f3digo fonte fornecido pelo ICMC\/USP. Caso haja algum impedimento, \u00e9 preciso enviar email para bibcch@uenf.br, com <a href=\"https:\/\/uenf.br\/cch\/biblioteca\/files\/2022\/04\/Ficha-de-tese-e-dissertacao-1.doc\">Requerimento de Ficha Catalogr\u00e1fica de Teses e Disserta\u00e7\u00f5es<\/a> preenchido, anexando c\u00f3pia da folha de rosto, resumo e sum\u00e1rio.<\/p>\n<p>Passos para elabora\u00e7\u00e3o da Ficha Catalogr\u00e1fica online:<\/p>\n<ol>\n<li>Efetuar login no Sistema Acad\u00eamico;<\/li>\n<li>Acessar <strong>Cadastro\/Meus Dados;<\/strong><\/li>\n<li><strong>Defesa de Tese;<\/strong><\/li>\n<li>Clicar em <strong>Ver;<\/strong><\/li>\n<li><strong>ALTERAR<\/strong> dados da Ficha<\/li>\n<li>Conferir o nome do autor e t\u00edtulo, alterar, caso seja necess\u00e1rio<\/li>\n<li>Preencher os dados da pagina\u00e7\u00e3o e palavras-chave (evitar artigos e preposi\u00e7\u00f5es).<\/li>\n<\/ol>\n<p>Obs: As altera\u00e7\u00f5es poder\u00e3o ser feitas quantas vezes for necess\u00e1ria<b>.\u00a0\u00a0<\/b><\/p>\n<p>Ap\u00f3s esses passos, imprimir a ficha catalogr\u00e1fica atr\u00e1s da Folha de Rosto. Na vers\u00e3o digital, colocar logo ap\u00f3s a Folha de Rosto.<\/p>\n<p>Em caso de d\u00favidas, envie e-mail para: <strong>bibcch@uenf.br<\/strong>.<\/p>\n<p>&nbsp;<\/p>\n","protected":false},"excerpt":{"rendered":"<p>A Biblioteca do CCH elabora fichas catalogr\u00e1ficas de livros e outros materiais publicados pela EdUENF ou solicitadas pelo autor, vinculado&#8230;<\/p>\n","protected":false},"author":4,"featured_media":0,"parent":32,"menu_order":17,"comment_status":"closed","ping_status":"open","template":"","meta":{"footnotes":""},"class_list":["post-61","page","type-page","status-publish","hentry"],"_links":{"self":[{"href":"https:\/\/uenf.br\/cch\/biblioteca\/wp-json\/wp\/v2\/pages\/61","targetHints":{"allow":["GET"]}}],"collection":[{"href":"https:\/\/uenf.br\/cch\/biblioteca\/wp-json\/wp\/v2\/pages"}],"about":[{"href":"https:\/\/uenf.br\/cch\/biblioteca\/wp-json\/wp\/v2\/types\/page"}],"author":[{"embeddable":true,"href":"https:\/\/uenf.br\/cch\/biblioteca\/wp-json\/wp\/v2\/users\/4"}],"replies":[{"embeddable":true,"href":"https:\/\/uenf.br\/cch\/biblioteca\/wp-json\/wp\/v2\/comments?post=61"}],"version-history":[{"count":0,"href":"https:\/\/uenf.br\/cch\/biblioteca\/wp-json\/wp\/v2\/pages\/61\/revisions"}],"up":[{"embeddable":true,"href":"https:\/\/uenf.br\/cch\/biblioteca\/wp-json\/wp\/v2\/pages\/32"}],"wp:attachment":[{"href":"https:\/\/uenf.br\/cch\/biblioteca\/wp-json\/wp\/v2\/media?parent=61"}],"curies":[{"name":"wp","href":"https:\/\/api.w.org\/{rel}","templated":true}]}}